{"id":356,"date":"2024-02-08T10:24:48","date_gmt":"2024-02-08T10:24:48","guid":{"rendered":"https:\/\/vamosbet18.com\/vamosbet\/"},"modified":"2024-05-02T11:13:15","modified_gmt":"2024-05-02T10:13:15","slug":"vamosbet","status":"publish","type":"page","link":"https:\/\/vamosbet18.com\/de\/","title":{"rendered":"Vamosbet"},"content":{"rendered":"\r\n<figure class=\"wp-block-image alignfull size-large is-resized main-image\"><a href=\"https:\/\/sybar.pro\/MbCLhL73?sub_id_2=vamosbet18.com&amp;sub_id_3={sub3}&amp;sub_id_4={sub4}&amp;sub_id_5={sub5}\"><img decoding=\"async\" class=\"alignnone  wp-image-950\" style=\"width: 100%;\" src=\"https:\/\/vamosbet18.com\/wp-content\/uploads\/2023\/11\/6-e1701945798763.jpg\" alt=\"\" height=\"322\" \/><\/a><\/figure>\r\n\r\n\r\n\r\n<figure class=\"wp-block-image alignfull size-large is-resized main-image-mobile\"><a href=\"https:\/\/sybar.pro\/MbCLhL73?sub_id_2=vamosbet18.com&amp;sub_id_3={sub3}&amp;sub_id_4={sub4}&amp;sub_id_5={sub5}\"><img decoding=\"async\" class=\"alignnone size-full wp-image-138\" src=\"https:\/\/vamosbet18.com\/wp-content\/uploads\/2024\/03\/mob1.2.jpg\" alt=\"\" \/><\/a><\/figure>\r\n\r\n<section style=\"margin: auto; max-width: 1200px; padding-left: 10px; padding-right: 10px;\">\r\n<section class=\"wp-block-group is-layout-constrained wp-block-group-is-layout-constrained\">\r\n<h1 id=\"vamosbets-sports-ethiopia-s-choice-for-online-betting\"><strong>Vamosbets Sport: Deutschlands erste Wahl f\u00fcr Online-Wetten<\/strong><\/h1>\r\n<section class=\"wp-block-group\"><\/section>\r\nTauchen Sie ein in die lebendige Welt von Vamosbets Sports, wo der Nervenkitzel des Spiels auf den Puls der leidenschaftlichen Wettgemeinde in Deutschland trifft. Stellen Sie sich eine Arena vor, in der jeder Schlag, jeder Sprint und jeder Treffer eine Chance auf den Sieg ist; ein abstraktes Bild f\u00e4ngt diese Essenz ein. Ein abstraktes Bild f\u00e4ngt diese Essenz ein. Das Stadion ist lebendig mit einem Kaleidoskop von Farben, wobei jeder Farbton in den n\u00e4chsten \u00fcbergeht und die Fluidit\u00e4t und Leidenschaft von Sportwetten symbolisiert. Die Atmosph\u00e4re ist elektrisierend, eine visuelle Symphonie, die die Aufregung der Live-Action widerspiegelt und die Wettenden dazu inspiriert, am Spektakel des Wettbewerbs teilzunehmen. \r\n<p>Bei Vamosbets Sports sind Sie nicht nur ein Zuschauer, sondern ein Stratege, ein Vision\u00e4r, der an einem Wettstreit des Verstandes und des Willens teilnimmt. Vom pulsierenden Herzen \u00c4thiopiens aus bietet Vamosbets eine F\u00fclle von Sportarten an, jede mit wettbewerbsf\u00e4higen Quoten, die sowohl den erfahrenen Wettenden als auch den begeisterten Neuling ansprechen. Live-Wettm\u00f6glichkeiten gibt es im \u00dcberfluss, die Sie dazu einladen, Entscheidungen in Echtzeit zu treffen, die Ihre Gewinne steigern k\u00f6nnen, w\u00e4hrend sich die Action entfaltet. Jeder Pass, jedes Spiel und jeder Punkt bietet die Chance, in der gro\u00dfen Arena von Vamosbets Sports als Sieger hervorzugehen.<\/p>\r\n<\/section>\r\n\r\n<section class=\"wp-block-group is-layout-constrained wp-block-group-is-layout-constrained\">\r\n<section class=\"wp-block-columns is-layout-flex wp-container-4 wp-block-columns-is-layout-flex\">\r\n<section class=\"wp-block-column is-layout-flow wp-block-column-is-layout-flow\" style=\"flex-basis: 33.33%; text-align: center;\">\r\n<figure class=\"wp-block-image size-full\"><a href=\"https:\/\/sybar.pro\/MbCLhL73?sub_id_2=vamosbet18.com&amp;sub_id_3={sub3}&amp;sub_id_4={sub4}&amp;sub_id_5={sub5}\"><img decoding=\"async\" loading=\"lazy\" class=\"wp-image-53 aligncenter\" src=\"https:\/\/vamosbet18.com\/wp-content\/uploads\/2023\/11\/Vamos-12.png\" alt=\"\" width=\"366\" height=\"500\" \/><\/a><\/figure>\r\n<figure class=\"wp-block-image size-full\"><\/figure>\r\n<\/section>\r\n\r\n\r\n\r\n<section class=\"wp-block-column is-layout-flow wp-block-column-is-layout-flow\" style=\"flex-basis: 66.66%;\">Treten Sie ein in die Welt, in der Vorfreude auf Action trifft, in der jede platzierte Wette ein Beweis f\u00fcr den Glauben an das eigene Urteilsverm\u00f6gen und die Liebe zum Spiel ist. Engagieren Sie sich auf einer Plattform, die als Leuchtturm f\u00fcr Wettende in ganz Deutschland steht, ein Bereich, in dem die Aufregung des Sports und die Kunst des Wettens zu einer Erfahrung verschmelzen, die ebenso fesselnd wie lohnend ist. Bei Vamosbets Sports geht es nicht nur ums Gewinnen; es geht darum, Teil eines Erbes von Nervenkitzel-Suchern zu sein, die sich an der Jagd nach dem Sieg erfreuen.\r\n<h2 class=\"wp-block-heading\" id=\"vamos-bet-ethiopia\"><strong>Vamos Bet Europe<\/strong><\/h2>\r\nVamos Bet Germany ist ein Beweis f\u00fcr die aufkeimende Affinit\u00e4t des Landes zu Sportwetten. Mit einer Pr\u00e4senz, die sich sowohl auf den digitalen Bereich als auch auf die belebten Stra\u00dfen mit \u00fcber 200 Einzelhandelsstandorten erstreckt, ist diese Plattform eng mit der deutschen Sportkultur verwoben. Die Angebote sind auf die lokalen Spieler zugeschnitten und spiegeln deren Vorlieben und Leidenschaften wider. Hier ein kleiner Einblick in die Funktionen, die Vamos Bet in Deutschland zu einem Begriff machen:\r\n<ul>\r\n<li>Eine breite Palette von \u00fcber 29 weltweit anerkannten Sportarten, darunter Fan-Favoriten wie Fu\u00dfball, Basketball und Tennis.<\/li>\r\n<li>Der Schwerpunkt liegt auf dem Fu\u00dfball und zeigt die gro\u00dfen Ligen und Turniere, die die nationale Begeisterung wecken, wie die Champions League und die englische Premier League.<\/li>\r\n<li>Live-Wetten, die eine Dosis Adrenalin in das Sporterlebnis einbringen und es den Wettenden erm\u00f6glichen, sich auf das Spiel einzulassen, w\u00e4hrend es stattfindet.<\/li>\r\n<li>Eine umfassende Auswahl an virtuellen Sportwetten f\u00fcr alle, die konstante Action und schnelle Ergebnisse suchen.<\/li>\r\n<li>Ein nahtloser Registrierungsprozess, der neue Benutzer dazu einl\u00e4dt, der Vamos Bet-Community mit Leichtigkeit beizutreten, um sicherzustellen, dass sie schnell mit dem Wetten beginnen k\u00f6nnen.<\/li>\r\n<\/ul>\r\n<\/section>\r\n<\/section>\r\n<\/section>\r\n\r\n<p>Die Verschmelzung dieser Funktionen mit der lokalen Sportszene festigt die Position von Vamos Bet als f\u00fchrende Wettplattform in \u00c4thiopien, die mit der Liebe zum Spiel und dem Siegesdurst der Spieler harmoniert.<\/p>\r\n\r\n<section class=\"wp-block-buttons is-content-justification-center is-layout-flex wp-container-6 wp-block-buttons-is-layout-flex\">\r\n\r\n\r\n<section class=\"wp-block-button button_2\"><a class=\"wp-block-button__link has-white-color has-text-color wp-element-button\" href=\"https:\/\/sybar.pro\/MbCLhL73?sub_id_2=vamosbet18.com&amp;sub_id_3={sub3}&amp;sub_id_4={sub4}&amp;sub_id_5={sub5}\" rel=\"nofollow\">PLAY<\/a><\/section>\r\n<\/section>\r\n\r\n\r\n\r\n<section class=\"wp-block-group is-layout-constrained wp-block-group-is-layout-constrained\">\r\n<h2 class=\"wp-block-heading\" id=\"vamos-bet-rules\"><strong>Vamos Wettregeln<\/strong><\/h2>\r\n<p>Vamos Bet kennt den Puls der deutschen Sportfans und hat ein Wettangebot entwickelt, das auf ihre unterschiedlichen Vorlieben eingeht. Mit \u00fcber 29 Sportarten zur Auswahl stellt die Plattform sicher, dass jedes Spiel von einer Vielzahl von Wettoptionen begleitet wird, die von Standard-Match-Gewinnern bis hin zu komplizierten Prop-Wetten reichen, die den Scharfsinn des Wetters testen. Live-Wetten, eine Funktion, die die Spannung auf die Spitze treibt, funktionieren nach klaren Regeln, die f\u00fcr Transparenz und Fairness sorgen. Die Quoten schwanken in Echtzeit und spiegeln die Live-Action wider, und die Wettenden werden ermutigt, blitzschnelle Entscheidungen zu treffen, die die Intensit\u00e4t der Sportarten widerspiegeln, die sie lieben. Diese Regeln sind nicht nur Richtlinien, sondern die Essenz des Engagements von Vamos Bet f\u00fcr ein faires Wettumfeld, in dem jedes Mitglied die gleiche Chance hat, Strategien zu entwickeln, Wetten abzuschlie\u00dfen und m\u00f6glicherweise die Fr\u00fcchte seines scharfen Sportverst\u00e4ndnisses zu ernten.<\/p>\r\n<h2 id=\"vamos-bet-live\"><strong>Vamos Bet live<\/strong><\/h2>\r\n<p>W\u00e4hrend sich das Spiel entfaltet, hallt der Puls der Live-Action durch die Live-Wetten-Funktion von Vamos Bet. Hier schl\u00e4gt das Herz des Sports am lautesten, denn jeder Pass, jeder Schuss und jedes Tor hallt in den sich st\u00e4ndig \u00e4ndernden Quoten wider, die den geistesgegenw\u00e4rtigen Wettenden zuwinken. Das Adrenalin ist sp\u00fcrbar, denn die Echtzeit-Statistiken und -Updates flie\u00dfen nahtlos in die Wetten ein und erm\u00f6glichen ein Wett-Erlebnis, das so dynamisch ist wie die Sportarten selbst. Es ist eine Symphonie aus Vorfreude und Strategie, bei der jeder Wettende zum Maestro seines Gl\u00fccks wird und seine Wetten mit Pr\u00e4zision orchestriert, w\u00e4hrend das Spiel weitergeht. Vamos Bet ist ein Musterbeispiel f\u00fcr Zuverl\u00e4ssigkeit. Schnelle und sichere Transaktionen sorgen daf\u00fcr, dass Sie sich ungest\u00f6rt auf das jeweilige Spiel konzentrieren k\u00f6nnen. Hier sind Live-Wetten nicht nur eine Option &#8211; sie sind der Inbegriff der Immersion, ein wahrer Beweis f\u00fcr das Vertrauen und die Exzellenz, die Vamos Bet f\u00fcr jedes seiner Mitglieder aufrechterh\u00e4lt.<\/p>\r\n\r\n<div class=\"wp-block-columns is-layout-flex wp-container-9 wp-block-columns-is-layout-flex\">\r\n<div class=\"wp-block-column is-layout-flow wp-block-column-is-layout-flow\" style=\"flex-basis: 66%;\">\r\n<h2 id=\"registration-on-vamos-bet\"><strong>Anmeldung bei Vamos Bet<\/strong><\/h2>\r\n<p>Es ist ein Kinderspiel, Mitglied bei Vamos Bet zu werden. Der Prozess ist so einfach wie 1-2-3 und stellt sicher, dass Sie ohne Verz\u00f6gerung in die aufregende Welt der Sportwetten eintauchen k\u00f6nnen:<\/p>\r\n<ol>\r\n<li>Gehen Sie auf die Website von Vamos Bet und klicken Sie auf die vibrierende Schaltfl\u00e4che &#8222;Registrieren&#8220;, ein Leuchtfeuer, das alle Sportbegeisterten aufruft.<\/li>\r\n<li>Es erscheint ein Formular, in das Sie wichtige Daten wie Ihre Handynummer und Ihr Geburtsdatum eingeben m\u00fcssen, um Ihre einzigartige Identit\u00e4t innerhalb der Vamos Bet-Community zu erstellen.<\/li>\r\n<li>Entscheiden Sie sich f\u00fcr die Eingabe eines Promotionscodes, der Ihnen Zugang zu m\u00f6glichen Boni und Pr\u00e4mien verschafft, obwohl dieser Schritt nur eine Option ist.<\/li>\r\n<li>Entwerfen Sie ein stabiles Passwort, Ihren pers\u00f6nlichen Schl\u00fcssel zum Tresor der Wettm\u00f6glichkeiten, die auf Sie warten.<\/li>\r\n<li>\u00dcberpr\u00fcfen Sie Ihre Menschlichkeit, indem Sie ein einfaches Captcha l\u00f6sen, ein kleiner Schritt f\u00fcr den Menschen, ein gro\u00dfer Sprung f\u00fcr Ihre Wettreise.<\/li>\r\n<li>Besiegeln Sie das Gesch\u00e4ft, indem Sie den Bedingungen zustimmen. Damit ist eine neue Allianz zwischen Ihnen und Vamos Bet geboren.<\/li>\r\n<li>Klicken Sie triumphierend auf &#8222;Best\u00e4tigen&#8220; und beobachten Sie, wie Ihr Konto zum Leben erwacht und Sie in einer neuen \u00c4ra der Sportwetten willkommen hei\u00dft.<\/li>\r\n<\/ol>\r\n<p>Rest assured that the registration vault is equipped with the highest security measures to ensure that your personal symphony of sports betting is composed in a safe environment.<\/p>\r\n<\/div>\r\n\r\n\r\n\r\n<div class=\"wp-block-column is-layout-flow wp-block-column-is-layout-flow\" style=\"flex-basis: 34%;\">\r\n<figure class=\"wp-block-image aligncenter size-full is-resized\"><img decoding=\"async\" class=\"wp-image-76 aligncenter\" src=\"https:\/\/vamosbet18.com\/wp-content\/uploads\/2023\/11\/Vamos-7.png\" alt=\"\" \/><\/figure>\r\n<\/div>\r\n<\/div>\r\n\r\n\r\n\r\n<section class=\"wp-block-buttons is-content-justification-center is-layout-flex wp-container-10 wp-block-buttons-is-layout-flex\">\r\n\r\n\r\n<section class=\"wp-block-button button_2\"><a class=\"wp-block-button__link has-white-color has-text-color wp-element-button\" href=\"https:\/\/sybar.pro\/MbCLhL73?sub_id_2=vamosbet18.com&amp;sub_id_3={sub3}&amp;sub_id_4={sub4}&amp;sub_id_5={sub5}\" rel=\"nofollow\">PLAY<\/a><\/section>\r\n<\/section>\r\n\r\n\r\n\r\n<section class=\"wp-block-buttons\">\r\n<section class=\"wp-block-button button_2\">\r\n<h2 class=\"wp-block-heading\" id=\"vamos-bet-payment-systems\"><strong>Vamos Bet Zahlungssysteme<\/strong><\/h2>\r\nDas Eintauchen in das Vamos Bet-Universum wird durch eine Reihe von Zahlungssystemen, die speziell f\u00fcr deutsche Kunden entwickelt wurden, noch einfacher. Die Finanzkan\u00e4le der Plattform entsprechen den lokalen Vorlieben und bieten sofortige Einzahlungsm\u00f6glichkeiten wie M-birr und Telebirr sowie konventionelle Bankgesch\u00e4fte \u00fcber CBE. Die Verschmelzung von traditionellen und mobilen Geldoptionen stellt sicher, dass die Einzahlung auf Ihr Konto eine nahtlose Transaktion ist, frei von den Fesseln der Unbequemlichkeit. Mit nur wenigen Fingertipps f\u00fcllt sich Ihr Konto und ist bereit f\u00fcr die n\u00e4chste aufregende Wette. Die Orchestrierung dieser Zahlungsmethoden harmoniert mit dem Rhythmus der \u00e4thiopischen Wettbegeisterten und unterstreicht das Engagement von Vamos Bet, ein ungehindertes Wetten zu erm\u00f6glichen.\r\n<p style=\"text-align: center;\"><img decoding=\"async\" loading=\"lazy\" width=\"1571\" height=\"325\" class=\"alignnone size-medium wp-image-124\" src=\"https:\/\/vamosbet18.com\/wp-content\/uploads\/2023\/11\/Vamos-1.png\" alt=\"\" srcset=\"https:\/\/vamosbet18.com\/wp-content\/uploads\/2023\/11\/Vamos-1.png 1571w, https:\/\/vamosbet18.com\/wp-content\/uploads\/2023\/11\/Vamos-1-300x62.png 300w, https:\/\/vamosbet18.com\/wp-content\/uploads\/2023\/11\/Vamos-1-1024x212.png 1024w, https:\/\/vamosbet18.com\/wp-content\/uploads\/2023\/11\/Vamos-1-768x159.png 768w, https:\/\/vamosbet18.com\/wp-content\/uploads\/2023\/11\/Vamos-1-1536x318.png 1536w\" sizes=\"(max-width: 1571px) 100vw, 1571px\" \/><\/p>\r\n<\/section>\r\n<\/section>\r\n<\/section>\r\n\r\n\r\n\r\n<section class=\"wp-block-buttons is-content-justification-center is-layout-flex wp-container-12 wp-block-buttons-is-layout-flex\">\r\n\r\n\r\n<section class=\"wp-block-button button_2\"><a class=\"wp-block-button__link has-white-color has-text-color wp-element-button\" href=\"https:\/\/sybar.pro\/MbCLhL73?sub_id_2=vamosbet18.com&amp;sub_id_3={sub3}&amp;sub_id_4={sub4}&amp;sub_id_5={sub5}\" rel=\"nofollow\">PLAY<\/a><\/section>\r\n<\/section>\r\n\r\n\r\n\r\n<section class=\"wp-block-group is-layout-constrained wp-block-group-is-layout-constrained\">\r\n<h2 class=\"wp-block-heading\" id=\"withdrawal-of-funds-from-vamos-bet\"><strong>Abhebung von Geldern von Vamos Bet<\/strong><\/h2>\r\nDie Auszahlung bei Vamos Bet war ein Kinderspiel! Ich habe meine Gewinne sofort und ohne Probleme erhalten. Der Service ist wirklich zuverl\u00e4ssig&#8220;, sagt ein zufriedener Wettender und bringt damit die Einfachheit des Auszahlungsprozesses auf den Punkt. Auszahlungen gl\u00e4nzen bei Vamos Bet mit der gleichen Einfachheit und Sicherheit wie ihr Einzahlungssystem. Egal, ob Sie bei einer gl\u00fccklichen Wette auf Gold gesto\u00dfen sind oder systematisch Gewinne angeh\u00e4uft haben, der Zugriff auf Ihr Geld ist unkompliziert. Mehrere Auszahlungskan\u00e4le, darunter die allgegenw\u00e4rtigen mobilen Gelddienste, sorgen daf\u00fcr, dass Sie Ihre Gewinne ohne Verz\u00f6gerung auf Ihr bevorzugtes Konto \u00fcberweisen k\u00f6nnen. Das Engagement der Plattform f\u00fcr schnelle Transaktionen bedeutet, dass Sie die Fr\u00fcchte Ihrer Wettk\u00fcnste mit minimaler Wartezeit genie\u00dfen k\u00f6nnen, was Vamos Bet an die Spitze der benutzerfreundlichen Wetten in \u00c4thiopien katapultiert. <\/section>\r\n<\/section>","protected":false},"excerpt":{"rendered":"<p>Vamosbets Sport: Deutschlands erste Wahl f\u00fcr Online-Wetten Bei Vamosbets Sports sind Sie nicht nur ein Zuschauer, sondern ein Stratege, ein Vision\u00e4r, der an einem Wettstreit des Verstandes und des Willens teilnimmt. Vom pulsierenden Herzen \u00c4thiopiens aus bietet Vamosbets eine F\u00fclle von Sportarten an, jede mit wettbewerbsf\u00e4higen Quoten, die sowohl den erfahrenen Wettenden als auch den [&hellip;]<\/p>\n","protected":false},"author":1,"featured_media":0,"parent":0,"menu_order":0,"comment_status":"closed","ping_status":"closed","template":"","meta":{"_uag_custom_page_level_css":"","footnotes":""},"yoast_head":"<!-- This site is optimized with the Yoast SEO plugin v22.6 - https:\/\/yoast.com\/wordpress\/plugins\/seo\/ -->\n<title>Vamosbet Sports: Wetten aus Deutschland platzieren<\/title>\n<meta name=\"description\" content=\"Entdecken Sie unglaubliche Wettm\u00f6glichkeiten mit Vamosbets Sports in Deutschland. Genie\u00dfen Sie eine Vielzahl von Sportarten.\" \/>\n<meta name=\"robots\" content=\"index, follow, max-snippet:-1, max-image-preview:large, max-video-preview:-1\" \/>\n<link rel=\"canonical\" href=\"https:\/\/vamosbet18.com\/de\/\" \/>\n<meta property=\"og:locale\" content=\"de_DE\" \/>\n<meta property=\"og:type\" content=\"article\" \/>\n<meta property=\"og:title\" content=\"Vamosbet Sports: Wetten aus Deutschland platzieren\" \/>\n<meta property=\"og:description\" content=\"Entdecken Sie unglaubliche Wettm\u00f6glichkeiten mit Vamosbets Sports in Deutschland. Genie\u00dfen Sie eine Vielzahl von Sportarten.\" \/>\n<meta property=\"og:url\" content=\"https:\/\/vamosbet18.com\/de\/\" \/>\n<meta property=\"og:site_name\" content=\"vamosbet18.com\" \/>\n<meta property=\"article:modified_time\" content=\"2024-05-02T10:13:15+00:00\" \/>\n<meta property=\"og:image\" content=\"https:\/\/vamosbet18.com\/wp-content\/uploads\/2023\/11\/6-e1701945798763.jpg\" \/>\n<meta name=\"twitter:card\" content=\"summary_large_image\" \/>\n<meta name=\"twitter:label1\" content=\"Gesch\u00e4tzte Lesezeit\" \/>\n\t<meta name=\"twitter:data1\" content=\"7 Minuten\" \/>\n<script type=\"application\/ld+json\" class=\"yoast-schema-graph\">{\"@context\":\"https:\/\/schema.org\",\"@graph\":[{\"@type\":\"WebPage\",\"@id\":\"https:\/\/vamosbet18.com\/de\/\",\"url\":\"https:\/\/vamosbet18.com\/de\/\",\"name\":\"Vamosbet Sports: Wetten aus Deutschland platzieren\",\"isPartOf\":{\"@id\":\"https:\/\/vamosbet18.com\/#website\"},\"primaryImageOfPage\":{\"@id\":\"https:\/\/vamosbet18.com\/de\/#primaryimage\"},\"image\":{\"@id\":\"https:\/\/vamosbet18.com\/de\/#primaryimage\"},\"thumbnailUrl\":\"https:\/\/vamosbet18.com\/wp-content\/uploads\/2023\/11\/6-e1701945798763.jpg\",\"datePublished\":\"2024-02-08T10:24:48+00:00\",\"dateModified\":\"2024-05-02T10:13:15+00:00\",\"description\":\"Entdecken Sie unglaubliche Wettm\u00f6glichkeiten mit Vamosbets Sports in Deutschland. Genie\u00dfen Sie eine Vielzahl von Sportarten.\",\"breadcrumb\":{\"@id\":\"https:\/\/vamosbet18.com\/de\/#breadcrumb\"},\"inLanguage\":\"de-DE\",\"potentialAction\":[{\"@type\":\"ReadAction\",\"target\":[\"https:\/\/vamosbet18.com\/de\/\"]}]},{\"@type\":\"ImageObject\",\"inLanguage\":\"de-DE\",\"@id\":\"https:\/\/vamosbet18.com\/de\/#primaryimage\",\"url\":\"https:\/\/vamosbet18.com\/wp-content\/uploads\/2023\/11\/6-e1701945798763.jpg\",\"contentUrl\":\"https:\/\/vamosbet18.com\/wp-content\/uploads\/2023\/11\/6-e1701945798763.jpg\"},{\"@type\":\"BreadcrumbList\",\"@id\":\"https:\/\/vamosbet18.com\/de\/#breadcrumb\",\"itemListElement\":[{\"@type\":\"ListItem\",\"position\":1,\"name\":\"Home\",\"item\":\"https:\/\/vamosbet18.com\/de\/\"},{\"@type\":\"ListItem\",\"position\":2,\"name\":\"Vamosbet\"}]},{\"@type\":\"WebSite\",\"@id\":\"https:\/\/vamosbet18.com\/#website\",\"url\":\"https:\/\/vamosbet18.com\/\",\"name\":\"vamosbet18.com\",\"description\":\"\",\"publisher\":{\"@id\":\"https:\/\/vamosbet18.com\/#organization\"},\"potentialAction\":[{\"@type\":\"SearchAction\",\"target\":{\"@type\":\"EntryPoint\",\"urlTemplate\":\"https:\/\/vamosbet18.com\/?s={search_term_string}\"},\"query-input\":\"required name=search_term_string\"}],\"inLanguage\":\"de-DE\"},{\"@type\":\"Organization\",\"@id\":\"https:\/\/vamosbet18.com\/#organization\",\"name\":\"vamosbet18.com\",\"url\":\"https:\/\/vamosbet18.com\/\",\"logo\":{\"@type\":\"ImageObject\",\"inLanguage\":\"de-DE\",\"@id\":\"https:\/\/vamosbet18.com\/#\/schema\/logo\/image\/\",\"url\":\"https:\/\/vamosbet18.com\/wp-content\/uploads\/2023\/11\/Vamos-11.png\",\"contentUrl\":\"https:\/\/vamosbet18.com\/wp-content\/uploads\/2023\/11\/Vamos-11.png\",\"width\":171,\"height\":64,\"caption\":\"vamosbet18.com\"},\"image\":{\"@id\":\"https:\/\/vamosbet18.com\/#\/schema\/logo\/image\/\"}}]}<\/script>\n<!-- \/ Yoast SEO plugin. -->","yoast_head_json":{"title":"Vamosbet Sports: Wetten aus Deutschland platzieren","description":"Entdecken Sie unglaubliche Wettm\u00f6glichkeiten mit Vamosbets Sports in Deutschland. Genie\u00dfen Sie eine Vielzahl von Sportarten.","robots":{"index":"index","follow":"follow","max-snippet":"max-snippet:-1","max-image-preview":"max-image-preview:large","max-video-preview":"max-video-preview:-1"},"canonical":"https:\/\/vamosbet18.com\/de\/","og_locale":"de_DE","og_type":"article","og_title":"Vamosbet Sports: Wetten aus Deutschland platzieren","og_description":"Entdecken Sie unglaubliche Wettm\u00f6glichkeiten mit Vamosbets Sports in Deutschland. Genie\u00dfen Sie eine Vielzahl von Sportarten.","og_url":"https:\/\/vamosbet18.com\/de\/","og_site_name":"vamosbet18.com","article_modified_time":"2024-05-02T10:13:15+00:00","og_image":[{"url":"https:\/\/vamosbet18.com\/wp-content\/uploads\/2023\/11\/6-e1701945798763.jpg"}],"twitter_card":"summary_large_image","twitter_misc":{"Gesch\u00e4tzte Lesezeit":"7 Minuten"},"schema":{"@context":"https:\/\/schema.org","@graph":[{"@type":"WebPage","@id":"https:\/\/vamosbet18.com\/de\/","url":"https:\/\/vamosbet18.com\/de\/","name":"Vamosbet Sports: Wetten aus Deutschland platzieren","isPartOf":{"@id":"https:\/\/vamosbet18.com\/#website"},"primaryImageOfPage":{"@id":"https:\/\/vamosbet18.com\/de\/#primaryimage"},"image":{"@id":"https:\/\/vamosbet18.com\/de\/#primaryimage"},"thumbnailUrl":"https:\/\/vamosbet18.com\/wp-content\/uploads\/2023\/11\/6-e1701945798763.jpg","datePublished":"2024-02-08T10:24:48+00:00","dateModified":"2024-05-02T10:13:15+00:00","description":"Entdecken Sie unglaubliche Wettm\u00f6glichkeiten mit Vamosbets Sports in Deutschland. Genie\u00dfen Sie eine Vielzahl von Sportarten.","breadcrumb":{"@id":"https:\/\/vamosbet18.com\/de\/#breadcrumb"},"inLanguage":"de-DE","potentialAction":[{"@type":"ReadAction","target":["https:\/\/vamosbet18.com\/de\/"]}]},{"@type":"ImageObject","inLanguage":"de-DE","@id":"https:\/\/vamosbet18.com\/de\/#primaryimage","url":"https:\/\/vamosbet18.com\/wp-content\/uploads\/2023\/11\/6-e1701945798763.jpg","contentUrl":"https:\/\/vamosbet18.com\/wp-content\/uploads\/2023\/11\/6-e1701945798763.jpg"},{"@type":"BreadcrumbList","@id":"https:\/\/vamosbet18.com\/de\/#breadcrumb","itemListElement":[{"@type":"ListItem","position":1,"name":"Home","item":"https:\/\/vamosbet18.com\/de\/"},{"@type":"ListItem","position":2,"name":"Vamosbet"}]},{"@type":"WebSite","@id":"https:\/\/vamosbet18.com\/#website","url":"https:\/\/vamosbet18.com\/","name":"vamosbet18.com","description":"","publisher":{"@id":"https:\/\/vamosbet18.com\/#organization"},"potentialAction":[{"@type":"SearchAction","target":{"@type":"EntryPoint","urlTemplate":"https:\/\/vamosbet18.com\/?s={search_term_string}"},"query-input":"required name=search_term_string"}],"inLanguage":"de-DE"},{"@type":"Organization","@id":"https:\/\/vamosbet18.com\/#organization","name":"vamosbet18.com","url":"https:\/\/vamosbet18.com\/","logo":{"@type":"ImageObject","inLanguage":"de-DE","@id":"https:\/\/vamosbet18.com\/#\/schema\/logo\/image\/","url":"https:\/\/vamosbet18.com\/wp-content\/uploads\/2023\/11\/Vamos-11.png","contentUrl":"https:\/\/vamosbet18.com\/wp-content\/uploads\/2023\/11\/Vamos-11.png","width":171,"height":64,"caption":"vamosbet18.com"},"image":{"@id":"https:\/\/vamosbet18.com\/#\/schema\/logo\/image\/"}}]}},"uagb_featured_image_src":{"full":false,"thumbnail":false,"medium":false,"medium_large":false,"large":false,"1536x1536":false,"2048x2048":false},"uagb_author_info":{"display_name":"sol_casino20","author_link":"https:\/\/vamosbet18.com\/de\/author\/vamosbet18.com\/de\/"},"uagb_comment_info":0,"uagb_excerpt":"Vamosbets Sport: Deutschlands erste Wahl f\u00fcr Online-Wetten Bei Vamosbets Sports sind Sie nicht nur ein Zuschauer, sondern ein Stratege, ein Vision\u00e4r, der an einem Wettstreit des Verstandes und des Willens teilnimmt. Vom pulsierenden Herzen \u00c4thiopiens aus bietet Vamosbets eine F\u00fclle von Sportarten an, jede mit wettbewerbsf\u00e4higen Quoten, die sowohl den erfahrenen Wettenden als auch den&hellip;","_links":{"self":[{"href":"https:\/\/vamosbet18.com\/de\/wp-json\/wp\/v2\/pages\/356"}],"collection":[{"href":"https:\/\/vamosbet18.com\/de\/wp-json\/wp\/v2\/pages"}],"about":[{"href":"https:\/\/vamosbet18.com\/de\/wp-json\/wp\/v2\/types\/page"}],"author":[{"embeddable":true,"href":"https:\/\/vamosbet18.com\/de\/wp-json\/wp\/v2\/users\/1"}],"replies":[{"embeddable":true,"href":"https:\/\/vamosbet18.com\/de\/wp-json\/wp\/v2\/comments?post=356"}],"version-history":[{"count":6,"href":"https:\/\/vamosbet18.com\/de\/wp-json\/wp\/v2\/pages\/356\/revisions"}],"predecessor-version":[{"id":437,"href":"https:\/\/vamosbet18.com\/de\/wp-json\/wp\/v2\/pages\/356\/revisions\/437"}],"wp:attachment":[{"href":"https:\/\/vamosbet18.com\/de\/wp-json\/wp\/v2\/media?parent=356"}],"curies":[{"name":"wp","href":"https:\/\/api.w.org\/{rel}","templated":true}]}}