{"id":360,"date":"2024-02-08T12:28:34","date_gmt":"2024-02-08T12:28:34","guid":{"rendered":"https:\/\/vamosbet18.com\/vamosbet-bonusse-und-promo-codes\/"},"modified":"2025-04-17T09:08:35","modified_gmt":"2025-04-17T08:08:35","slug":"vamosbet-bonusse-und-promo-codes","status":"publish","type":"page","link":"https:\/\/vamosbet18.com\/de\/vamosbet-bonusse-und-promo-codes\/","title":{"rendered":"Vamosbet Bonusse und Promo-Codes"},"content":{"rendered":"&#13;\r\n<figure class=\"wp-block-image alignfull size-large is-resized main-image\"><a href=\"\/go.php\"><img decoding=\"async\" class=\"alignnone size-full wp-image-376\" style=\"width: 100%;\" src=\"https:\/\/vamosbet18.com\/wp-content\/uploads\/2023\/11\/6-e1701945798763.jpg\" alt=\"\"\/><\/a><\/figure>&#13;\r\n&#13;\r\n<figure class=\"wp-block-image alignfull size-large is-resized main-image-mobile\"><a href=\"\/go.php\"><img decoding=\"async\" class=\"alignnone size-full wp-image-138\" src=\"https:\/\/vamosbet18.com\/wp-content\/uploads\/2024\/03\/mob1.2.jpg\" alt=\"\"\/><\/a><\/figure>&#13;\r\n<section style=\"margin: auto; max-width: 1200px; padding-left: 10px; padding-right: 10px;\">\r\n\r\n<section class=\"wp-block-group is-layout-constrained wp-block-group-is-layout-constrained\">\r\n\r\n<\/section>\r\n\r\n<div class=\"wp-block-columns is-layout-flex wp-container-4 wp-block-columns-is-layout-flex\">\r\n<div class=\"wp-block-column is-layout-flow wp-block-column-is-layout-flow\" style=\"flex-basis: 55%;\">\r\n<p>In dem Bestreben, den Nervenkitzel des Spiels zu maximieren, begr\u00fc\u00dft Vamosbet seine Neuank\u00f6mmlinge mit einem F\u00fcllhorn an Boni, die die Wettreise von Anfang an bereichern:<\/p>\r\n<ul>\r\n<li>Ein gro\u00dfz\u00fcgiger <strong>Willkommensbonus<\/strong>, der den Adrenalinspiegel neuer Spieler ankurbelt.<\/li>\r\n<li><strong>M-Birr-Einzahlungsboni<\/strong>, die Benutzer daf\u00fcr belohnen, dass sie lokale Zahlungsmethoden nutzen.<\/li>\r\n<li><strong>Kostenlose 25-Birr-Wette<\/strong>, um ohne das anf\u00e4ngliche Risiko einen Vorgeschmack auf den Sieg zu bekommen.<\/li>\r\n<li><strong>Multiwetten-Boni<\/strong>, die den Reiz und die potenziellen Ertr\u00e4ge von Kombiwetten steigern.<\/li>\r\n<\/ul>\r\n<p>Jede Promotion ist darauf zugeschnitten, das Spielerlebnis zu verbessern und sicherzustellen, dass sich jeder neue Teilnehmer in der Vamosbet-Arena wie ein gesch\u00e4tzter Mitspieler f\u00fchlt.<\/p>\r\n\r\n<section class=\"wp-block-buttons is-content-justification-center is-layout-flex wp-container-1 wp-block-buttons-is-layout-flex\">\r\n\r\n&#13;\r\n<section class=\"wp-block-button button_2\"><a class=\"wp-block-button__link has-white-color has-text-color wp-element-button\" href=\"\/go.php\" rel=\"nofollow\">PLAY<\/a><\/section>&#13;\r\n<\/section>\r\n<\/div>\r\n\r\n\r\n\r\n<div class=\"wp-block-column is-layout-flow wp-block-column-is-layout-flow\" style=\"flex-basis: 55%;\">&#13;\r\n<figure class=\"wp-block-image size-full\"><a href=\"\/go.php\"><img decoding=\"async\" loading=\"lazy\" class=\"wp-image-53 aligncenter\" src=\"https:\/\/vamosbet18.com\/wp-content\/uploads\/2023\/11\/Vamos-12.png\" alt=\"\" width=\"304\" height=\"415\"\/><\/a><\/figure>&#13;\r\n<\/div>\r\n<\/div>\r\n\r\n<h2 id=\"wamos-bet-deposit-bonus-and-promo-codes\"><strong>Vamosbet Bonus ohne Einzahlung<\/strong><\/h2>\r\n<p>Das Engagement von Vamosbet, wettbewerbsf\u00e4hige Einzahlungsboni anzubieten, wird deutlich, wenn man es mit anderen Branchenriesen vergleicht. Die nachstehende Tabelle zeigt anschaulich, wie die Boni von Vamosbet im Vergleich zu anderen Anbietern abschneiden und bietet den Spielern einen klaren Anreiz, ihre Plattform f\u00fcr ihre Wettabenteuer zu w\u00e4hlen. Mit verlockenden Prozents\u00e4tzen \u00f6ffnet Wamosbet nicht nur die T\u00fcr zur Welt der Online-Wetten, sondern lockt auch mit dem Versprechen eines Mehrwerts. Diese Zahlen sind ein Beweis f\u00fcr das Engagement von Wamosbet, um sicherzustellen, dass die Einzahlung eines jeden Spielers maximalen Spa\u00df und potenziellen Gewinn bringt.   <\/p>\r\n<p style=\"text-align: center;\"><img decoding=\"async\" loading=\"lazy\" width=\"297\" height=\"432\" class=\"alignnone size-medium wp-image-130\" src=\"https:\/\/vamosbet18.com\/wp-content\/uploads\/2023\/11\/Vamos-7.png\" alt=\"\" srcset=\"https:\/\/vamosbet18.com\/wp-content\/uploads\/2023\/11\/Vamos-7.png 297w, https:\/\/vamosbet18.com\/wp-content\/uploads\/2023\/11\/Vamos-7-206x300.png 206w\" sizes=\"(max-width: 297px) 100vw, 297px\" \/><\/p>\r\n\r\n<section class=\"wp-block-buttons is-content-justification-center is-layout-flex wp-container-5 wp-block-buttons-is-layout-flex\">\r\n\r\n&#13;\r\n<section class=\"wp-block-button button_2\"><a class=\"wp-block-button__link has-white-color has-text-color wp-element-button\" href=\"\/go.php\" rel=\"nofollow\">PLAY<\/a><\/section>&#13;\r\n<\/section>\r\n<\/section>\r\n","protected":false},"excerpt":{"rendered":"","protected":false},"author":1,"featured_media":0,"parent":0,"menu_order":0,"comment_status":"closed","ping_status":"closed","template":"","meta":{"_uag_custom_page_level_css":"","footnotes":""},"yoast_head":"<!-- This site is optimized with the Yoast SEO plugin v22.6 - https:\/\/yoast.com\/wordpress\/plugins\/seo\/ -->\n<title>Entfesseln Sie die Aufregung: Vamosbets Bonus-Bonanza<\/title>\n<meta name=\"description\" content=\"Wir bei Vamosbet glauben daran, dass wir den Reiz jeder Wette maximieren k\u00f6nnen, und das beginnt mit unserem au\u00dfergew\u00f6hnlichen Angebot an Boni f\u00fcr Neueinsteiger.\" \/>\n<meta name=\"robots\" content=\"index, follow, max-snippet:-1, max-image-preview:large, max-video-preview:-1\" \/>\n<link rel=\"canonical\" href=\"https:\/\/vamosbet18.com\/de\/vamosbet-bonusse-und-promo-codes\/\" \/>\n<meta property=\"og:locale\" content=\"de_DE\" \/>\n<meta property=\"og:type\" content=\"article\" \/>\n<meta property=\"og:title\" content=\"Entfesseln Sie die Aufregung: Vamosbets Bonus-Bonanza\" \/>\n<meta property=\"og:description\" content=\"Wir bei Vamosbet glauben daran, dass wir den Reiz jeder Wette maximieren k\u00f6nnen, und das beginnt mit unserem au\u00dfergew\u00f6hnlichen Angebot an Boni f\u00fcr Neueinsteiger.\" \/>\n<meta property=\"og:url\" content=\"https:\/\/vamosbet18.com\/de\/vamosbet-bonusse-und-promo-codes\/\" \/>\n<meta property=\"og:site_name\" content=\"vamosbet18.com\" \/>\n<meta property=\"article:modified_time\" content=\"2025-04-17T08:08:35+00:00\" \/>\n<meta property=\"og:image\" content=\"https:\/\/vamosbet18.com\/wp-content\/uploads\/2023\/11\/6-e1701945798763.jpg\" \/>\n<meta name=\"twitter:card\" content=\"summary_large_image\" \/>\n<meta name=\"twitter:label1\" content=\"Gesch\u00e4tzte Lesezeit\" \/>\n\t<meta name=\"twitter:data1\" content=\"2 Minuten\" \/>\n<script type=\"application\/ld+json\" class=\"yoast-schema-graph\">{\"@context\":\"https:\/\/schema.org\",\"@graph\":[{\"@type\":\"WebPage\",\"@id\":\"https:\/\/vamosbet18.com\/de\/vamosbet-bonusse-und-promo-codes\/\",\"url\":\"https:\/\/vamosbet18.com\/de\/vamosbet-bonusse-und-promo-codes\/\",\"name\":\"Entfesseln Sie die Aufregung: Vamosbets Bonus-Bonanza\",\"isPartOf\":{\"@id\":\"https:\/\/vamosbet18.com\/#website\"},\"primaryImageOfPage\":{\"@id\":\"https:\/\/vamosbet18.com\/de\/vamosbet-bonusse-und-promo-codes\/#primaryimage\"},\"image\":{\"@id\":\"https:\/\/vamosbet18.com\/de\/vamosbet-bonusse-und-promo-codes\/#primaryimage\"},\"thumbnailUrl\":\"https:\/\/vamosbet18.com\/wp-content\/uploads\/2023\/11\/6-e1701945798763.jpg\",\"datePublished\":\"2024-02-08T12:28:34+00:00\",\"dateModified\":\"2025-04-17T08:08:35+00:00\",\"description\":\"Wir bei Vamosbet glauben daran, dass wir den Reiz jeder Wette maximieren k\u00f6nnen, und das beginnt mit unserem au\u00dfergew\u00f6hnlichen Angebot an Boni f\u00fcr Neueinsteiger.\",\"breadcrumb\":{\"@id\":\"https:\/\/vamosbet18.com\/de\/vamosbet-bonusse-und-promo-codes\/#breadcrumb\"},\"inLanguage\":\"de-DE\",\"potentialAction\":[{\"@type\":\"ReadAction\",\"target\":[\"https:\/\/vamosbet18.com\/de\/vamosbet-bonusse-und-promo-codes\/\"]}]},{\"@type\":\"ImageObject\",\"inLanguage\":\"de-DE\",\"@id\":\"https:\/\/vamosbet18.com\/de\/vamosbet-bonusse-und-promo-codes\/#primaryimage\",\"url\":\"https:\/\/vamosbet18.com\/wp-content\/uploads\/2023\/11\/6-e1701945798763.jpg\",\"contentUrl\":\"https:\/\/vamosbet18.com\/wp-content\/uploads\/2023\/11\/6-e1701945798763.jpg\"},{\"@type\":\"BreadcrumbList\",\"@id\":\"https:\/\/vamosbet18.com\/de\/vamosbet-bonusse-und-promo-codes\/#breadcrumb\",\"itemListElement\":[{\"@type\":\"ListItem\",\"position\":1,\"name\":\"Home\",\"item\":\"https:\/\/vamosbet18.com\/de\/\"},{\"@type\":\"ListItem\",\"position\":2,\"name\":\"Vamosbet Bonusse und Promo-Codes\"}]},{\"@type\":\"WebSite\",\"@id\":\"https:\/\/vamosbet18.com\/#website\",\"url\":\"https:\/\/vamosbet18.com\/\",\"name\":\"vamosbet18.com\",\"description\":\"\",\"publisher\":{\"@id\":\"https:\/\/vamosbet18.com\/#organization\"},\"potentialAction\":[{\"@type\":\"SearchAction\",\"target\":{\"@type\":\"EntryPoint\",\"urlTemplate\":\"https:\/\/vamosbet18.com\/?s={search_term_string}\"},\"query-input\":\"required name=search_term_string\"}],\"inLanguage\":\"de-DE\"},{\"@type\":\"Organization\",\"@id\":\"https:\/\/vamosbet18.com\/#organization\",\"name\":\"vamosbet18.com\",\"url\":\"https:\/\/vamosbet18.com\/\",\"logo\":{\"@type\":\"ImageObject\",\"inLanguage\":\"de-DE\",\"@id\":\"https:\/\/vamosbet18.com\/#\/schema\/logo\/image\/\",\"url\":\"https:\/\/vamosbet18.com\/wp-content\/uploads\/2023\/11\/Vamos-11.png\",\"contentUrl\":\"https:\/\/vamosbet18.com\/wp-content\/uploads\/2023\/11\/Vamos-11.png\",\"width\":171,\"height\":64,\"caption\":\"vamosbet18.com\"},\"image\":{\"@id\":\"https:\/\/vamosbet18.com\/#\/schema\/logo\/image\/\"}}]}<\/script>\n<!-- \/ Yoast SEO plugin. -->","yoast_head_json":{"title":"Entfesseln Sie die Aufregung: Vamosbets Bonus-Bonanza","description":"Wir bei Vamosbet glauben daran, dass wir den Reiz jeder Wette maximieren k\u00f6nnen, und das beginnt mit unserem au\u00dfergew\u00f6hnlichen Angebot an Boni f\u00fcr Neueinsteiger.","robots":{"index":"index","follow":"follow","max-snippet":"max-snippet:-1","max-image-preview":"max-image-preview:large","max-video-preview":"max-video-preview:-1"},"canonical":"https:\/\/vamosbet18.com\/de\/vamosbet-bonusse-und-promo-codes\/","og_locale":"de_DE","og_type":"article","og_title":"Entfesseln Sie die Aufregung: Vamosbets Bonus-Bonanza","og_description":"Wir bei Vamosbet glauben daran, dass wir den Reiz jeder Wette maximieren k\u00f6nnen, und das beginnt mit unserem au\u00dfergew\u00f6hnlichen Angebot an Boni f\u00fcr Neueinsteiger.","og_url":"https:\/\/vamosbet18.com\/de\/vamosbet-bonusse-und-promo-codes\/","og_site_name":"vamosbet18.com","article_modified_time":"2025-04-17T08:08:35+00:00","og_image":[{"url":"https:\/\/vamosbet18.com\/wp-content\/uploads\/2023\/11\/6-e1701945798763.jpg"}],"twitter_card":"summary_large_image","twitter_misc":{"Gesch\u00e4tzte Lesezeit":"2 Minuten"},"schema":{"@context":"https:\/\/schema.org","@graph":[{"@type":"WebPage","@id":"https:\/\/vamosbet18.com\/de\/vamosbet-bonusse-und-promo-codes\/","url":"https:\/\/vamosbet18.com\/de\/vamosbet-bonusse-und-promo-codes\/","name":"Entfesseln Sie die Aufregung: Vamosbets Bonus-Bonanza","isPartOf":{"@id":"https:\/\/vamosbet18.com\/#website"},"primaryImageOfPage":{"@id":"https:\/\/vamosbet18.com\/de\/vamosbet-bonusse-und-promo-codes\/#primaryimage"},"image":{"@id":"https:\/\/vamosbet18.com\/de\/vamosbet-bonusse-und-promo-codes\/#primaryimage"},"thumbnailUrl":"https:\/\/vamosbet18.com\/wp-content\/uploads\/2023\/11\/6-e1701945798763.jpg","datePublished":"2024-02-08T12:28:34+00:00","dateModified":"2025-04-17T08:08:35+00:00","description":"Wir bei Vamosbet glauben daran, dass wir den Reiz jeder Wette maximieren k\u00f6nnen, und das beginnt mit unserem au\u00dfergew\u00f6hnlichen Angebot an Boni f\u00fcr Neueinsteiger.","breadcrumb":{"@id":"https:\/\/vamosbet18.com\/de\/vamosbet-bonusse-und-promo-codes\/#breadcrumb"},"inLanguage":"de-DE","potentialAction":[{"@type":"ReadAction","target":["https:\/\/vamosbet18.com\/de\/vamosbet-bonusse-und-promo-codes\/"]}]},{"@type":"ImageObject","inLanguage":"de-DE","@id":"https:\/\/vamosbet18.com\/de\/vamosbet-bonusse-und-promo-codes\/#primaryimage","url":"https:\/\/vamosbet18.com\/wp-content\/uploads\/2023\/11\/6-e1701945798763.jpg","contentUrl":"https:\/\/vamosbet18.com\/wp-content\/uploads\/2023\/11\/6-e1701945798763.jpg"},{"@type":"BreadcrumbList","@id":"https:\/\/vamosbet18.com\/de\/vamosbet-bonusse-und-promo-codes\/#breadcrumb","itemListElement":[{"@type":"ListItem","position":1,"name":"Home","item":"https:\/\/vamosbet18.com\/de\/"},{"@type":"ListItem","position":2,"name":"Vamosbet Bonusse und Promo-Codes"}]},{"@type":"WebSite","@id":"https:\/\/vamosbet18.com\/#website","url":"https:\/\/vamosbet18.com\/","name":"vamosbet18.com","description":"","publisher":{"@id":"https:\/\/vamosbet18.com\/#organization"},"potentialAction":[{"@type":"SearchAction","target":{"@type":"EntryPoint","urlTemplate":"https:\/\/vamosbet18.com\/?s={search_term_string}"},"query-input":"required name=search_term_string"}],"inLanguage":"de-DE"},{"@type":"Organization","@id":"https:\/\/vamosbet18.com\/#organization","name":"vamosbet18.com","url":"https:\/\/vamosbet18.com\/","logo":{"@type":"ImageObject","inLanguage":"de-DE","@id":"https:\/\/vamosbet18.com\/#\/schema\/logo\/image\/","url":"https:\/\/vamosbet18.com\/wp-content\/uploads\/2023\/11\/Vamos-11.png","contentUrl":"https:\/\/vamosbet18.com\/wp-content\/uploads\/2023\/11\/Vamos-11.png","width":171,"height":64,"caption":"vamosbet18.com"},"image":{"@id":"https:\/\/vamosbet18.com\/#\/schema\/logo\/image\/"}}]}},"uagb_featured_image_src":{"full":false,"thumbnail":false,"medium":false,"medium_large":false,"large":false,"1536x1536":false,"2048x2048":false},"uagb_author_info":{"display_name":"sol_casino20","author_link":"https:\/\/vamosbet18.com\/de\/author\/vamosbet18.com\/de\/"},"uagb_comment_info":0,"uagb_excerpt":null,"_links":{"self":[{"href":"https:\/\/vamosbet18.com\/de\/wp-json\/wp\/v2\/pages\/360"}],"collection":[{"href":"https:\/\/vamosbet18.com\/de\/wp-json\/wp\/v2\/pages"}],"about":[{"href":"https:\/\/vamosbet18.com\/de\/wp-json\/wp\/v2\/types\/page"}],"author":[{"embeddable":true,"href":"https:\/\/vamosbet18.com\/de\/wp-json\/wp\/v2\/users\/1"}],"replies":[{"embeddable":true,"href":"https:\/\/vamosbet18.com\/de\/wp-json\/wp\/v2\/comments?post=360"}],"version-history":[{"count":7,"href":"https:\/\/vamosbet18.com\/de\/wp-json\/wp\/v2\/pages\/360\/revisions"}],"predecessor-version":[{"id":537,"href":"https:\/\/vamosbet18.com\/de\/wp-json\/wp\/v2\/pages\/360\/revisions\/537"}],"wp:attachment":[{"href":"https:\/\/vamosbet18.com\/de\/wp-json\/wp\/v2\/media?parent=360"}],"curies":[{"name":"wp","href":"https:\/\/api.w.org\/{rel}","templated":true}]}}