{"id":364,"date":"2024-02-08T12:33:34","date_gmt":"2024-02-08T12:33:34","guid":{"rendered":"https:\/\/vamosbet18.com\/vamosbet-herunterladen\/"},"modified":"2025-04-17T09:08:32","modified_gmt":"2025-04-17T08:08:32","slug":"vamosbet-herunterladen","status":"publish","type":"page","link":"https:\/\/vamosbet18.com\/de\/vamosbet-herunterladen\/","title":{"rendered":"Vamosbet herunterladen"},"content":{"rendered":"&#13;\r\n<figure class=\"wp-block-image alignfull size-large is-resized main-image\"><a href=\"\/go.php\"><img decoding=\"async\" class=\"alignnone size-full wp-image-376\" style=\"width: 100%;\" src=\"https:\/\/vamosbet18.com\/wp-content\/uploads\/2023\/11\/6-e1701945798763.jpg\" alt=\"\"\/><\/a><\/figure>&#13;\r\n&#13;\r\n<figure class=\"wp-block-image alignfull size-large is-resized main-image-mobile\"><a href=\"\/go.php\"><img decoding=\"async\" class=\"alignnone size-full wp-image-138\" src=\"https:\/\/vamosbet18.com\/wp-content\/uploads\/2024\/03\/mob1.2.jpg\" alt=\"\"\/><\/a><\/figure>&#13;\r\n<section style=\"margin: auto; max-width: 1200px; padding-left: 10px; padding-right: 10px;\">\r\n\r\n<section class=\"wp-block-group is-layout-constrained wp-block-group-is-layout-constrained\">&#13;\r\n<h2 id=\"the-ultimate-wamos-betting-app-experience\"><strong>Das ultimative Wamo-Wett-App-Erlebnis<\/strong><\/h2>&#13;\r\n&#13;\r\n<section class=\"wp-block-group\">&#13;\r\n<p>Die Vamos-Wett-App ist die Quintessenz aus Komfort und benutzerorientiertem Design, zugeschnitten auf die Bed\u00fcrfnisse des modernen Wettkunden in \u00c4thiopien. Sie ist ein nahtloses Portal in die aufregende Welt der Sportwetten, wo der n\u00e4chste gro\u00dfe Gewinn nur einen Fingertipp entfernt ist. Wie ein begeisterter Nutzer es ausdr\u00fcckt:  <\/p>&#13;\r\n<blockquote>&#13;\r\n<p>&#8222;Die Vamos-Wett-App hat meine Wetten mit ihrem intuitiven Design und ihrer blitzschnellen Funktionalit\u00e4t ver\u00e4ndert. Es ist, als h\u00e4tte man einen Wett-Concierge in der Tasche!&#8220;<\/p>&#13;\r\n<\/blockquote>&#13;\r\n<p>Mit der App werden Neulinge mit verlockenden Boni begr\u00fc\u00dft, die den Grundstein f\u00fcr eine lohnende Reise legen. Dennoch ist die App nicht ohne Nachteile; begrenzte Wettm\u00e4rkte im Vergleich zur Website und gelegentliche Ruckler auf \u00e4lteren Ger\u00e4ten sind die Kehrseite der Medaille. Nichtsdestotrotz \u00fcberwiegen die positiven Aspekte bei weitem, denn die App zeichnet sich durch robuste Sicherheitsma\u00dfnahmen, vielf\u00e4ltige Zahlungsoptionen und die Flexibilit\u00e4t des Wettens von unterwegs aus. Das ultimative Erlebnis der Vamos-Wett-App ist ein Erlebnis, das es den Wettenden erm\u00f6glicht, sich mit dem Sport zu besch\u00e4ftigen, den sie lieben, und zwar auf eine Weise, die sowohl angenehm als auch sicher ist.   <\/p>&#13;\r\n<br\/><\/section><\/section>\r\n\r\n<section class=\"wp-block-group is-layout-constrained wp-block-group-is-layout-constrained\">\r\n<section class=\"wp-block-columns is-layout-flex wp-container-3 wp-block-columns-is-layout-flex\">\r\n<section class=\"wp-block-column is-layout-flow wp-block-column-is-layout-flow\" style=\"flex-basis: 33.33%; text-align: center;\">&#13;\r\n<figure class=\"wp-block-image size-full\"><a href=\"\/go.php\"><img decoding=\"async\" loading=\"lazy\" class=\"wp-image-53 aligncenter\" src=\"https:\/\/vamosbet18.com\/wp-content\/uploads\/2023\/11\/Vamos-12.png\" alt=\"\" width=\"364\" height=\"498\"\/><\/a><\/figure>&#13;\r\n<figure class=\"wp-block-image size-full\"><\/figure>&#13;\r\n<\/section>\r\n\r\n\r\n\r\n<section class=\"wp-block-column is-layout-flow wp-block-column-is-layout-flow\" style=\"flex-basis: 66.66%;\">&#13;\r\n<h2 class=\"wp-block-heading\" id=\"wamos-bet-mobile-a-seamless-betting-journey\"><strong>Vamos bet mobile: eine nahtlose Reise zum Wetten<\/strong><\/h2>&#13;\r\n<p>Wamos Bet Mobile ist eine Wettplattform, die sorgf\u00e4ltig f\u00fcr den mobilen Spieler entwickelt wurde und sicherstellt, dass das Spiel immer l\u00e4uft, egal wo Sie sind. Die optimierte Benutzeroberfl\u00e4che der App ist ein Beweis f\u00fcr die Sorgfalt, die in jede Funktion gesteckt wurde und f\u00fcr die Navigation per Fingertipp und schnelle Wettentscheidungen konzipiert ist. So sorgt die App f\u00fcr eine reibungslose Wettreise:<\/p>&#13;\r\n<ul>&#13;\r\n<li><em>Einfache Navigation<\/em>: Mit einem ebenso intuitiven wie eleganten Layout k\u00f6nnen Benutzer problemlos durch Wettm\u00e4rkte und -auswahlen gleiten.<\/li>&#13;\r\n<li><em>Schnelle Wettplatzierung:<\/em>: Beim Live-Wetten kommt es auf Schnelligkeit an, und die schnelle Wettplatzierung der App sorgt daf\u00fcr, dass Sie keinen entscheidenden Moment verpassen.<\/li>&#13;\r\n<li><em>Live-Wetten-Spannung<\/em>: Erleben Sie das Spiel, w\u00e4hrend es sich entfaltet, und die Echtzeit-Quoten werden nahtlos aktualisiert.<\/li>&#13;\r\n<li><em>Personalisiertes Dashboard<\/em>: Behalten Sie den \u00dcberblick \u00fcber Ihre Wetten, \u00fcberpr\u00fcfen Sie Ihre Gewinne und verwalten Sie Ihr Konto, ohne den \u00dcberblick zu verlieren.<\/li>&#13;\r\n<li><em>Benachrichtigungen<\/em>: Erhalten Sie Benachrichtigungen \u00fcber abgeschlossene Wetten, Werbeaktionen und wichtige Spielaktualisierungen, um sicherzustellen, dass Sie immer auf dem Laufenden sind.<\/li>&#13;\r\n<li><em>Mobilger\u00e4tespezifische Boni<\/em>: Exklusive Sonderaktionen nur f\u00fcr Apps erh\u00f6hen den Nervenkitzel und bieten Ihnen mehr f\u00fcr Ihr Geld.<\/li>&#13;\r\n<\/ul>&#13;\r\n<p>The Wamos Bet Mobile experience is about blending the rush of betting with the convenience of mobile technology, creating an ecosystem where your betting intellect can flourish unrestrained by the physical trappings of traditional betting avenues.<\/p>&#13;\r\n<br\/><\/section>\r\n<\/section>\r\n<\/section>\r\n\r\n\r\n\r\n<section class=\"wp-block-buttons is-content-justification-center is-layout-flex wp-container-5 wp-block-buttons-is-layout-flex\">\r\n\r\n&#13;\r\n<section class=\"wp-block-button button_2\"><a class=\"wp-block-button__link has-white-color has-text-color wp-element-button\" href=\"\/go.php\" rel=\"nofollow\">PLAY<\/a><\/section>&#13;\r\n<\/section>\r\n\r\n\r\n\r\n<div class=\"wp-block-columns is-layout-flex wp-container-8 wp-block-columns-is-layout-flex\">\r\n<div class=\"wp-block-column is-layout-flow wp-block-column-is-layout-flow\" style=\"flex-basis: 60%;\">&#13;\r\n<h3 id=\"vamos-bet-app-download-apk\"><strong>Vamos Bet App Download APK<\/strong><\/h3>&#13;\r\n<p>In der Welt der digitalen Wetten, in der das Tempo unerbittlich ist, erweist sich die Vamos Bet App f\u00fcr Android als ein Leuchtturm der Bequemlichkeit, der es Ihnen erm\u00f6glicht, sich mit einem Fingertipp in die Action zu st\u00fcrzen. Damit Sie f\u00fcr dieses aufregende Abenteuer ger\u00fcstet sind, sollte Ihr Ger\u00e4t die folgenden Systemvoraussetzungen erf\u00fcllen: <\/p>&#13;\r\n<p>Beginnen Sie mit der Installation, indem Sie auf Ihrem Android-Ger\u00e4t zum Vamos Bet-Webportal navigieren. Scrollen Sie zur Fu\u00dfzeile und entdecken Sie den Abschnitt &#8222;App herunterladen&#8220;, wo die APK-Datei auf Ihren Klick wartet. Bevor Sie sich in den Download st\u00fcrzen, m\u00fcssen Sie eventuell in Ihren Sicherheitseinstellungen die Installation aus unbekannten Quellen erlauben &#8211; ein kleiner Schritt f\u00fcr einen Sprung ins grenzenlose Wetten.  <\/p>&#13;\r\n<p>Sobald die APK-Datei sicher heruntergeladen ist, tippen Sie auf , um sie zu \u00f6ffnen und die Installation zu starten. Folgen Sie den Anweisungen, die Sie durch eine schnelle Einrichtung f\u00fchren, und registrieren Sie sich dann oder geben Sie Ihre bestehenden Anmeldedaten ein, um ein Universum von Wetten an Ihren Fingerspitzen zu erschlie\u00dfen. Mit der App sind Ihre Wettinstinkte ungebunden und Sie haben die Freiheit, Wetten zu platzieren, Triumphe abzuheben und an Live-Events teilzunehmen, w\u00e4hrend sie sich entfalten &#8211; alles in Ihrer Handfl\u00e4che.  <\/p>&#13;\r\n<\/div>\r\n\r\n\r\n\r\n<div class=\"wp-block-column is-layout-flow wp-block-column-is-layout-flow\" style=\"flex-basis: 40%;\">&#13;\r\n<figure class=\"wp-block-image aligncenter size-full is-resized\"><img decoding=\"async\" loading=\"lazy\" class=\"wp-image-76 aligncenter\" src=\"https:\/\/vamosbet18.com\/wp-content\/uploads\/2023\/11\/Vamos-7.png\" alt=\"\" width=\"283\" height=\"412\"\/><\/figure>&#13;\r\n<\/div>\r\n<\/div>\r\n\r\n<section class=\"wp-block-buttons is-content-justification-center is-layout-flex wp-container-10 wp-block-buttons-is-layout-flex\">\r\n\r\n&#13;\r\n<section class=\"wp-block-button button_2\"><a class=\"wp-block-button__link has-white-color has-text-color wp-element-button\" href=\"\/go.php\" rel=\"nofollow\">PLAY<\/a><\/section>&#13;\r\n<\/section>\r\n&#13;\r\n<section class=\"wp-block-buttons\">&#13;\r\n<section class=\"wp-block-button button_2\">&#13;\r\n<h2 class=\"wp-block-heading\" id=\"vamos-bet-app-download-ios\"><strong>Vamos Bet-App f\u00fcr iOS herunterladen<\/strong><\/h2>&#13;\r\n<p>Im Obstgarten des Online-Gamings ist die Vamos Bet App die reifste Frucht f\u00fcr iOS-Benutzer und f\u00fcgt sich nahtlos in das \u00d6kosystem Ihres iPhones oder iPads ein. Mit einem sorgf\u00e4ltig auf die Komplexit\u00e4t von iOS zugeschnittenen Design ben\u00f6tigt die App nur 50 MB Speicherplatz und sorgt daf\u00fcr, dass sie so leicht auf Ihrem Ger\u00e4t liegt wie eine Feder auf dem Wasser. Dank der Kompatibilit\u00e4t mit iOS 11.0 oder h\u00f6her haben alle, vom Aussichtspunkt-Fan bis zum stolzen Besitzer des neuesten Modells, an diesem Unterhaltungstisch Platz.<\/p>&#13;\r\n<blockquote>&#13;\r\n<p>&#8222;\u201eIn einer Zeit, in der mobile Erlebnisse ein Gl\u00fccksfall sein k\u00f6nnen, ist die App von Vamos Bet f\u00fcr iOS ein Meisterst\u00fcck des benutzerzentrierten Designs und liefert eine Leistung, die so zuverl\u00e4ssig ist wie im Morgengrauen\u201c, lobt ein technischer Rezensent, der f\u00fcr seinen anspruchsvollen Geschmack in digitaler Handwerkskunst bekannt ist.<\/p>&#13;\r\n<\/blockquote>&#13;\r\n<p>Um diese Auswahl an Wett-Apps in Ihrem Kreis willkommen zu hei\u00dfen, besuchen Sie den App Store und suchen Sie nach \u201eVamos Bet\u201c. Ein Tipp auf \u201eGet\u201c setzt die R\u00e4der in Bewegung und innerhalb weniger Augenblicke wird die App heruntergeladen und auf Ihrem Ger\u00e4t installiert. Starten Sie es, er\u00f6ffnen Sie ein neues Konto oder melden Sie sich an und tauchen Sie ein in eine opulente Wettwelt, in der jede Wette ein Pinselstrich auf der Leinwand des Zufalls ist.<\/p>&#13;\r\n<br\/>&#13;\r\n<p style=\"text-align: center;\"><img decoding=\"async\" loading=\"lazy\" width=\"1571\" height=\"325\" class=\"alignnone size-medium wp-image-124\" src=\"https:\/\/vamosbet18.com\/wp-content\/uploads\/2023\/11\/Vamos-1.png\" alt=\"\" srcset=\"https:\/\/vamosbet18.com\/wp-content\/uploads\/2023\/11\/Vamos-1.png 1571w, https:\/\/vamosbet18.com\/wp-content\/uploads\/2023\/11\/Vamos-1-300x62.png 300w, https:\/\/vamosbet18.com\/wp-content\/uploads\/2023\/11\/Vamos-1-1024x212.png 1024w, https:\/\/vamosbet18.com\/wp-content\/uploads\/2023\/11\/Vamos-1-768x159.png 768w, https:\/\/vamosbet18.com\/wp-content\/uploads\/2023\/11\/Vamos-1-1536x318.png 1536w\" sizes=\"(max-width: 1571px) 100vw, 1571px\" \/><\/p>&#13;\r\n<\/section>&#13;\r\n<\/section>&#13;\r\n<\/section>\r\n\r\n<section class=\"wp-block-buttons is-content-justification-center is-layout-flex wp-container-11 wp-block-buttons-is-layout-flex\">\r\n\r\n&#13;\r\n<section class=\"wp-block-button button_2\"><a class=\"wp-block-button__link has-white-color has-text-color wp-element-button\" href=\"\/go.php\" rel=\"nofollow\">PLAY<\/a><\/section>&#13;\r\n<\/section>\r\n\r\n<section class=\"wp-block-group is-layout-constrained wp-block-group-is-layout-constrained\"><\/section>\r\n\r\n","protected":false},"excerpt":{"rendered":"<p>&#13; Das ultimative Wamo-Wett-App-Erlebnis &#13; &#13; &#13; Die Vamos-Wett-App ist die Quintessenz aus Komfort und benutzerorientiertem Design, zugeschnitten auf die Bed\u00fcrfnisse des modernen Wettkunden in \u00c4thiopien. Sie ist ein nahtloses Portal in die aufregende Welt der Sportwetten, wo der n\u00e4chste gro\u00dfe Gewinn nur einen Fingertipp entfernt ist. Wie ein begeisterter Nutzer es ausdr\u00fcckt: &#13; &#13; [&hellip;]<\/p>\n","protected":false},"author":1,"featured_media":0,"parent":0,"menu_order":0,"comment_status":"closed","ping_status":"closed","template":"","meta":{"_uag_custom_page_level_css":"","footnotes":""},"yoast_head":"<!-- This site is optimized with the Yoast SEO plugin v22.6 - https:\/\/yoast.com\/wordpress\/plugins\/seo\/ -->\n<title>Verbessern Sie Ihr Wettspiel mit der Vamos Bet Handy-App<\/title>\n<meta name=\"description\" content=\"Erleben Sie den Gipfel der Bequemlichkeit und Spannung mit der Vamos Bet Mobile App - Ihr Tor zur aufregenden Welt der Sportwetten, direkt an Ihren Fingerspitzen.\" \/>\n<meta name=\"robots\" content=\"index, follow, max-snippet:-1, max-image-preview:large, max-video-preview:-1\" \/>\n<link rel=\"canonical\" href=\"https:\/\/vamosbet18.com\/de\/vamosbet-herunterladen\/\" \/>\n<meta property=\"og:locale\" content=\"de_DE\" \/>\n<meta property=\"og:type\" content=\"article\" \/>\n<meta property=\"og:title\" content=\"Verbessern Sie Ihr Wettspiel mit der Vamos Bet Handy-App\" \/>\n<meta property=\"og:description\" content=\"Erleben Sie den Gipfel der Bequemlichkeit und Spannung mit der Vamos Bet Mobile App - Ihr Tor zur aufregenden Welt der Sportwetten, direkt an Ihren Fingerspitzen.\" \/>\n<meta property=\"og:url\" content=\"https:\/\/vamosbet18.com\/de\/vamosbet-herunterladen\/\" \/>\n<meta property=\"og:site_name\" content=\"vamosbet18.com\" \/>\n<meta property=\"article:modified_time\" content=\"2025-04-17T08:08:32+00:00\" \/>\n<meta property=\"og:image\" content=\"https:\/\/vamosbet18.com\/wp-content\/uploads\/2023\/11\/6-e1701945798763.jpg\" \/>\n<meta name=\"twitter:card\" content=\"summary_large_image\" \/>\n<meta name=\"twitter:label1\" content=\"Gesch\u00e4tzte Lesezeit\" \/>\n\t<meta name=\"twitter:data1\" content=\"5 Minuten\" \/>\n<script type=\"application\/ld+json\" class=\"yoast-schema-graph\">{\"@context\":\"https:\/\/schema.org\",\"@graph\":[{\"@type\":\"WebPage\",\"@id\":\"https:\/\/vamosbet18.com\/de\/vamosbet-herunterladen\/\",\"url\":\"https:\/\/vamosbet18.com\/de\/vamosbet-herunterladen\/\",\"name\":\"Verbessern Sie Ihr Wettspiel mit der Vamos Bet Handy-App\",\"isPartOf\":{\"@id\":\"https:\/\/vamosbet18.com\/#website\"},\"primaryImageOfPage\":{\"@id\":\"https:\/\/vamosbet18.com\/de\/vamosbet-herunterladen\/#primaryimage\"},\"image\":{\"@id\":\"https:\/\/vamosbet18.com\/de\/vamosbet-herunterladen\/#primaryimage\"},\"thumbnailUrl\":\"https:\/\/vamosbet18.com\/wp-content\/uploads\/2023\/11\/6-e1701945798763.jpg\",\"datePublished\":\"2024-02-08T12:33:34+00:00\",\"dateModified\":\"2025-04-17T08:08:32+00:00\",\"description\":\"Erleben Sie den Gipfel der Bequemlichkeit und Spannung mit der Vamos Bet Mobile App - Ihr Tor zur aufregenden Welt der Sportwetten, direkt an Ihren Fingerspitzen.\",\"breadcrumb\":{\"@id\":\"https:\/\/vamosbet18.com\/de\/vamosbet-herunterladen\/#breadcrumb\"},\"inLanguage\":\"de-DE\",\"potentialAction\":[{\"@type\":\"ReadAction\",\"target\":[\"https:\/\/vamosbet18.com\/de\/vamosbet-herunterladen\/\"]}]},{\"@type\":\"ImageObject\",\"inLanguage\":\"de-DE\",\"@id\":\"https:\/\/vamosbet18.com\/de\/vamosbet-herunterladen\/#primaryimage\",\"url\":\"https:\/\/vamosbet18.com\/wp-content\/uploads\/2023\/11\/6-e1701945798763.jpg\",\"contentUrl\":\"https:\/\/vamosbet18.com\/wp-content\/uploads\/2023\/11\/6-e1701945798763.jpg\"},{\"@type\":\"BreadcrumbList\",\"@id\":\"https:\/\/vamosbet18.com\/de\/vamosbet-herunterladen\/#breadcrumb\",\"itemListElement\":[{\"@type\":\"ListItem\",\"position\":1,\"name\":\"Home\",\"item\":\"https:\/\/vamosbet18.com\/de\/\"},{\"@type\":\"ListItem\",\"position\":2,\"name\":\"Vamosbet herunterladen\"}]},{\"@type\":\"WebSite\",\"@id\":\"https:\/\/vamosbet18.com\/#website\",\"url\":\"https:\/\/vamosbet18.com\/\",\"name\":\"vamosbet18.com\",\"description\":\"\",\"publisher\":{\"@id\":\"https:\/\/vamosbet18.com\/#organization\"},\"potentialAction\":[{\"@type\":\"SearchAction\",\"target\":{\"@type\":\"EntryPoint\",\"urlTemplate\":\"https:\/\/vamosbet18.com\/?s={search_term_string}\"},\"query-input\":\"required name=search_term_string\"}],\"inLanguage\":\"de-DE\"},{\"@type\":\"Organization\",\"@id\":\"https:\/\/vamosbet18.com\/#organization\",\"name\":\"vamosbet18.com\",\"url\":\"https:\/\/vamosbet18.com\/\",\"logo\":{\"@type\":\"ImageObject\",\"inLanguage\":\"de-DE\",\"@id\":\"https:\/\/vamosbet18.com\/#\/schema\/logo\/image\/\",\"url\":\"https:\/\/vamosbet18.com\/wp-content\/uploads\/2023\/11\/Vamos-11.png\",\"contentUrl\":\"https:\/\/vamosbet18.com\/wp-content\/uploads\/2023\/11\/Vamos-11.png\",\"width\":171,\"height\":64,\"caption\":\"vamosbet18.com\"},\"image\":{\"@id\":\"https:\/\/vamosbet18.com\/#\/schema\/logo\/image\/\"}}]}<\/script>\n<!-- \/ Yoast SEO plugin. -->","yoast_head_json":{"title":"Verbessern Sie Ihr Wettspiel mit der Vamos Bet Handy-App","description":"Erleben Sie den Gipfel der Bequemlichkeit und Spannung mit der Vamos Bet Mobile App - Ihr Tor zur aufregenden Welt der Sportwetten, direkt an Ihren Fingerspitzen.","robots":{"index":"index","follow":"follow","max-snippet":"max-snippet:-1","max-image-preview":"max-image-preview:large","max-video-preview":"max-video-preview:-1"},"canonical":"https:\/\/vamosbet18.com\/de\/vamosbet-herunterladen\/","og_locale":"de_DE","og_type":"article","og_title":"Verbessern Sie Ihr Wettspiel mit der Vamos Bet Handy-App","og_description":"Erleben Sie den Gipfel der Bequemlichkeit und Spannung mit der Vamos Bet Mobile App - Ihr Tor zur aufregenden Welt der Sportwetten, direkt an Ihren Fingerspitzen.","og_url":"https:\/\/vamosbet18.com\/de\/vamosbet-herunterladen\/","og_site_name":"vamosbet18.com","article_modified_time":"2025-04-17T08:08:32+00:00","og_image":[{"url":"https:\/\/vamosbet18.com\/wp-content\/uploads\/2023\/11\/6-e1701945798763.jpg"}],"twitter_card":"summary_large_image","twitter_misc":{"Gesch\u00e4tzte Lesezeit":"5 Minuten"},"schema":{"@context":"https:\/\/schema.org","@graph":[{"@type":"WebPage","@id":"https:\/\/vamosbet18.com\/de\/vamosbet-herunterladen\/","url":"https:\/\/vamosbet18.com\/de\/vamosbet-herunterladen\/","name":"Verbessern Sie Ihr Wettspiel mit der Vamos Bet Handy-App","isPartOf":{"@id":"https:\/\/vamosbet18.com\/#website"},"primaryImageOfPage":{"@id":"https:\/\/vamosbet18.com\/de\/vamosbet-herunterladen\/#primaryimage"},"image":{"@id":"https:\/\/vamosbet18.com\/de\/vamosbet-herunterladen\/#primaryimage"},"thumbnailUrl":"https:\/\/vamosbet18.com\/wp-content\/uploads\/2023\/11\/6-e1701945798763.jpg","datePublished":"2024-02-08T12:33:34+00:00","dateModified":"2025-04-17T08:08:32+00:00","description":"Erleben Sie den Gipfel der Bequemlichkeit und Spannung mit der Vamos Bet Mobile App - Ihr Tor zur aufregenden Welt der Sportwetten, direkt an Ihren Fingerspitzen.","breadcrumb":{"@id":"https:\/\/vamosbet18.com\/de\/vamosbet-herunterladen\/#breadcrumb"},"inLanguage":"de-DE","potentialAction":[{"@type":"ReadAction","target":["https:\/\/vamosbet18.com\/de\/vamosbet-herunterladen\/"]}]},{"@type":"ImageObject","inLanguage":"de-DE","@id":"https:\/\/vamosbet18.com\/de\/vamosbet-herunterladen\/#primaryimage","url":"https:\/\/vamosbet18.com\/wp-content\/uploads\/2023\/11\/6-e1701945798763.jpg","contentUrl":"https:\/\/vamosbet18.com\/wp-content\/uploads\/2023\/11\/6-e1701945798763.jpg"},{"@type":"BreadcrumbList","@id":"https:\/\/vamosbet18.com\/de\/vamosbet-herunterladen\/#breadcrumb","itemListElement":[{"@type":"ListItem","position":1,"name":"Home","item":"https:\/\/vamosbet18.com\/de\/"},{"@type":"ListItem","position":2,"name":"Vamosbet herunterladen"}]},{"@type":"WebSite","@id":"https:\/\/vamosbet18.com\/#website","url":"https:\/\/vamosbet18.com\/","name":"vamosbet18.com","description":"","publisher":{"@id":"https:\/\/vamosbet18.com\/#organization"},"potentialAction":[{"@type":"SearchAction","target":{"@type":"EntryPoint","urlTemplate":"https:\/\/vamosbet18.com\/?s={search_term_string}"},"query-input":"required name=search_term_string"}],"inLanguage":"de-DE"},{"@type":"Organization","@id":"https:\/\/vamosbet18.com\/#organization","name":"vamosbet18.com","url":"https:\/\/vamosbet18.com\/","logo":{"@type":"ImageObject","inLanguage":"de-DE","@id":"https:\/\/vamosbet18.com\/#\/schema\/logo\/image\/","url":"https:\/\/vamosbet18.com\/wp-content\/uploads\/2023\/11\/Vamos-11.png","contentUrl":"https:\/\/vamosbet18.com\/wp-content\/uploads\/2023\/11\/Vamos-11.png","width":171,"height":64,"caption":"vamosbet18.com"},"image":{"@id":"https:\/\/vamosbet18.com\/#\/schema\/logo\/image\/"}}]}},"uagb_featured_image_src":{"full":false,"thumbnail":false,"medium":false,"medium_large":false,"large":false,"1536x1536":false,"2048x2048":false},"uagb_author_info":{"display_name":"sol_casino20","author_link":"https:\/\/vamosbet18.com\/de\/author\/vamosbet18.com\/de\/"},"uagb_comment_info":0,"uagb_excerpt":"&#13; Das ultimative Wamo-Wett-App-Erlebnis &#13; &#13; &#13; Die Vamos-Wett-App ist die Quintessenz aus Komfort und benutzerorientiertem Design, zugeschnitten auf die Bed\u00fcrfnisse des modernen Wettkunden in \u00c4thiopien. Sie ist ein nahtloses Portal in die aufregende Welt der Sportwetten, wo der n\u00e4chste gro\u00dfe Gewinn nur einen Fingertipp entfernt ist. Wie ein begeisterter Nutzer es ausdr\u00fcckt: &#13; &#13;&hellip;","_links":{"self":[{"href":"https:\/\/vamosbet18.com\/de\/wp-json\/wp\/v2\/pages\/364"}],"collection":[{"href":"https:\/\/vamosbet18.com\/de\/wp-json\/wp\/v2\/pages"}],"about":[{"href":"https:\/\/vamosbet18.com\/de\/wp-json\/wp\/v2\/types\/page"}],"author":[{"embeddable":true,"href":"https:\/\/vamosbet18.com\/de\/wp-json\/wp\/v2\/users\/1"}],"replies":[{"embeddable":true,"href":"https:\/\/vamosbet18.com\/de\/wp-json\/wp\/v2\/comments?post=364"}],"version-history":[{"count":6,"href":"https:\/\/vamosbet18.com\/de\/wp-json\/wp\/v2\/pages\/364\/revisions"}],"predecessor-version":[{"id":536,"href":"https:\/\/vamosbet18.com\/de\/wp-json\/wp\/v2\/pages\/364\/revisions\/536"}],"wp:attachment":[{"href":"https:\/\/vamosbet18.com\/de\/wp-json\/wp\/v2\/media?parent=364"}],"curies":[{"name":"wp","href":"https:\/\/api.w.org\/{rel}","templated":true}]}}