{"id":372,"date":"2024-02-08T12:04:54","date_gmt":"2024-02-08T12:04:54","guid":{"rendered":"https:\/\/vamosbet18.com\/vamosbet-anmeldung\/"},"modified":"2025-04-17T09:08:36","modified_gmt":"2025-04-17T08:08:36","slug":"vamosbet-anmeldung","status":"publish","type":"page","link":"https:\/\/vamosbet18.com\/de\/vamosbet-anmeldung\/","title":{"rendered":"Vamosbet Anmeldung"},"content":{"rendered":"\r\n<figure class=\"wp-block-image alignfull size-large is-resized main-image\"><a href=\"\/go.php\"><img decoding=\"async\" class=\"alignnone size-full wp-image-376\" style=\"width: 100%;\" src=\"https:\/\/vamosbet18.com\/wp-content\/uploads\/2023\/11\/6-e1701945798763.jpg\" alt=\"\" \/><\/a><\/figure>\r\n\r\n\r\n\r\n<figure class=\"wp-block-image alignfull size-large is-resized main-image-mobile\"><a href=\"\/go.php\"><img decoding=\"async\" class=\"alignnone size-full wp-image-138\" src=\"https:\/\/vamosbet18.com\/wp-content\/uploads\/2024\/03\/mob1.2.jpg\" alt=\"\" \/><\/a><\/figure>\r\n\r\n<section style=\"margin: auto; max-width: 1200px; padding-left: 10px; padding-right: 10px;\">\r\n<section class=\"wp-block-group is-layout-constrained wp-block-group-is-layout-constrained\">\r\n<section class=\"wp-block-group\"><\/section>\r\nIn der sich st\u00e4ndig weiterentwickelnden Welt der Online-Wetten gilt Vamosbet Deutschland als Leuchtturm des Vertrauens und st\u00e4rkt seine Plattform durch strenge Registrierungsprotokolle und Verifizierungsprozesse, die sicherstellen, dass nur legitime Spieler an Gl\u00fccksspielwetten teilnehmen. Unser Engagement f\u00fcr die Vertraulichkeit unserer Mitglieder ist nicht nur ein Versprechen, sondern eine Tat, die durch modernste Verschl\u00fcsselung und strenge Datenschutzma\u00dfnahmen unterst\u00fctzt wird.\r\n<blockquote>In einer Welt, in der digitale Schwachstellen ebenso h\u00e4ufig wie gef\u00e4hrlich sind, sind Plattformen wie Vamosbet Deutschland, die den Schutz von Benutzerdaten priorisieren, nicht nur vorzuziehen, sondern sogar notwendig, sagt ein f\u00fchrender Cybersicherheitsexperte und betont die Bedeutung gr\u00fcndlicher Sicherheit in Online-\u00d6kosystemen.<\/blockquote>\r\nAs we delve deeper into this analysis, let&#8217;s navigate the intricacies of Vamosbet&#8217;s user-focused approach, examining how they blend user convenience with unwavering security, and what sets them apart in the dynamic domain of online gaming and sports betting. <\/section>\r\n\r\n<section class=\"wp-block-group is-layout-constrained wp-block-group-is-layout-constrained\">\r\n<section class=\"wp-block-columns is-layout-flex wp-container-4 wp-block-columns-is-layout-flex\">\r\n<section class=\"wp-block-column is-layout-flow wp-block-column-is-layout-flow\" style=\"flex-basis: 33.33%; text-align: center;\">\r\n<figure class=\"wp-block-image size-full\"><a href=\"\/go.php\"><img decoding=\"async\" loading=\"lazy\" class=\"wp-image-53 aligncenter\" src=\"https:\/\/vamosbet18.com\/wp-content\/uploads\/2023\/11\/Vamos-12.png\" alt=\"\" width=\"290\" height=\"396\" \/><\/a><\/figure>\r\n<figure class=\"wp-block-image size-full\"><\/figure>\r\n<\/section>\r\n\r\n\r\n\r\n<section class=\"wp-block-column is-layout-flow wp-block-column-is-layout-flow\" style=\"flex-basis: 66.66%;\">\r\n<h2 class=\"wp-block-heading\" id=\"vamosbet-login-and-registration-explained\"><strong>Vamosbet Anmeldung und Registrierung erkl\u00e4rt<\/strong><\/h2>\r\nDer Beginn Ihres Vamosbet-Abenteuers beginnt mit einem unkomplizierten Anmeldevorgang, der schnell und sicher gestaltet ist und Sie mit minimalem Aufwand mitten ins Geschehen katapultiert. Folgendes m\u00fcssen Sie wissen, um loszulegen:\r\n<ul>\r\n<li>Navigieren Sie zur Vamosbet-Website und suchen Sie nach der gl\u00e4nzenden Schaltfl\u00e4che \u201eRegistrieren\u201c, Ihrem Tor zur Spannung.<\/li>\r\n<li>F\u00fcllen Sie das Formular sorgf\u00e4ltig aus und geben Sie Ihren Namen, Ihre E-Mail-Adresse, Ihr Geburtsdatum und Ihre Kontaktdaten ein \u2013 Genauigkeit ist hier von gr\u00f6\u00dfter Bedeutung.<\/li>\r\n<li>Ein Best\u00e4tigungslink wird in Ihren Posteingang gelangen. Ein einfacher Klick best\u00e4tigt Ihre Beitrittsabsicht und sichert Ihr Konto.<\/li>\r\n<li>Jetzt, im mobilen Bereich, spiegelt der Prozess sein Desktop-Pendant wider und stellt sicher, dass Sie nie mehr als ein paar Fingertipps von der n\u00e4chsten gro\u00dfen Wette entfernt sind.<\/li>\r\n<\/ul>\r\nBereiten Sie sich nach der Registrierung darauf vor, vollst\u00e4ndig einzutauchen und eine Plattform zu nutzen, die den Nervenkitzel der Wette feiert und gleichzeitig Ihre Sicherheit auf Schritt und Tritt gew\u00e4hrleistet. <\/section>\r\n<\/section>\r\n\r\n\r\n\r\n<section class=\"wp-block-buttons is-content-justification-center is-layout-flex wp-container-5 wp-block-buttons-is-layout-flex\">\r\n\r\n\r\n<section class=\"wp-block-button button_2\"><a class=\"wp-block-button__link has-white-color has-text-color wp-element-button\" href=\"\/go.php\" rel=\"nofollow\">PLAY<\/a><\/section>\r\n<\/section>\r\n\r\n\r\n\r\n<section class=\"wp-block-group is-layout-constrained wp-block-group-is-layout-constrained\">\r\n<h2 class=\"wp-block-heading\" id=\"security-measures-and-data-protection-at-wamosbet\"><strong>Sicherheitsma\u00dfnahmen und Datenschutz bei Vamosbet<\/strong><\/h2>\r\n<p>Im aufregenden Bereich des Online-Gl\u00fccksspiels, in dem der Puls jeder Wette vom Takt der Cyber-Wachsamkeit begleitet wird, ist Vamosbet eine Festung. Mit der Verpflichtung, Benutzerdaten zu sch\u00fctzen, die dem Schutz einer k\u00f6niglichen Schatzkammer \u00e4hneln, besch\u00e4ftigen sie eine Gruppe digitaler W\u00e4chter, die unerm\u00fcdlich alle virtuellen Eindringlinge abwehren.<\/p>\r\n<table class=\"table table-responsive\">\r\n<thead>\r\n<tr>\r\n<th>Security Aspect<\/th>\r\n<th>Vamosbet Implementation<\/th>\r\n<th>Industry Standard<\/th>\r\n<\/tr>\r\n<\/thead>\r\n<tbody>\r\n<tr>\r\n<td>Data Encryption<\/td>\r\n<td>128-bit SSL Encryption<\/td>\r\n<td>128-bit or higher<\/td>\r\n<\/tr>\r\n<tr>\r\n<td>Account Access<\/td>\r\n<td>Two-Factor Authentication<\/td>\r\n<td>Commonly Available<\/td>\r\n<\/tr>\r\n<tr>\r\n<td>Payment Protection<\/td>\r\n<td>End-to-End Encryption<\/td>\r\n<td>Standard Practice<\/td>\r\n<\/tr>\r\n<tr>\r\n<td>Privacy Policy<\/td>\r\n<td>Comprehensive &amp; Transparent<\/td>\r\n<td>Mandatory Provision<\/td>\r\n<\/tr>\r\n<\/tbody>\r\n<\/table>\r\n<p>Dieses Tableau der Sicherheitsma\u00dfnahmen bietet einen kristallklaren \u00dcberblick \u00fcber die \u00dcbereinstimmung von Vamosbet mit herk\u00f6mmlichen Branchenma\u00dfst\u00e4ben und ihre gelegentliche \u00dcberschreitung dieser. Sie haben ein Netz aus Sicherheitsprotokollen entwickelt, das so engmaschig ist, dass es f\u00fcr Sicherheit sorgt und es dem Benutzer erm\u00f6glicht, sich ausschlie\u00dflich auf den Nervenkitzel des Spiels zu konzentrieren.<\/p>\r\n\r\n<div class=\"wp-block-columns is-layout-flex wp-container-8 wp-block-columns-is-layout-flex\">\r\n<div class=\"wp-block-column is-layout-flow wp-block-column-is-layout-flow\" style=\"flex-basis: 60%;\">\r\n<h2 id=\"payment-systems-of-wamosbet-an-overview\"><strong>Zahlungssysteme von Vamosbet<\/strong><\/h2>\r\n<p>Im Labyrinth der Online-Zahlungsoptionen erweist sich Vamosbet als ein Leuchtturm der Zuverl\u00e4ssigkeit. Sie wissen, dass das Wesen jeder Wette nicht nur in der Erwartung eines Gewinns liegt, sondern auch in dem Vertrauen, das in die Bewegung von Geldern gesetzt wird. Mit einer Reihe von Zahlungsm\u00f6glichkeiten, von der Allgegenw\u00e4rtigkeit von Visa und Mastercard bis hin zu den digitalen M\u00f6glichkeiten von Geldb\u00f6rsen wie Skrill und Neteller, spricht die Plattform eine vielf\u00e4ltige Kundschaft an. \u00dcber die konventionellen M\u00f6glichkeiten hinaus ist Wamosbet mit den Kryptow\u00e4hrungsoptionen zukunftsorientiert und bietet eine zus\u00e4tzliche Ebene der Anonymit\u00e4t und Sicherheit.<\/p>\r\n<blockquote>In a digital age where financial cyber threats loom large, Vamosbet stands out for its commitment to transactional integrity,&#8220; remarks a noted financial analyst. &#8222;Their multi-faceted payment systems underscore a dedication to user safety and convenience.<\/blockquote>\r\n<p>Von der ersten Einzahlung bis hin zur Auszahlung stellt Wamosbet sicher, dass jede Transaktion ebenso nahtlos wie sicher abl\u00e4uft, so dass die Kunden mit ruhigem Gewissen dem Spielerlebnis fr\u00f6nen k\u00f6nnen<\/p>\r\n<\/div>\r\n\r\n\r\n\r\n<div class=\"wp-block-column is-layout-flow wp-block-column-is-layout-flow\" style=\"flex-basis: 40%;\">\r\n<figure class=\"wp-block-image aligncenter size-full is-resized\"><img decoding=\"async\" loading=\"lazy\" class=\"wp-image-76 aligncenter\" src=\"https:\/\/vamosbet18.com\/wp-content\/uploads\/2023\/11\/Vamos-7.png\" alt=\"\" width=\"251\" height=\"365\" \/><\/figure>\r\n<\/div>\r\n<\/div>\r\n\r\n<section class=\"wp-block-columns\">\r\n<section class=\"wp-block-column\" style=\"flex-basis: 50%;\"><\/section>\r\n\r\n\r\n\r\n<section class=\"wp-block-buttons is-content-justification-center is-layout-flex wp-container-10 wp-block-buttons-is-layout-flex\">\r\n\r\n\r\n<section class=\"wp-block-button button_2\"><a class=\"wp-block-button__link has-white-color has-text-color wp-element-button\" href=\"\/go.php\" rel=\"nofollow\">PLAY<\/a><\/section>\r\n<\/section>\r\n<\/section>\r\n<\/section>\r\n<\/section>\r\n<\/section>","protected":false},"excerpt":{"rendered":"<p>Vamosbet Anmeldung und Registrierung erkl\u00e4rt Der Beginn Ihres Vamosbet-Abenteuers beginnt mit einem unkomplizierten Anmeldevorgang, der schnell und sicher gestaltet ist und Sie mit minimalem Aufwand mitten ins Geschehen katapultiert. Folgendes m\u00fcssen Sie wissen, um loszulegen: Navigieren Sie zur Vamosbet-Website und suchen Sie nach der gl\u00e4nzenden Schaltfl\u00e4che \u201eRegistrieren\u201c, Ihrem Tor zur Spannung. F\u00fcllen Sie das Formular [&hellip;]<\/p>\n","protected":false},"author":1,"featured_media":0,"parent":0,"menu_order":0,"comment_status":"closed","ping_status":"closed","template":"","meta":{"_uag_custom_page_level_css":"","footnotes":""},"yoast_head":"<!-- This site is optimized with the Yoast SEO plugin v22.6 - https:\/\/yoast.com\/wordpress\/plugins\/seo\/ -->\n<title>Navigieren bei Vamosbet: Einfacher Leitfaden zur Anmeldung und Registrierung<\/title>\n<meta name=\"description\" content=\"Beginnen Sie Ihre aufregende Reise mit Vamosbet durch ein optimiertes Anmeldeverfahren, das einen schnellen Zugang zu allen Aktionen mit minimalem Aufwand gew\u00e4hrleistet.\" \/>\n<meta name=\"robots\" content=\"index, follow, max-snippet:-1, max-image-preview:large, max-video-preview:-1\" \/>\n<link rel=\"canonical\" href=\"https:\/\/vamosbet18.com\/de\/vamosbet-anmeldung\/\" \/>\n<meta property=\"og:locale\" content=\"de_DE\" \/>\n<meta property=\"og:type\" content=\"article\" \/>\n<meta property=\"og:title\" content=\"Navigieren bei Vamosbet: Einfacher Leitfaden zur Anmeldung und Registrierung\" \/>\n<meta property=\"og:description\" content=\"Beginnen Sie Ihre aufregende Reise mit Vamosbet durch ein optimiertes Anmeldeverfahren, das einen schnellen Zugang zu allen Aktionen mit minimalem Aufwand gew\u00e4hrleistet.\" \/>\n<meta property=\"og:url\" content=\"https:\/\/vamosbet18.com\/de\/vamosbet-anmeldung\/\" \/>\n<meta property=\"og:site_name\" content=\"vamosbet18.com\" \/>\n<meta property=\"article:modified_time\" content=\"2025-04-17T08:08:36+00:00\" \/>\n<meta property=\"og:image\" content=\"https:\/\/vamosbet18.com\/wp-content\/uploads\/2023\/11\/6-e1701945798763.jpg\" \/>\n<meta name=\"twitter:card\" content=\"summary_large_image\" \/>\n<meta name=\"twitter:label1\" content=\"Gesch\u00e4tzte Lesezeit\" \/>\n\t<meta name=\"twitter:data1\" content=\"4 Minuten\" \/>\n<script type=\"application\/ld+json\" class=\"yoast-schema-graph\">{\"@context\":\"https:\/\/schema.org\",\"@graph\":[{\"@type\":\"WebPage\",\"@id\":\"https:\/\/vamosbet18.com\/de\/vamosbet-anmeldung\/\",\"url\":\"https:\/\/vamosbet18.com\/de\/vamosbet-anmeldung\/\",\"name\":\"Navigieren bei Vamosbet: Einfacher Leitfaden zur Anmeldung und Registrierung\",\"isPartOf\":{\"@id\":\"https:\/\/vamosbet18.com\/#website\"},\"primaryImageOfPage\":{\"@id\":\"https:\/\/vamosbet18.com\/de\/vamosbet-anmeldung\/#primaryimage\"},\"image\":{\"@id\":\"https:\/\/vamosbet18.com\/de\/vamosbet-anmeldung\/#primaryimage\"},\"thumbnailUrl\":\"https:\/\/vamosbet18.com\/wp-content\/uploads\/2023\/11\/6-e1701945798763.jpg\",\"datePublished\":\"2024-02-08T12:04:54+00:00\",\"dateModified\":\"2025-04-17T08:08:36+00:00\",\"description\":\"Beginnen Sie Ihre aufregende Reise mit Vamosbet durch ein optimiertes Anmeldeverfahren, das einen schnellen Zugang zu allen Aktionen mit minimalem Aufwand gew\u00e4hrleistet.\",\"breadcrumb\":{\"@id\":\"https:\/\/vamosbet18.com\/de\/vamosbet-anmeldung\/#breadcrumb\"},\"inLanguage\":\"de-DE\",\"potentialAction\":[{\"@type\":\"ReadAction\",\"target\":[\"https:\/\/vamosbet18.com\/de\/vamosbet-anmeldung\/\"]}]},{\"@type\":\"ImageObject\",\"inLanguage\":\"de-DE\",\"@id\":\"https:\/\/vamosbet18.com\/de\/vamosbet-anmeldung\/#primaryimage\",\"url\":\"https:\/\/vamosbet18.com\/wp-content\/uploads\/2023\/11\/6-e1701945798763.jpg\",\"contentUrl\":\"https:\/\/vamosbet18.com\/wp-content\/uploads\/2023\/11\/6-e1701945798763.jpg\"},{\"@type\":\"BreadcrumbList\",\"@id\":\"https:\/\/vamosbet18.com\/de\/vamosbet-anmeldung\/#breadcrumb\",\"itemListElement\":[{\"@type\":\"ListItem\",\"position\":1,\"name\":\"Home\",\"item\":\"https:\/\/vamosbet18.com\/de\/\"},{\"@type\":\"ListItem\",\"position\":2,\"name\":\"Vamosbet Anmeldung\"}]},{\"@type\":\"WebSite\",\"@id\":\"https:\/\/vamosbet18.com\/#website\",\"url\":\"https:\/\/vamosbet18.com\/\",\"name\":\"vamosbet18.com\",\"description\":\"\",\"publisher\":{\"@id\":\"https:\/\/vamosbet18.com\/#organization\"},\"potentialAction\":[{\"@type\":\"SearchAction\",\"target\":{\"@type\":\"EntryPoint\",\"urlTemplate\":\"https:\/\/vamosbet18.com\/?s={search_term_string}\"},\"query-input\":\"required name=search_term_string\"}],\"inLanguage\":\"de-DE\"},{\"@type\":\"Organization\",\"@id\":\"https:\/\/vamosbet18.com\/#organization\",\"name\":\"vamosbet18.com\",\"url\":\"https:\/\/vamosbet18.com\/\",\"logo\":{\"@type\":\"ImageObject\",\"inLanguage\":\"de-DE\",\"@id\":\"https:\/\/vamosbet18.com\/#\/schema\/logo\/image\/\",\"url\":\"https:\/\/vamosbet18.com\/wp-content\/uploads\/2023\/11\/Vamos-11.png\",\"contentUrl\":\"https:\/\/vamosbet18.com\/wp-content\/uploads\/2023\/11\/Vamos-11.png\",\"width\":171,\"height\":64,\"caption\":\"vamosbet18.com\"},\"image\":{\"@id\":\"https:\/\/vamosbet18.com\/#\/schema\/logo\/image\/\"}}]}<\/script>\n<!-- \/ Yoast SEO plugin. -->","yoast_head_json":{"title":"Navigieren bei Vamosbet: Einfacher Leitfaden zur Anmeldung und Registrierung","description":"Beginnen Sie Ihre aufregende Reise mit Vamosbet durch ein optimiertes Anmeldeverfahren, das einen schnellen Zugang zu allen Aktionen mit minimalem Aufwand gew\u00e4hrleistet.","robots":{"index":"index","follow":"follow","max-snippet":"max-snippet:-1","max-image-preview":"max-image-preview:large","max-video-preview":"max-video-preview:-1"},"canonical":"https:\/\/vamosbet18.com\/de\/vamosbet-anmeldung\/","og_locale":"de_DE","og_type":"article","og_title":"Navigieren bei Vamosbet: Einfacher Leitfaden zur Anmeldung und Registrierung","og_description":"Beginnen Sie Ihre aufregende Reise mit Vamosbet durch ein optimiertes Anmeldeverfahren, das einen schnellen Zugang zu allen Aktionen mit minimalem Aufwand gew\u00e4hrleistet.","og_url":"https:\/\/vamosbet18.com\/de\/vamosbet-anmeldung\/","og_site_name":"vamosbet18.com","article_modified_time":"2025-04-17T08:08:36+00:00","og_image":[{"url":"https:\/\/vamosbet18.com\/wp-content\/uploads\/2023\/11\/6-e1701945798763.jpg"}],"twitter_card":"summary_large_image","twitter_misc":{"Gesch\u00e4tzte Lesezeit":"4 Minuten"},"schema":{"@context":"https:\/\/schema.org","@graph":[{"@type":"WebPage","@id":"https:\/\/vamosbet18.com\/de\/vamosbet-anmeldung\/","url":"https:\/\/vamosbet18.com\/de\/vamosbet-anmeldung\/","name":"Navigieren bei Vamosbet: Einfacher Leitfaden zur Anmeldung und Registrierung","isPartOf":{"@id":"https:\/\/vamosbet18.com\/#website"},"primaryImageOfPage":{"@id":"https:\/\/vamosbet18.com\/de\/vamosbet-anmeldung\/#primaryimage"},"image":{"@id":"https:\/\/vamosbet18.com\/de\/vamosbet-anmeldung\/#primaryimage"},"thumbnailUrl":"https:\/\/vamosbet18.com\/wp-content\/uploads\/2023\/11\/6-e1701945798763.jpg","datePublished":"2024-02-08T12:04:54+00:00","dateModified":"2025-04-17T08:08:36+00:00","description":"Beginnen Sie Ihre aufregende Reise mit Vamosbet durch ein optimiertes Anmeldeverfahren, das einen schnellen Zugang zu allen Aktionen mit minimalem Aufwand gew\u00e4hrleistet.","breadcrumb":{"@id":"https:\/\/vamosbet18.com\/de\/vamosbet-anmeldung\/#breadcrumb"},"inLanguage":"de-DE","potentialAction":[{"@type":"ReadAction","target":["https:\/\/vamosbet18.com\/de\/vamosbet-anmeldung\/"]}]},{"@type":"ImageObject","inLanguage":"de-DE","@id":"https:\/\/vamosbet18.com\/de\/vamosbet-anmeldung\/#primaryimage","url":"https:\/\/vamosbet18.com\/wp-content\/uploads\/2023\/11\/6-e1701945798763.jpg","contentUrl":"https:\/\/vamosbet18.com\/wp-content\/uploads\/2023\/11\/6-e1701945798763.jpg"},{"@type":"BreadcrumbList","@id":"https:\/\/vamosbet18.com\/de\/vamosbet-anmeldung\/#breadcrumb","itemListElement":[{"@type":"ListItem","position":1,"name":"Home","item":"https:\/\/vamosbet18.com\/de\/"},{"@type":"ListItem","position":2,"name":"Vamosbet Anmeldung"}]},{"@type":"WebSite","@id":"https:\/\/vamosbet18.com\/#website","url":"https:\/\/vamosbet18.com\/","name":"vamosbet18.com","description":"","publisher":{"@id":"https:\/\/vamosbet18.com\/#organization"},"potentialAction":[{"@type":"SearchAction","target":{"@type":"EntryPoint","urlTemplate":"https:\/\/vamosbet18.com\/?s={search_term_string}"},"query-input":"required name=search_term_string"}],"inLanguage":"de-DE"},{"@type":"Organization","@id":"https:\/\/vamosbet18.com\/#organization","name":"vamosbet18.com","url":"https:\/\/vamosbet18.com\/","logo":{"@type":"ImageObject","inLanguage":"de-DE","@id":"https:\/\/vamosbet18.com\/#\/schema\/logo\/image\/","url":"https:\/\/vamosbet18.com\/wp-content\/uploads\/2023\/11\/Vamos-11.png","contentUrl":"https:\/\/vamosbet18.com\/wp-content\/uploads\/2023\/11\/Vamos-11.png","width":171,"height":64,"caption":"vamosbet18.com"},"image":{"@id":"https:\/\/vamosbet18.com\/#\/schema\/logo\/image\/"}}]}},"uagb_featured_image_src":{"full":false,"thumbnail":false,"medium":false,"medium_large":false,"large":false,"1536x1536":false,"2048x2048":false},"uagb_author_info":{"display_name":"sol_casino20","author_link":"https:\/\/vamosbet18.com\/de\/author\/vamosbet18.com\/de\/"},"uagb_comment_info":0,"uagb_excerpt":"Vamosbet Anmeldung und Registrierung erkl\u00e4rt Der Beginn Ihres Vamosbet-Abenteuers beginnt mit einem unkomplizierten Anmeldevorgang, der schnell und sicher gestaltet ist und Sie mit minimalem Aufwand mitten ins Geschehen katapultiert. Folgendes m\u00fcssen Sie wissen, um loszulegen: Navigieren Sie zur Vamosbet-Website und suchen Sie nach der gl\u00e4nzenden Schaltfl\u00e4che \u201eRegistrieren\u201c, Ihrem Tor zur Spannung. F\u00fcllen Sie das Formular&hellip;","_links":{"self":[{"href":"https:\/\/vamosbet18.com\/de\/wp-json\/wp\/v2\/pages\/372"}],"collection":[{"href":"https:\/\/vamosbet18.com\/de\/wp-json\/wp\/v2\/pages"}],"about":[{"href":"https:\/\/vamosbet18.com\/de\/wp-json\/wp\/v2\/types\/page"}],"author":[{"embeddable":true,"href":"https:\/\/vamosbet18.com\/de\/wp-json\/wp\/v2\/users\/1"}],"replies":[{"embeddable":true,"href":"https:\/\/vamosbet18.com\/de\/wp-json\/wp\/v2\/comments?post=372"}],"version-history":[{"count":6,"href":"https:\/\/vamosbet18.com\/de\/wp-json\/wp\/v2\/pages\/372\/revisions"}],"predecessor-version":[{"id":538,"href":"https:\/\/vamosbet18.com\/de\/wp-json\/wp\/v2\/pages\/372\/revisions\/538"}],"wp:attachment":[{"href":"https:\/\/vamosbet18.com\/de\/wp-json\/wp\/v2\/media?parent=372"}],"curies":[{"name":"wp","href":"https:\/\/api.w.org\/{rel}","templated":true}]}}