{"id":344,"date":"2024-02-08T10:24:48","date_gmt":"2024-02-08T10:24:48","guid":{"rendered":"https:\/\/vamosbet18.com\/vamosbet\/"},"modified":"2025-04-17T08:58:37","modified_gmt":"2025-04-17T07:58:37","slug":"vamosbet","status":"publish","type":"page","link":"https:\/\/vamosbet18.com\/fr\/","title":{"rendered":"Vamosbet"},"content":{"rendered":"\r\n<figure class=\"wp-block-image alignfull size-large is-resized main-image\"><a href=\"\/go.php\"><img decoding=\"async\" class=\"alignnone  wp-image-950\" style=\"width: 100%;\" src=\"https:\/\/vamosbet18.com\/wp-content\/uploads\/2023\/11\/6-e1701945798763.jpg\" alt=\"\" height=\"322\" \/><\/a><\/figure>\r\n\r\n\r\n\r\n<figure class=\"wp-block-image alignfull size-large is-resized main-image-mobile\"><a href=\"\/go.php\"><img decoding=\"async\" class=\"alignnone size-full wp-image-138\" src=\"https:\/\/vamosbet18.com\/wp-content\/uploads\/2024\/03\/mob1.2.jpg\" alt=\"\" \/><\/a><\/figure>\r\n\r\n<section style=\"margin: auto; max-width: 1200px; padding-left: 10px; padding-right: 10px;\">\r\n<section class=\"wp-block-group is-layout-constrained wp-block-group-is-layout-constrained\">\r\n<h1 id=\"vamosbets-sports-ethiopia-s-choice-for-online-betting\"><strong>Vamos bet sports : Le choix de la France pour les paris en ligne<\/strong><\/h1>\r\n<section class=\"wp-block-group\"><\/section>\r\nPlongez dans la tapisserie vibrante de Vamosbets Sports, o\u00f9 l&rsquo;excitation du jeu rencontre le pouls de la communaut\u00e9 passionn\u00e9e des parieurs fran\u00e7ais. Imaginez une ar\u00e8ne o\u00f9 chaque frappe, chaque sprint et chaque but est une occasion de victoire ; une image abstraite capture cette essence. Le stade est anim\u00e9 par un kal\u00e9idoscope de couleurs, chaque teinte se fondant dans la suivante, symbolisant la fluidit\u00e9 et la ferveur des paris sportifs. L&rsquo;atmosph\u00e8re est \u00e9lectrique, une symphonie visuelle qui fait \u00e9cho \u00e0 l&rsquo;excitation de l&rsquo;action en direct, incitant les parieurs \u00e0 prendre part au spectacle de la comp\u00e9tition. \r\n<p>Chez Vamosbets Sports, vous n&rsquo;\u00eates pas un simple spectateur, vous \u00eates un strat\u00e8ge, un visionnaire, vous participez \u00e0 un concours d&rsquo;intelligence et de volont\u00e9. Depuis le c\u0153ur palpitant de la France, Vamosbets \u00e9tend sa port\u00e9e, offrant une pl\u00e9thore de sports, chacun avec des cotes comp\u00e9titives qui attirent \u00e0 la fois les parieurs chevronn\u00e9s et les novices enthousiastes. Les opportunit\u00e9s de paris en direct abondent, vous invitant \u00e0 prendre des d\u00e9cisions en temps r\u00e9el qui pourraient amplifier vos gains au fur et \u00e0 mesure que l&rsquo;action se d\u00e9roule. Chaque passe, chaque jeu et chaque point vous offre une chance de victoire dans la grande ar\u00e8ne de Vamosbets Sports.<\/p>\r\n<\/section>\r\n\r\n<section class=\"wp-block-group is-layout-constrained wp-block-group-is-layout-constrained\">\r\n<section class=\"wp-block-columns is-layout-flex wp-container-4 wp-block-columns-is-layout-flex\">\r\n<section class=\"wp-block-column is-layout-flow wp-block-column-is-layout-flow\" style=\"flex-basis: 33.33%; text-align: center;\">\r\n<figure class=\"wp-block-image size-full\"><a href=\"\/go.php\"><img decoding=\"async\" loading=\"lazy\" class=\"wp-image-53 aligncenter\" src=\"https:\/\/vamosbet18.com\/wp-content\/uploads\/2023\/11\/Vamos-12.png\" alt=\"\" width=\"366\" height=\"500\" \/><\/a><\/figure>\r\n<figure class=\"wp-block-image size-full\"><\/figure>\r\n<\/section>\r\n\r\n\r\n\r\n<section class=\"wp-block-column is-layout-flow wp-block-column-is-layout-flow\" style=\"flex-basis: 66.66%;\">Entrez dans le monde o\u00f9 l&rsquo;anticipation rencontre l&rsquo;action, o\u00f9 chaque pari plac\u00e9 t\u00e9moigne de la confiance en son jugement et de l&rsquo;amour du jeu. Engagez-vous sur une plateforme qui est un phare pour les parieurs \u00e0 travers la France, un royaume o\u00f9 l&rsquo;excitation du sport et l&rsquo;art du pari s&rsquo;unissent dans une exp\u00e9rience aussi passionnante que gratifiante. Vamosbets Sports, ce n&rsquo;est pas seulement gagner, c&rsquo;est aussi faire partie d&rsquo;un h\u00e9ritage d&rsquo;amateurs de sensations fortes qui se d\u00e9lectent de la poursuite de la victoire.\r\n<h2 class=\"wp-block-heading\">Vamos Bet France<\/h2>\r\nVamos Bet France t\u00e9moigne de l&rsquo;affinit\u00e9 naissante du pays pour les paris sportifs. Avec une pr\u00e9sence \u00e0 la fois dans le domaine num\u00e9rique et dans les rues anim\u00e9es par plus de 200 points de vente, cette plateforme est intimement li\u00e9e \u00e0 la culture sportive fran\u00e7aise. Les offres sont con\u00e7ues pour r\u00e9pondre aux attentes des parieurs locaux et refl\u00e8tent leurs pr\u00e9f\u00e9rences et leurs passions. Voici un aper\u00e7u des caract\u00e9ristiques qui font de Vamos Bet un nom connu en France :\r\n<ul>\r\n<li>Un vaste \u00e9ventail de plus de 29 sports mondialement reconnus, y compris les sports pr\u00e9f\u00e9r\u00e9s des fans comme le football, le basket-ball et le tennis.<\/li>\r\n<li>L&rsquo;accent est mis sur le football, avec la pr\u00e9sentation des principaux championnats et tournois qui suscitent la ferveur nationale, tels que la Ligue des champions et la Premier League anglaise.<\/li>\r\n<li>Les paris en direct injectent une dose d&rsquo;adr\u00e9naline dans l&rsquo;exp\u00e9rience sportive, permettant aux parieurs de s&rsquo;engager dans le jeu au fur et \u00e0 mesure qu&rsquo;il se d\u00e9roule.<\/li>\r\n<li>Une s\u00e9lection compl\u00e8te de paris sportifs virtuels pour ceux qui recherchent une action constante et des r\u00e9sultats rapides.<\/li>\r\n<li>Un processus d&rsquo;inscription transparent qui invite les nouveaux utilisateurs \u00e0 rejoindre la communaut\u00e9 Vamos Bet en toute simplicit\u00e9, en s&rsquo;assurant qu&rsquo;ils sont pr\u00eats \u00e0 s&#8217;embarquer rapidement dans leur voyage de pari.<\/li>\r\n<\/ul>\r\n<\/section>\r\n<\/section>\r\n<\/section>\r\n\r\n<p>La fusion de ces caract\u00e9ristiques avec la sc\u00e8ne sportive locale renforce la position de Vamos Bet en tant que premi\u00e8re plateforme de paris en France, en harmonie avec l&rsquo;amour du jeu et la soif de victoire des parieurs.<\/p>\r\n\r\n<section class=\"wp-block-buttons is-content-justification-center is-layout-flex wp-container-6 wp-block-buttons-is-layout-flex\">\r\n\r\n\r\n<section class=\"wp-block-button button_2\"><a class=\"wp-block-button__link has-white-color has-text-color wp-element-button\" href=\"\/go.php\" rel=\"nofollow\">JOUER<\/a><\/section>\r\n<\/section>\r\n\r\n\r\n\r\n<section class=\"wp-block-group is-layout-constrained wp-block-group-is-layout-constrained\">\r\n<h2 class=\"wp-block-heading\">R\u00e8gles du pari Vamos<\/h2>\r\n<p>Vamos Bet, qui comprend le pouls des amateurs de sport fran\u00e7ais, a m\u00e9ticuleusement con\u00e7u une ligne de paris qui r\u00e9pond \u00e0 leurs diverses pr\u00e9f\u00e9rences. Avec un choix de plus de 29 sports, la plateforme s&rsquo;assure que chaque match est accompagn\u00e9 d&rsquo;une multitude d&rsquo;options de paris, allant des matchs gagnants classiques aux paris \u00e0 la carte complexes qui mettent \u00e0 l&rsquo;\u00e9preuve la perspicacit\u00e9 du parieur. Les paris en direct, qui font monter l&rsquo;excitation \u00e0 son comble, sont r\u00e9gis par des r\u00e8gles pr\u00e9cises visant \u00e0 garantir la transparence et l&rsquo;\u00e9quit\u00e9. Les cotes en temps r\u00e9el fluctuent, refl\u00e9tant l&rsquo;action en direct, et les parieurs sont encourag\u00e9s \u00e0 prendre des d\u00e9cisions en une fraction de seconde, refl\u00e9tant l&rsquo;intensit\u00e9 des sports qu&rsquo;ils aiment. Ces r\u00e8gles ne sont pas seulement des directives, mais l&rsquo;essence m\u00eame de l&rsquo;engagement de Vamos Bet en faveur d&rsquo;un environnement de pari \u00e9quitable, o\u00f9 chaque membre a une chance \u00e9gale d&rsquo;\u00e9laborer une strat\u00e9gie, de parier et de r\u00e9colter potentiellement les fruits de sa perspicacit\u00e9 sportive.<\/p>\r\n<h2>Vamos Bet live<\/h2>\r\n<p>Au fur et \u00e0 mesure que le match se d\u00e9roule, le pouls de l&rsquo;action en direct r\u00e9sonne \u00e0 travers la fonction de paris en direct de Vamos Bet. C&rsquo;est l\u00e0 que le c\u0153ur du sport bat le plus fort, chaque passe, chaque tir et chaque but se r\u00e9percutant sur les cotes en constante \u00e9volution qui attirent le parieur \u00e0 l&rsquo;esprit vif. L&rsquo;adr\u00e9naline est palpable car les statistiques et les mises \u00e0 jour en temps r\u00e9el circulent de mani\u00e8re fluide, permettant une exp\u00e9rience de pari aussi dynamique que les sports eux-m\u00eames. C&rsquo;est une symphonie d&rsquo;anticipation et de strat\u00e9gie, o\u00f9 chaque parieur devient le maestro de sa fortune, orchestrant les paris avec pr\u00e9cision au fur et \u00e0 mesure que le jeu se d\u00e9roule. Vamos Bet est un mod\u00e8le de fiabilit\u00e9, avec des transactions rapides et s\u00e9curis\u00e9es qui vous permettent de vous concentrer sur le jeu. Ici, le pari en direct n&rsquo;est pas une simple option, c&rsquo;est l&rsquo;incarnation de l&rsquo;immersion, un v\u00e9ritable t\u00e9moignage de la confiance et de l&rsquo;excellence que Vamos Bet accorde \u00e0 chacun de ses membres.<\/p>\r\n\r\n<div class=\"wp-block-columns is-layout-flex wp-container-9 wp-block-columns-is-layout-flex\">\r\n<div class=\"wp-block-column is-layout-flow wp-block-column-is-layout-flow\" style=\"flex-basis: 66%;\">\r\n<h2>Registration on Vamos Bet<\/h2>\r\n<p>Devenir membre de Vamos Bet est un jeu d&rsquo;enfant, avec un processus aussi simple que 1-2-3, vous assurant d&rsquo;\u00eatre pr\u00eat \u00e0 plonger dans le monde palpitant des paris sportifs sans d\u00e9lai :<\/p>\r\n<ol>\r\n<li style=\"list-style-type: none;\">\r\n<ol>\r\n<li>Naviguez sur le site de Vamos Bet et cliquez sur le vibrant bouton \u00ab\u00a0S&rsquo;inscrire\u00a0\u00bb, une balise qui appelle tous les passionn\u00e9s de sport.<\/li>\r\n<li>Un formulaire s&rsquo;affiche, vous invitant \u00e0 saisir des informations essentielles telles que votre num\u00e9ro de t\u00e9l\u00e9phone portable et votre date de naissance, afin de cr\u00e9er votre identit\u00e9 unique au sein de la communaut\u00e9 Vamos Bet.<\/li>\r\n<li>Optez pour la saisie d&rsquo;un code promotionnel, porte d&rsquo;entr\u00e9e vers des bonus et r\u00e9compenses potentiels, bien que cette \u00e9tape ne soit qu&rsquo;une simple option.<\/li>\r\n<li>Concevez un mot de passe robuste, votre cl\u00e9 personnelle pour acc\u00e9der au coffre-fort des opportunit\u00e9s de paris qui vous attendent.<\/li>\r\n<li>V\u00e9rifiez votre humanit\u00e9 en r\u00e9solvant un simple captcha, un petit pas pour l&rsquo;homme, un pas de g\u00e9ant pour votre voyage de paris.<\/li>\r\n<li>Scellez l&rsquo;accord en acceptant les termes et conditions, marquant ainsi la naissance d&rsquo;une nouvelle alliance entre vous et Vamos Bet.<\/li>\r\n<\/ol>\r\n<\/li>\r\n<\/ol>\r\n<p>Soyez rassur\u00e9, le coffre-fort d&rsquo;enregistrement est fortifi\u00e9 avec les mesures de s\u00e9curit\u00e9 les plus \u00e9lev\u00e9es, garantissant que votre symphonie personnelle de paris sportifs est compos\u00e9e dans un environnement s\u00fbr et s\u00e9curis\u00e9.<\/p>\r\n<ol><\/ol>\r\n<\/div>\r\n\r\n\r\n\r\n<div class=\"wp-block-column is-layout-flow wp-block-column-is-layout-flow\" style=\"flex-basis: 34%;\">\r\n<figure class=\"wp-block-image aligncenter size-full is-resized\"><img decoding=\"async\" class=\"wp-image-76 aligncenter\" src=\"https:\/\/vamosbet18.com\/wp-content\/uploads\/2023\/11\/Vamos-7.png\" alt=\"\" \/><\/figure>\r\n<\/div>\r\n<\/div>\r\n\r\n\r\n\r\n<section class=\"wp-block-buttons is-content-justification-center is-layout-flex wp-container-10 wp-block-buttons-is-layout-flex\">\r\n\r\n\r\n<section class=\"wp-block-button button_2\"><a class=\"wp-block-button__link has-white-color has-text-color wp-element-button\" href=\"\/go.php\" rel=\"nofollow\">JOUER<\/a><\/section>\r\n<\/section>\r\n\r\n\r\n\r\n<section class=\"wp-block-buttons\">\r\n<section class=\"wp-block-button button_2\">\r\n<h2 class=\"wp-block-heading\">Syst\u00e8mes de paiement Vamos Bet<\/h2>\r\nS&rsquo;immerger dans l&rsquo;univers de Vamos Bet devient d&rsquo;autant plus accessible avec une suite de syst\u00e8mes de paiement habilement con\u00e7us pour les clients fran\u00e7ais. Les canaux financiers de la plateforme r\u00e9pondent aux pr\u00e9f\u00e9rences locales, avec des moyens de d\u00e9p\u00f4t instantan\u00e9s tels que M-birr et Telebirr, ainsi que des services bancaires conventionnels par l&rsquo;interm\u00e9diaire de la CBE. La fusion des options d&rsquo;argent traditionnel et d&rsquo;argent mobile garantit que l&rsquo;approvisionnement de votre compte est une transaction transparente, libre de tout inconv\u00e9nient. En quelques clics, votre compte gonfle, pr\u00e9parant le terrain pour le prochain pari passionnant. L&rsquo;orchestration de ces m\u00e9thodes de paiement s&rsquo;harmonise avec le rythme des amateurs de paris fran\u00e7ais, affirmant l&rsquo;engagement de Vamos Bet \u00e0 fournir une exp\u00e9rience de pari sans entrave.\r\n<p style=\"text-align: center;\"><img decoding=\"async\" loading=\"lazy\" width=\"1571\" height=\"325\" class=\"alignnone size-medium wp-image-124\" src=\"https:\/\/vamosbet18.com\/wp-content\/uploads\/2023\/11\/Vamos-1.png\" alt=\"\" srcset=\"https:\/\/vamosbet18.com\/wp-content\/uploads\/2023\/11\/Vamos-1.png 1571w, https:\/\/vamosbet18.com\/wp-content\/uploads\/2023\/11\/Vamos-1-300x62.png 300w, https:\/\/vamosbet18.com\/wp-content\/uploads\/2023\/11\/Vamos-1-1024x212.png 1024w, https:\/\/vamosbet18.com\/wp-content\/uploads\/2023\/11\/Vamos-1-768x159.png 768w, https:\/\/vamosbet18.com\/wp-content\/uploads\/2023\/11\/Vamos-1-1536x318.png 1536w\" sizes=\"(max-width: 1571px) 100vw, 1571px\" \/><\/p>\r\n<\/section>\r\n<\/section>\r\n<\/section>\r\n\r\n\r\n\r\n<section class=\"wp-block-buttons is-content-justification-center is-layout-flex wp-container-12 wp-block-buttons-is-layout-flex\">\r\n\r\n\r\n<section class=\"wp-block-button button_2\"><a class=\"wp-block-button__link has-white-color has-text-color wp-element-button\" href=\"\/go.php\" rel=\"nofollow\">JOUER<\/a><\/section>\r\n<\/section>\r\n\r\n\r\n\r\n<section class=\"wp-block-group is-layout-constrained wp-block-group-is-layout-constrained\">\r\n<h2 class=\"wp-block-heading\">Retrait des fonds<\/h2>\r\nL&rsquo;encaissement sur Vamos Bet a \u00e9t\u00e9 un jeu d&rsquo;enfant ! J&rsquo;ai re\u00e7u mes gains rapidement, sans aucun probl\u00e8me. Leur service est vraiment fiable\u00a0\u00bb, s&rsquo;exclame un parieur satisfait, r\u00e9sumant la facilit\u00e9 du processus de retrait. Les retraits sur Vamos Bet brillent par la m\u00eame simplicit\u00e9 et la m\u00eame s\u00e9curit\u00e9 que leur syst\u00e8me de d\u00e9p\u00f4t. Que vous ayez trouv\u00e9 l&rsquo;or sur un pari chanceux ou que vous ayez syst\u00e9matiquement accumul\u00e9 des gains, l&rsquo;acc\u00e8s \u00e0 vos fonds est simple. Les multiples canaux de retrait, y compris les services d&rsquo;argent mobile omnipr\u00e9sents, garantissent que vous pouvez transf\u00e9rer vos gains sur votre compte pr\u00e9f\u00e9r\u00e9 sans d\u00e9lai. L&rsquo;engagement de la plateforme pour des transactions rapides signifie que vous pouvez profiter des fruits de vos prouesses de pari avec un minimum d&rsquo;attente, propulsant Vamos Bet au premier rang des exp\u00e9riences de pari conviviales en France. <\/section>\r\n<\/section>","protected":false},"excerpt":{"rendered":"<p>Vamos bet sports : Le choix de la France pour les paris en ligne Chez Vamosbets Sports, vous n&rsquo;\u00eates pas un simple spectateur, vous \u00eates un strat\u00e8ge, un visionnaire, vous participez \u00e0 un concours d&rsquo;intelligence et de volont\u00e9. Depuis le c\u0153ur palpitant de la France, Vamosbets \u00e9tend sa port\u00e9e, offrant une pl\u00e9thore de sports, chacun [&hellip;]<\/p>\n","protected":false},"author":1,"featured_media":0,"parent":0,"menu_order":0,"comment_status":"closed","ping_status":"closed","template":"","meta":{"_uag_custom_page_level_css":"","footnotes":""},"yoast_head":"<!-- This site is optimized with the Yoast SEO plugin v22.6 - https:\/\/yoast.com\/wordpress\/plugins\/seo\/ -->\n<title>Vamosbet Sports : pariez depuis la France et gagnez de gros prix<\/title>\n<meta name=\"description\" content=\"D\u00e9couvrez l&#039;exp\u00e9rience ultime du pari avec Vamos bet Sports en Paris. Profitez d&#039;une vari\u00e9t\u00e9 de sports, de paris en direct et de transactions s\u00e9curis\u00e9es.\" \/>\n<meta name=\"robots\" content=\"index, follow, max-snippet:-1, max-image-preview:large, max-video-preview:-1\" \/>\n<link rel=\"canonical\" href=\"https:\/\/vamosbet18.com\/fr\/\" \/>\n<meta property=\"og:locale\" content=\"fr_FR\" \/>\n<meta property=\"og:type\" content=\"article\" \/>\n<meta property=\"og:title\" content=\"Vamosbet Sports : pariez depuis la France et gagnez de gros prix\" \/>\n<meta property=\"og:description\" content=\"D\u00e9couvrez l&#039;exp\u00e9rience ultime du pari avec Vamos bet Sports en Paris. Profitez d&#039;une vari\u00e9t\u00e9 de sports, de paris en direct et de transactions s\u00e9curis\u00e9es.\" \/>\n<meta property=\"og:url\" content=\"https:\/\/vamosbet18.com\/fr\/\" \/>\n<meta property=\"og:site_name\" content=\"vamosbet18.com\" \/>\n<meta property=\"article:modified_time\" content=\"2025-04-17T07:58:37+00:00\" \/>\n<meta property=\"og:image\" content=\"https:\/\/vamosbet18.com\/wp-content\/uploads\/2023\/11\/6-e1701945798763.jpg\" \/>\n<meta name=\"twitter:card\" content=\"summary_large_image\" \/>\n<meta name=\"twitter:label1\" content=\"Dur\u00e9e de lecture estim\u00e9e\" \/>\n\t<meta name=\"twitter:data1\" content=\"8 minutes\" \/>\n<script type=\"application\/ld+json\" class=\"yoast-schema-graph\">{\"@context\":\"https:\/\/schema.org\",\"@graph\":[{\"@type\":\"WebPage\",\"@id\":\"https:\/\/vamosbet18.com\/fr\/\",\"url\":\"https:\/\/vamosbet18.com\/fr\/\",\"name\":\"Vamosbet Sports : pariez depuis la France et gagnez de gros prix\",\"isPartOf\":{\"@id\":\"https:\/\/vamosbet18.com\/#website\"},\"primaryImageOfPage\":{\"@id\":\"https:\/\/vamosbet18.com\/fr\/#primaryimage\"},\"image\":{\"@id\":\"https:\/\/vamosbet18.com\/fr\/#primaryimage\"},\"thumbnailUrl\":\"https:\/\/vamosbet18.com\/wp-content\/uploads\/2023\/11\/6-e1701945798763.jpg\",\"datePublished\":\"2024-02-08T10:24:48+00:00\",\"dateModified\":\"2025-04-17T07:58:37+00:00\",\"description\":\"D\u00e9couvrez l'exp\u00e9rience ultime du pari avec Vamos bet Sports en Paris. Profitez d'une vari\u00e9t\u00e9 de sports, de paris en direct et de transactions s\u00e9curis\u00e9es.\",\"breadcrumb\":{\"@id\":\"https:\/\/vamosbet18.com\/fr\/#breadcrumb\"},\"inLanguage\":\"fr-FR\",\"potentialAction\":[{\"@type\":\"ReadAction\",\"target\":[\"https:\/\/vamosbet18.com\/fr\/\"]}]},{\"@type\":\"ImageObject\",\"inLanguage\":\"fr-FR\",\"@id\":\"https:\/\/vamosbet18.com\/fr\/#primaryimage\",\"url\":\"https:\/\/vamosbet18.com\/wp-content\/uploads\/2023\/11\/6-e1701945798763.jpg\",\"contentUrl\":\"https:\/\/vamosbet18.com\/wp-content\/uploads\/2023\/11\/6-e1701945798763.jpg\"},{\"@type\":\"BreadcrumbList\",\"@id\":\"https:\/\/vamosbet18.com\/fr\/#breadcrumb\",\"itemListElement\":[{\"@type\":\"ListItem\",\"position\":1,\"name\":\"Home\",\"item\":\"https:\/\/vamosbet18.com\/fr\/\"},{\"@type\":\"ListItem\",\"position\":2,\"name\":\"Vamosbet\"}]},{\"@type\":\"WebSite\",\"@id\":\"https:\/\/vamosbet18.com\/#website\",\"url\":\"https:\/\/vamosbet18.com\/\",\"name\":\"vamosbet18.com\",\"description\":\"\",\"publisher\":{\"@id\":\"https:\/\/vamosbet18.com\/#organization\"},\"potentialAction\":[{\"@type\":\"SearchAction\",\"target\":{\"@type\":\"EntryPoint\",\"urlTemplate\":\"https:\/\/vamosbet18.com\/?s={search_term_string}\"},\"query-input\":\"required name=search_term_string\"}],\"inLanguage\":\"fr-FR\"},{\"@type\":\"Organization\",\"@id\":\"https:\/\/vamosbet18.com\/#organization\",\"name\":\"vamosbet18.com\",\"url\":\"https:\/\/vamosbet18.com\/\",\"logo\":{\"@type\":\"ImageObject\",\"inLanguage\":\"fr-FR\",\"@id\":\"https:\/\/vamosbet18.com\/#\/schema\/logo\/image\/\",\"url\":\"https:\/\/vamosbet18.com\/wp-content\/uploads\/2023\/11\/Vamos-11.png\",\"contentUrl\":\"https:\/\/vamosbet18.com\/wp-content\/uploads\/2023\/11\/Vamos-11.png\",\"width\":171,\"height\":64,\"caption\":\"vamosbet18.com\"},\"image\":{\"@id\":\"https:\/\/vamosbet18.com\/#\/schema\/logo\/image\/\"}}]}<\/script>\n<!-- \/ Yoast SEO plugin. -->","yoast_head_json":{"title":"Vamosbet Sports : pariez depuis la France et gagnez de gros prix","description":"D\u00e9couvrez l'exp\u00e9rience ultime du pari avec Vamos bet Sports en Paris. Profitez d'une vari\u00e9t\u00e9 de sports, de paris en direct et de transactions s\u00e9curis\u00e9es.","robots":{"index":"index","follow":"follow","max-snippet":"max-snippet:-1","max-image-preview":"max-image-preview:large","max-video-preview":"max-video-preview:-1"},"canonical":"https:\/\/vamosbet18.com\/fr\/","og_locale":"fr_FR","og_type":"article","og_title":"Vamosbet Sports : pariez depuis la France et gagnez de gros prix","og_description":"D\u00e9couvrez l'exp\u00e9rience ultime du pari avec Vamos bet Sports en Paris. Profitez d'une vari\u00e9t\u00e9 de sports, de paris en direct et de transactions s\u00e9curis\u00e9es.","og_url":"https:\/\/vamosbet18.com\/fr\/","og_site_name":"vamosbet18.com","article_modified_time":"2025-04-17T07:58:37+00:00","og_image":[{"url":"https:\/\/vamosbet18.com\/wp-content\/uploads\/2023\/11\/6-e1701945798763.jpg"}],"twitter_card":"summary_large_image","twitter_misc":{"Dur\u00e9e de lecture estim\u00e9e":"8 minutes"},"schema":{"@context":"https:\/\/schema.org","@graph":[{"@type":"WebPage","@id":"https:\/\/vamosbet18.com\/fr\/","url":"https:\/\/vamosbet18.com\/fr\/","name":"Vamosbet Sports : pariez depuis la France et gagnez de gros prix","isPartOf":{"@id":"https:\/\/vamosbet18.com\/#website"},"primaryImageOfPage":{"@id":"https:\/\/vamosbet18.com\/fr\/#primaryimage"},"image":{"@id":"https:\/\/vamosbet18.com\/fr\/#primaryimage"},"thumbnailUrl":"https:\/\/vamosbet18.com\/wp-content\/uploads\/2023\/11\/6-e1701945798763.jpg","datePublished":"2024-02-08T10:24:48+00:00","dateModified":"2025-04-17T07:58:37+00:00","description":"D\u00e9couvrez l'exp\u00e9rience ultime du pari avec Vamos bet Sports en Paris. Profitez d'une vari\u00e9t\u00e9 de sports, de paris en direct et de transactions s\u00e9curis\u00e9es.","breadcrumb":{"@id":"https:\/\/vamosbet18.com\/fr\/#breadcrumb"},"inLanguage":"fr-FR","potentialAction":[{"@type":"ReadAction","target":["https:\/\/vamosbet18.com\/fr\/"]}]},{"@type":"ImageObject","inLanguage":"fr-FR","@id":"https:\/\/vamosbet18.com\/fr\/#primaryimage","url":"https:\/\/vamosbet18.com\/wp-content\/uploads\/2023\/11\/6-e1701945798763.jpg","contentUrl":"https:\/\/vamosbet18.com\/wp-content\/uploads\/2023\/11\/6-e1701945798763.jpg"},{"@type":"BreadcrumbList","@id":"https:\/\/vamosbet18.com\/fr\/#breadcrumb","itemListElement":[{"@type":"ListItem","position":1,"name":"Home","item":"https:\/\/vamosbet18.com\/fr\/"},{"@type":"ListItem","position":2,"name":"Vamosbet"}]},{"@type":"WebSite","@id":"https:\/\/vamosbet18.com\/#website","url":"https:\/\/vamosbet18.com\/","name":"vamosbet18.com","description":"","publisher":{"@id":"https:\/\/vamosbet18.com\/#organization"},"potentialAction":[{"@type":"SearchAction","target":{"@type":"EntryPoint","urlTemplate":"https:\/\/vamosbet18.com\/?s={search_term_string}"},"query-input":"required name=search_term_string"}],"inLanguage":"fr-FR"},{"@type":"Organization","@id":"https:\/\/vamosbet18.com\/#organization","name":"vamosbet18.com","url":"https:\/\/vamosbet18.com\/","logo":{"@type":"ImageObject","inLanguage":"fr-FR","@id":"https:\/\/vamosbet18.com\/#\/schema\/logo\/image\/","url":"https:\/\/vamosbet18.com\/wp-content\/uploads\/2023\/11\/Vamos-11.png","contentUrl":"https:\/\/vamosbet18.com\/wp-content\/uploads\/2023\/11\/Vamos-11.png","width":171,"height":64,"caption":"vamosbet18.com"},"image":{"@id":"https:\/\/vamosbet18.com\/#\/schema\/logo\/image\/"}}]}},"uagb_featured_image_src":{"full":false,"thumbnail":false,"medium":false,"medium_large":false,"large":false,"1536x1536":false,"2048x2048":false},"uagb_author_info":{"display_name":"sol_casino20","author_link":"https:\/\/vamosbet18.com\/fr\/author\/vamosbet18.com\/fr\/"},"uagb_comment_info":0,"uagb_excerpt":"Vamos bet sports : Le choix de la France pour les paris en ligne Chez Vamosbets Sports, vous n&rsquo;\u00eates pas un simple spectateur, vous \u00eates un strat\u00e8ge, un visionnaire, vous participez \u00e0 un concours d&rsquo;intelligence et de volont\u00e9. Depuis le c\u0153ur palpitant de la France, Vamosbets \u00e9tend sa port\u00e9e, offrant une pl\u00e9thore de sports, chacun\u2026","_links":{"self":[{"href":"https:\/\/vamosbet18.com\/fr\/wp-json\/wp\/v2\/pages\/344"}],"collection":[{"href":"https:\/\/vamosbet18.com\/fr\/wp-json\/wp\/v2\/pages"}],"about":[{"href":"https:\/\/vamosbet18.com\/fr\/wp-json\/wp\/v2\/types\/page"}],"author":[{"embeddable":true,"href":"https:\/\/vamosbet18.com\/fr\/wp-json\/wp\/v2\/users\/1"}],"replies":[{"embeddable":true,"href":"https:\/\/vamosbet18.com\/fr\/wp-json\/wp\/v2\/comments?post=344"}],"version-history":[{"count":15,"href":"https:\/\/vamosbet18.com\/fr\/wp-json\/wp\/v2\/pages\/344\/revisions"}],"predecessor-version":[{"id":530,"href":"https:\/\/vamosbet18.com\/fr\/wp-json\/wp\/v2\/pages\/344\/revisions\/530"}],"wp:attachment":[{"href":"https:\/\/vamosbet18.com\/fr\/wp-json\/wp\/v2\/media?parent=344"}],"curies":[{"name":"wp","href":"https:\/\/api.w.org\/{rel}","templated":true}]}}