{"id":348,"date":"2024-02-08T12:28:34","date_gmt":"2024-02-08T12:28:34","guid":{"rendered":"https:\/\/vamosbet18.com\/bonus-et-codes-promo-vamosbet\/"},"modified":"2025-04-17T08:58:45","modified_gmt":"2025-04-17T07:58:45","slug":"bonus-et-codes-promo-vamosbet","status":"publish","type":"page","link":"https:\/\/vamosbet18.com\/fr\/bonus-et-codes-promo-vamosbet\/","title":{"rendered":"Bonus et codes promo Vamosbet"},"content":{"rendered":"\r\n<figure class=\"wp-block-image alignfull size-large is-resized main-image\"><a href=\"\/go.php\"><img decoding=\"async\" class=\"alignnone size-full wp-image-376\" style=\"width: 100%;\" src=\"https:\/\/vamosbet18.com\/wp-content\/uploads\/2023\/11\/6-e1701945798763.jpg\" alt=\"\" \/><\/a><\/figure>\r\n\r\n\r\n\r\n<figure class=\"wp-block-image alignfull size-large is-resized main-image-mobile\"><a href=\"\/go.php\"><img decoding=\"async\" class=\"alignnone size-full wp-image-138\" src=\"https:\/\/vamosbet18.com\/wp-content\/uploads\/2024\/03\/mob1.2.jpg\" alt=\"\" \/><\/a><\/figure>\r\n\r\n<section style=\"margin: auto; max-width: 1200px; padding-left: 10px; padding-right: 10px;\">\r\n<section class=\"wp-block-group is-layout-constrained wp-block-group-is-layout-constrained\"><\/section>\r\n\r\n<div class=\"wp-block-columns is-layout-flex wp-container-4 wp-block-columns-is-layout-flex\">\r\n<div class=\"wp-block-column is-layout-flow wp-block-column-is-layout-flow\" style=\"flex-basis: 55%;\">\r\n<p>Dans le but de maximiser le plaisir du jeu, Vamosbet accueille ses nouveaux arrivants avec une corne d&rsquo;abondance de bonus qui am\u00e9liorent le voyage de pari d\u00e8s le d\u00e9part :<\/p>\r\n<ul>\r\n<li>Un g\u00e9n\u00e9reux <strong>Bonus de bienvenue<\/strong> qui fait monter l&rsquo;adr\u00e9naline des nouveaux joueurs.<\/li>\r\n<li><strong>M-Birr Deposit Bonuses<\/strong> qui r\u00e9compensent les utilisateurs qui adoptent des m\u00e9thodes de paiement locales.<\/li>\r\n<li><strong>Pari gratuit de 25 Birr<\/strong> pour go\u00fbter \u00e0 la victoire sans le risque initial.<\/li>\r\n<li><strong>Bonus multibet<\/strong> qui amplifient l&rsquo;excitation et les retours potentiels des paris accumulateurs.<\/li>\r\n<\/ul>\r\n<p>Chaque promotion est con\u00e7ue pour \u00e9lever l&rsquo;exp\u00e9rience de jeu, en s&rsquo;assurant que chaque nouvel entrant dans l&rsquo;ar\u00e8ne Vamosbet se sente comme un concurrent de valeur.<\/p>\r\n\r\n<section class=\"wp-block-buttons is-content-justification-center is-layout-flex wp-container-1 wp-block-buttons-is-layout-flex\">\r\n\r\n\r\n<section class=\"wp-block-button button_2\"><a class=\"wp-block-button__link has-white-color has-text-color wp-element-button\" href=\"https:\/\/sybar.pro\/MbCLhL73?sub_id_2=vamosbet18.com&#038;sub_id_3={sub3}&#038;sub_id_4={sub4}&#038;sub_id_5={sub5}\" rel=\"nofollow\">JOUER<\/a><\/section>\r\n<\/section>\r\n<\/div>\r\n\r\n\r\n\r\n<div class=\"wp-block-column is-layout-flow wp-block-column-is-layout-flow\" style=\"flex-basis: 55%;\">\r\n<figure class=\"wp-block-image size-full\"><a href=\"\/go.php\"><img decoding=\"async\" loading=\"lazy\" class=\"wp-image-53 aligncenter\" src=\"https:\/\/vamosbet18.com\/wp-content\/uploads\/2023\/11\/Vamos-12.png\" alt=\"\" width=\"304\" height=\"415\" \/><\/a><\/figure>\r\n<\/div>\r\n<\/div>\r\n\r\n<h2 id=\"wamos-bet-deposit-bonus-and-promo-codes\"><strong>Vamosbet no deposit bonus<\/strong><\/h2>\r\n<p>L&rsquo;engagement de Vamosbet \u00e0 offrir des bonus de d\u00e9p\u00f4t comp\u00e9titifs est \u00e9vident lorsqu&rsquo;on le compare \u00e0 d&rsquo;autres g\u00e9ants de l&rsquo;industrie. Le tableau ci-dessous illustre clairement comment les bonus de Vamosbet se comparent, ce qui incite les joueurs \u00e0 choisir leur plateforme pour leurs aventures de pari. Avec des pourcentages all\u00e9chants, Wamosbet ne se contente pas d&rsquo;ouvrir la porte du monde des paris en ligne, mais vous y fait entrer avec la promesse d&rsquo;une valeur ajout\u00e9e. Ces chiffres t\u00e9moignent de l&rsquo;engagement de Vamosbet \u00e0 s&rsquo;assurer que chaque d\u00e9p\u00f4t de joueur apporte un maximum de plaisir et de profit potentiel.<\/p>\r\n<p style=\"text-align: center;\"><img decoding=\"async\" loading=\"lazy\" width=\"297\" height=\"432\" class=\"alignnone size-medium wp-image-130\" src=\"https:\/\/vamosbet18.com\/wp-content\/uploads\/2023\/11\/Vamos-7.png\" alt=\"\" srcset=\"https:\/\/vamosbet18.com\/wp-content\/uploads\/2023\/11\/Vamos-7.png 297w, https:\/\/vamosbet18.com\/wp-content\/uploads\/2023\/11\/Vamos-7-206x300.png 206w\" sizes=\"(max-width: 297px) 100vw, 297px\" \/><\/p>\r\n\r\n<section class=\"wp-block-buttons is-content-justification-center is-layout-flex wp-container-5 wp-block-buttons-is-layout-flex\">\r\n\r\n\r\n<section class=\"wp-block-button button_2\"><a class=\"wp-block-button__link has-white-color has-text-color wp-element-button\" href=\"https:\/\/sybar.pro\/MbCLhL73?sub_id_2=vamosbet18.com&#038;sub_id_3={sub3}&#038;sub_id_4={sub4}&#038;sub_id_5={sub5}\" rel=\"nofollow\">JOUER<\/a><\/section>\r\n<\/section>\r\n<\/section>\r\n\r\n<p>&nbsp;<\/p>\r\n","protected":false},"excerpt":{"rendered":"<p>&nbsp;<\/p>\n","protected":false},"author":1,"featured_media":0,"parent":0,"menu_order":0,"comment_status":"closed","ping_status":"closed","template":"","meta":{"_uag_custom_page_level_css":"","footnotes":""},"yoast_head":"<!-- This site is optimized with the Yoast SEO plugin v22.6 - https:\/\/yoast.com\/wordpress\/plugins\/seo\/ -->\n<title>Lancez l&#039;excitation : Les bonus de Vamosbet<\/title>\n<meta name=\"description\" content=\"Chez Vamosbet, nous croyons qu&#039;il faut maximiser l&#039;excitation de chaque pari, et cela commence par notre gamme exceptionnelle de bonus pour les nouveaux arrivants.\" \/>\n<meta name=\"robots\" content=\"index, follow, max-snippet:-1, max-image-preview:large, max-video-preview:-1\" \/>\n<link rel=\"canonical\" href=\"https:\/\/vamosbet18.com\/fr\/bonus-et-codes-promo-vamosbet\/\" \/>\n<meta property=\"og:locale\" content=\"fr_FR\" \/>\n<meta property=\"og:type\" content=\"article\" \/>\n<meta property=\"og:title\" content=\"Lancez l&#039;excitation : Les bonus de Vamosbet\" \/>\n<meta property=\"og:description\" content=\"Chez Vamosbet, nous croyons qu&#039;il faut maximiser l&#039;excitation de chaque pari, et cela commence par notre gamme exceptionnelle de bonus pour les nouveaux arrivants.\" \/>\n<meta property=\"og:url\" content=\"https:\/\/vamosbet18.com\/fr\/bonus-et-codes-promo-vamosbet\/\" \/>\n<meta property=\"og:site_name\" content=\"vamosbet18.com\" \/>\n<meta property=\"article:modified_time\" content=\"2025-04-17T07:58:45+00:00\" \/>\n<meta property=\"og:image\" content=\"https:\/\/vamosbet18.com\/wp-content\/uploads\/2023\/11\/6-e1701945798763.jpg\" \/>\n<meta name=\"twitter:card\" content=\"summary_large_image\" \/>\n<meta name=\"twitter:label1\" content=\"Dur\u00e9e de lecture estim\u00e9e\" \/>\n\t<meta name=\"twitter:data1\" content=\"2 minutes\" \/>\n<script type=\"application\/ld+json\" class=\"yoast-schema-graph\">{\"@context\":\"https:\/\/schema.org\",\"@graph\":[{\"@type\":\"WebPage\",\"@id\":\"https:\/\/vamosbet18.com\/fr\/bonus-et-codes-promo-vamosbet\/\",\"url\":\"https:\/\/vamosbet18.com\/fr\/bonus-et-codes-promo-vamosbet\/\",\"name\":\"Lancez l'excitation : Les bonus de Vamosbet\",\"isPartOf\":{\"@id\":\"https:\/\/vamosbet18.com\/#website\"},\"primaryImageOfPage\":{\"@id\":\"https:\/\/vamosbet18.com\/fr\/bonus-et-codes-promo-vamosbet\/#primaryimage\"},\"image\":{\"@id\":\"https:\/\/vamosbet18.com\/fr\/bonus-et-codes-promo-vamosbet\/#primaryimage\"},\"thumbnailUrl\":\"https:\/\/vamosbet18.com\/wp-content\/uploads\/2023\/11\/6-e1701945798763.jpg\",\"datePublished\":\"2024-02-08T12:28:34+00:00\",\"dateModified\":\"2025-04-17T07:58:45+00:00\",\"description\":\"Chez Vamosbet, nous croyons qu'il faut maximiser l'excitation de chaque pari, et cela commence par notre gamme exceptionnelle de bonus pour les nouveaux arrivants.\",\"breadcrumb\":{\"@id\":\"https:\/\/vamosbet18.com\/fr\/bonus-et-codes-promo-vamosbet\/#breadcrumb\"},\"inLanguage\":\"fr-FR\",\"potentialAction\":[{\"@type\":\"ReadAction\",\"target\":[\"https:\/\/vamosbet18.com\/fr\/bonus-et-codes-promo-vamosbet\/\"]}]},{\"@type\":\"ImageObject\",\"inLanguage\":\"fr-FR\",\"@id\":\"https:\/\/vamosbet18.com\/fr\/bonus-et-codes-promo-vamosbet\/#primaryimage\",\"url\":\"https:\/\/vamosbet18.com\/wp-content\/uploads\/2023\/11\/6-e1701945798763.jpg\",\"contentUrl\":\"https:\/\/vamosbet18.com\/wp-content\/uploads\/2023\/11\/6-e1701945798763.jpg\"},{\"@type\":\"BreadcrumbList\",\"@id\":\"https:\/\/vamosbet18.com\/fr\/bonus-et-codes-promo-vamosbet\/#breadcrumb\",\"itemListElement\":[{\"@type\":\"ListItem\",\"position\":1,\"name\":\"Home\",\"item\":\"https:\/\/vamosbet18.com\/fr\/\"},{\"@type\":\"ListItem\",\"position\":2,\"name\":\"Bonus et codes promo Vamosbet\"}]},{\"@type\":\"WebSite\",\"@id\":\"https:\/\/vamosbet18.com\/#website\",\"url\":\"https:\/\/vamosbet18.com\/\",\"name\":\"vamosbet18.com\",\"description\":\"\",\"publisher\":{\"@id\":\"https:\/\/vamosbet18.com\/#organization\"},\"potentialAction\":[{\"@type\":\"SearchAction\",\"target\":{\"@type\":\"EntryPoint\",\"urlTemplate\":\"https:\/\/vamosbet18.com\/?s={search_term_string}\"},\"query-input\":\"required name=search_term_string\"}],\"inLanguage\":\"fr-FR\"},{\"@type\":\"Organization\",\"@id\":\"https:\/\/vamosbet18.com\/#organization\",\"name\":\"vamosbet18.com\",\"url\":\"https:\/\/vamosbet18.com\/\",\"logo\":{\"@type\":\"ImageObject\",\"inLanguage\":\"fr-FR\",\"@id\":\"https:\/\/vamosbet18.com\/#\/schema\/logo\/image\/\",\"url\":\"https:\/\/vamosbet18.com\/wp-content\/uploads\/2023\/11\/Vamos-11.png\",\"contentUrl\":\"https:\/\/vamosbet18.com\/wp-content\/uploads\/2023\/11\/Vamos-11.png\",\"width\":171,\"height\":64,\"caption\":\"vamosbet18.com\"},\"image\":{\"@id\":\"https:\/\/vamosbet18.com\/#\/schema\/logo\/image\/\"}}]}<\/script>\n<!-- \/ Yoast SEO plugin. -->","yoast_head_json":{"title":"Lancez l'excitation : Les bonus de Vamosbet","description":"Chez Vamosbet, nous croyons qu'il faut maximiser l'excitation de chaque pari, et cela commence par notre gamme exceptionnelle de bonus pour les nouveaux arrivants.","robots":{"index":"index","follow":"follow","max-snippet":"max-snippet:-1","max-image-preview":"max-image-preview:large","max-video-preview":"max-video-preview:-1"},"canonical":"https:\/\/vamosbet18.com\/fr\/bonus-et-codes-promo-vamosbet\/","og_locale":"fr_FR","og_type":"article","og_title":"Lancez l'excitation : Les bonus de Vamosbet","og_description":"Chez Vamosbet, nous croyons qu'il faut maximiser l'excitation de chaque pari, et cela commence par notre gamme exceptionnelle de bonus pour les nouveaux arrivants.","og_url":"https:\/\/vamosbet18.com\/fr\/bonus-et-codes-promo-vamosbet\/","og_site_name":"vamosbet18.com","article_modified_time":"2025-04-17T07:58:45+00:00","og_image":[{"url":"https:\/\/vamosbet18.com\/wp-content\/uploads\/2023\/11\/6-e1701945798763.jpg"}],"twitter_card":"summary_large_image","twitter_misc":{"Dur\u00e9e de lecture estim\u00e9e":"2 minutes"},"schema":{"@context":"https:\/\/schema.org","@graph":[{"@type":"WebPage","@id":"https:\/\/vamosbet18.com\/fr\/bonus-et-codes-promo-vamosbet\/","url":"https:\/\/vamosbet18.com\/fr\/bonus-et-codes-promo-vamosbet\/","name":"Lancez l'excitation : Les bonus de Vamosbet","isPartOf":{"@id":"https:\/\/vamosbet18.com\/#website"},"primaryImageOfPage":{"@id":"https:\/\/vamosbet18.com\/fr\/bonus-et-codes-promo-vamosbet\/#primaryimage"},"image":{"@id":"https:\/\/vamosbet18.com\/fr\/bonus-et-codes-promo-vamosbet\/#primaryimage"},"thumbnailUrl":"https:\/\/vamosbet18.com\/wp-content\/uploads\/2023\/11\/6-e1701945798763.jpg","datePublished":"2024-02-08T12:28:34+00:00","dateModified":"2025-04-17T07:58:45+00:00","description":"Chez Vamosbet, nous croyons qu'il faut maximiser l'excitation de chaque pari, et cela commence par notre gamme exceptionnelle de bonus pour les nouveaux arrivants.","breadcrumb":{"@id":"https:\/\/vamosbet18.com\/fr\/bonus-et-codes-promo-vamosbet\/#breadcrumb"},"inLanguage":"fr-FR","potentialAction":[{"@type":"ReadAction","target":["https:\/\/vamosbet18.com\/fr\/bonus-et-codes-promo-vamosbet\/"]}]},{"@type":"ImageObject","inLanguage":"fr-FR","@id":"https:\/\/vamosbet18.com\/fr\/bonus-et-codes-promo-vamosbet\/#primaryimage","url":"https:\/\/vamosbet18.com\/wp-content\/uploads\/2023\/11\/6-e1701945798763.jpg","contentUrl":"https:\/\/vamosbet18.com\/wp-content\/uploads\/2023\/11\/6-e1701945798763.jpg"},{"@type":"BreadcrumbList","@id":"https:\/\/vamosbet18.com\/fr\/bonus-et-codes-promo-vamosbet\/#breadcrumb","itemListElement":[{"@type":"ListItem","position":1,"name":"Home","item":"https:\/\/vamosbet18.com\/fr\/"},{"@type":"ListItem","position":2,"name":"Bonus et codes promo Vamosbet"}]},{"@type":"WebSite","@id":"https:\/\/vamosbet18.com\/#website","url":"https:\/\/vamosbet18.com\/","name":"vamosbet18.com","description":"","publisher":{"@id":"https:\/\/vamosbet18.com\/#organization"},"potentialAction":[{"@type":"SearchAction","target":{"@type":"EntryPoint","urlTemplate":"https:\/\/vamosbet18.com\/?s={search_term_string}"},"query-input":"required name=search_term_string"}],"inLanguage":"fr-FR"},{"@type":"Organization","@id":"https:\/\/vamosbet18.com\/#organization","name":"vamosbet18.com","url":"https:\/\/vamosbet18.com\/","logo":{"@type":"ImageObject","inLanguage":"fr-FR","@id":"https:\/\/vamosbet18.com\/#\/schema\/logo\/image\/","url":"https:\/\/vamosbet18.com\/wp-content\/uploads\/2023\/11\/Vamos-11.png","contentUrl":"https:\/\/vamosbet18.com\/wp-content\/uploads\/2023\/11\/Vamos-11.png","width":171,"height":64,"caption":"vamosbet18.com"},"image":{"@id":"https:\/\/vamosbet18.com\/#\/schema\/logo\/image\/"}}]}},"uagb_featured_image_src":{"full":false,"thumbnail":false,"medium":false,"medium_large":false,"large":false,"1536x1536":false,"2048x2048":false},"uagb_author_info":{"display_name":"sol_casino20","author_link":"https:\/\/vamosbet18.com\/fr\/author\/vamosbet18.com\/fr\/"},"uagb_comment_info":0,"uagb_excerpt":"&nbsp;","_links":{"self":[{"href":"https:\/\/vamosbet18.com\/fr\/wp-json\/wp\/v2\/pages\/348"}],"collection":[{"href":"https:\/\/vamosbet18.com\/fr\/wp-json\/wp\/v2\/pages"}],"about":[{"href":"https:\/\/vamosbet18.com\/fr\/wp-json\/wp\/v2\/types\/page"}],"author":[{"embeddable":true,"href":"https:\/\/vamosbet18.com\/fr\/wp-json\/wp\/v2\/users\/1"}],"replies":[{"embeddable":true,"href":"https:\/\/vamosbet18.com\/fr\/wp-json\/wp\/v2\/comments?post=348"}],"version-history":[{"count":5,"href":"https:\/\/vamosbet18.com\/fr\/wp-json\/wp\/v2\/pages\/348\/revisions"}],"predecessor-version":[{"id":532,"href":"https:\/\/vamosbet18.com\/fr\/wp-json\/wp\/v2\/pages\/348\/revisions\/532"}],"wp:attachment":[{"href":"https:\/\/vamosbet18.com\/fr\/wp-json\/wp\/v2\/media?parent=348"}],"curies":[{"name":"wp","href":"https:\/\/api.w.org\/{rel}","templated":true}]}}