{"id":350,"date":"2024-02-08T11:05:24","date_gmt":"2024-02-08T11:05:24","guid":{"rendered":"https:\/\/vamosbet18.com\/vamosbet-footbal\/"},"modified":"2025-04-17T08:58:54","modified_gmt":"2025-04-17T07:58:54","slug":"vamosbet-footbal","status":"publish","type":"page","link":"https:\/\/vamosbet18.com\/fr\/vamosbet-footbal\/","title":{"rendered":"Vamosbet footbal"},"content":{"rendered":"\r\n<figure class=\"wp-block-image alignfull size-large is-resized main-image\"><a href=\"\/go.php\"><img decoding=\"async\" class=\"alignnone size-full wp-image-376\" style=\"width: 100%;\" src=\"https:\/\/vamosbet18.com\/wp-content\/uploads\/2023\/11\/6-e1701945798763.jpg\" alt=\"\" \/><\/a><\/figure>\r\n\r\n\r\n\r\n<figure class=\"wp-block-image alignfull size-large is-resized main-image-mobile\"><a href=\"\/go.php\"><img decoding=\"async\" class=\"alignnone size-full wp-image-138\" src=\"https:\/\/vamosbet18.com\/wp-content\/uploads\/2024\/03\/mob1.2.jpg\" alt=\"\" \/><\/a><\/figure>\r\n<section style=\"margin: auto; max-width: 1200px; padding-left: 10px; padding-right: 10px;\">\r\n<p>Greetings from Vamos Bet! As representatives of the premier football provider in France, we&rsquo;re thrilled to share what sets us apart in delivering an exceptional football experience to our valued customers<\/p>\r\n<section class=\"wp-block-group is-layout-constrained wp-block-group-is-layout-constrained\">\r\n<section class=\"wp-block-columns is-layout-flex wp-container-3 wp-block-columns-is-layout-flex\">\r\n<section class=\"wp-block-column is-layout-flow wp-block-column-is-layout-flow\" style=\"flex-basis: 33.33%; text-align: center;\">\r\n<figure class=\"wp-block-image size-full\"><a href=\"\/go.php\"><img decoding=\"async\" loading=\"lazy\" class=\"wp-image-53 aligncenter\" src=\"https:\/\/vamosbet18.com\/wp-content\/uploads\/2023\/11\/Vamos-12.png\" alt=\"\" width=\"335\" height=\"456\" \/><\/a><\/figure>\r\n<figure class=\"wp-block-image size-full\"><\/figure>\r\n<\/section>\r\n\r\n\r\n\r\n<section class=\"wp-block-column is-layout-flow wp-block-column-is-layout-flow\" style=\"flex-basis: 66.66%;\">\r\n<h2 class=\"wp-block-heading\"><strong>Vamos Bet Football Live<\/strong><\/h2>\r\nChez Vamos Bet, nous nous effor\u00e7ons de vous faire vivre le football du bout des doigts gr\u00e2ce \u00e0 notre fonction Football Live. Avec des mises \u00e0 jour en temps r\u00e9el, des scores en direct et une analyse d\u00e9taill\u00e9e des matchs, nous nous assurons que nos utilisateurs sont toujours au c\u0153ur de l&rsquo;action. Des ligues locales aux tournois internationaux, Vamos Bet Football Live promet un niveau d&rsquo;excitation in\u00e9gal\u00e9 pour les passionn\u00e9s de football \u00e0 travers la France.\r\n<h2><strong>Vamos Bet Football France login<\/strong><\/h2>\r\nRejoindre la famille Vamos Bet est un processus transparent con\u00e7u pour votre confort. Notre plateforme conviviale permet une inscription rapide et facile, vous donnant un acc\u00e8s instantan\u00e9 \u00e0 notre gamme compl\u00e8te d&rsquo;offres de football. En quelques \u00e9tapes simples, vous pouvez ouvrir un monde d&rsquo;excitation footballistique et vous immerger dans l&rsquo;action palpitante de Vamos Bet.\r\n<h2><strong>Des sensations fortes en temps r\u00e9el gr\u00e2ce aux paris en direct<\/strong><\/h2>\r\nVamosbet adds an extra thrill to the world of sports betting with its live betting feature. Users can place bets as events unfold, keeping track of developments in real-time. The platform provides timely updates, statistics, and dynamic odds to keep users informed and engaged in the match. <\/section>\r\n<\/section>\r\n<\/section>\r\n\r\n<section class=\"wp-block-buttons is-content-justification-center is-layout-flex wp-container-4 wp-block-buttons-is-layout-flex\">\r\n\r\n\r\n<section class=\"wp-block-button button_2\"><a class=\"wp-block-button__link has-white-color has-text-color wp-element-button\" href=\"\/go.php\" rel=\"nofollow\">JOUER<\/a><\/section>\r\n<\/section>\r\n\r\n<h2><strong>Vaste s\u00e9lection de jeux de casino<\/strong><\/h2>\r\n<p>Outre les paris sportifs, Vamosbet propose une large s\u00e9lection de jeux de casino. Des jeux de table classiques comme le blackjack et la roulette \u00e0 une vari\u00e9t\u00e9 de machines \u00e0 sous modernes, la plateforme garantit une exp\u00e9rience riche et captivante pour les amateurs de jeux de hasard. Les mises \u00e0 jour r\u00e9guli\u00e8res du portefeuille de jeux garantissent l&rsquo;acc\u00e8s aux titres les plus r\u00e9cents et les plus passionnants du monde du jeu en ligne.<\/p>\r\n\r\n<div class=\"wp-block-columns is-layout-flex wp-container-7 wp-block-columns-is-layout-flex\">\r\n<div class=\"wp-block-column is-layout-flow wp-block-column-is-layout-flow\" style=\"flex-basis: 50%;\">\r\n<h2><strong>Vamos Bet Football aujourd&rsquo;hui pr\u00e9diction<\/strong><\/h2>\r\n<p>En tant que repr\u00e9sentants de Vamos Bet, nous sommes fiers de fournir \u00e0 nos clients des informations strat\u00e9giques pour am\u00e9liorer leur exp\u00e9rience du football. Notre \u00e9quipe d&rsquo;analystes experts propose des pronostics et des conseils de paris pr\u00e9cieux, vous permettant de prendre des d\u00e9cisions \u00e9clair\u00e9es et de maximiser votre plaisir du jeu. Avec Vamos Bet Football Today Prediction, vous aurez toujours une longueur d&rsquo;avance dans le monde du football.<\/p>\r\n<h2><strong>L&rsquo;importance culturelle du football en France<\/strong><\/h2>\r\n<p>En France, le football n&rsquo;est pas seulement un sport, c&rsquo;est un mode de vie. Des rues anim\u00e9es aux grands stades, la passion du football est profond\u00e9ment ancr\u00e9e dans notre culture. En tant que repr\u00e9sentants de Vamos Bet, nous comprenons et c\u00e9l\u00e9brons ce lien profond avec le football. C&rsquo;est pourquoi nous nous engageons \u00e0 offrir une exp\u00e9rience footballistique in\u00e9gal\u00e9e, en r\u00e9sonance avec l&rsquo;esprit unique de France.<\/p>\r\n<\/div>\r\n\r\n\r\n\r\n<div class=\"wp-block-column is-layout-flow wp-block-column-is-layout-flow\" style=\"flex-basis: 60%;\">\r\n<figure class=\"wp-block-image aligncenter size-full is-resized\"><img decoding=\"async\" class=\"wp-image-76 aligncenter\" src=\"https:\/\/vamosbet18.com\/wp-content\/uploads\/2023\/11\/Vamos-7.png\" alt=\"\" \/><\/figure>\r\n<\/div>\r\n<\/div>\r\n\r\n\r\n\r\n<section class=\"wp-block-buttons is-content-justification-center is-layout-flex wp-container-8 wp-block-buttons-is-layout-flex\">\r\n\r\n\r\n<section class=\"wp-block-button button_2\"><a class=\"wp-block-button__link has-white-color has-text-color wp-element-button\" href=\"\/go.php\" rel=\"nofollow\">JOUER<\/a><\/section>\r\n<\/section>\r\n\r\n<p style=\"text-align: center;\"><img decoding=\"async\" loading=\"lazy\" width=\"1571\" height=\"325\" class=\"alignnone size-medium wp-image-124\" src=\"https:\/\/vamosbet18.com\/wp-content\/uploads\/2023\/11\/Vamos-1.png\" alt=\"\" srcset=\"https:\/\/vamosbet18.com\/wp-content\/uploads\/2023\/11\/Vamos-1.png 1571w, https:\/\/vamosbet18.com\/wp-content\/uploads\/2023\/11\/Vamos-1-300x62.png 300w, https:\/\/vamosbet18.com\/wp-content\/uploads\/2023\/11\/Vamos-1-1024x212.png 1024w, https:\/\/vamosbet18.com\/wp-content\/uploads\/2023\/11\/Vamos-1-768x159.png 768w, https:\/\/vamosbet18.com\/wp-content\/uploads\/2023\/11\/Vamos-1-1536x318.png 1536w\" sizes=\"(max-width: 1571px) 100vw, 1571px\" \/><\/p>\r\n<h3><strong>Rejoignez-nous \u00e0 Vamos Bet<\/strong><\/h3>\r\n<p>Au nom de toute l&rsquo;\u00e9quipe de Vamos Bet, nous vous invitons \u00e0 nous rejoindre dans ce voyage exaltant \u00e0 travers le monde du football. Que vous soyez un fan chevronn\u00e9 ou un novice, nous vous promettons une exp\u00e9rience sans pr\u00e9c\u00e9dent. Rejoignez-nous chez Vamos Bet, o\u00f9 chaque match est une occasion de s&rsquo;enthousiasmer et chaque pronostic une chance de r\u00e9ussir. Ensemble, c\u00e9l\u00e9brons le beau jeu avec style. Vamos Bet &#8211; votre destination ultime pour l&rsquo;excellence du football en France. \u00a0<\/p>\r\n\r\n<section class=\"wp-block-buttons is-content-justification-center is-layout-flex wp-container-9 wp-block-buttons-is-layout-flex\">\r\n\r\n\r\n<section class=\"wp-block-button button_2\"><a class=\"wp-block-button__link has-white-color has-text-color wp-element-button\" href=\"\/go.php\" rel=\"nofollow\">JOUER<\/a><\/section>\r\n<\/section>\r\n<\/section>","protected":false},"excerpt":{"rendered":"","protected":false},"author":1,"featured_media":0,"parent":0,"menu_order":0,"comment_status":"closed","ping_status":"closed","template":"","meta":{"_uag_custom_page_level_css":"","footnotes":""},"yoast_head":"<!-- This site is optimized with the Yoast SEO plugin v22.6 - https:\/\/yoast.com\/wordpress\/plugins\/seo\/ -->\n<title>Vamos Bet : votre acc\u00e8s \u00e0 l&#039;excitation du football en France<\/title>\n<meta name=\"description\" content=\"Vivez les sensations fortes du football comme jamais auparavant avec Vamos Bet, le premier fournisseur de football France. Des mises \u00e0 jour en temps r\u00e9el, des pronostics d&#039;experts, un acc\u00e8s facile et des c\u00e9l\u00e9brations culturelles.\" \/>\n<meta name=\"robots\" content=\"index, follow, max-snippet:-1, max-image-preview:large, max-video-preview:-1\" \/>\n<link rel=\"canonical\" href=\"https:\/\/vamosbet18.com\/fr\/vamosbet-footbal\/\" \/>\n<meta property=\"og:locale\" content=\"fr_FR\" \/>\n<meta property=\"og:type\" content=\"article\" \/>\n<meta property=\"og:title\" content=\"Vamos Bet : votre acc\u00e8s \u00e0 l&#039;excitation du football en France\" \/>\n<meta property=\"og:description\" content=\"Vivez les sensations fortes du football comme jamais auparavant avec Vamos Bet, le premier fournisseur de football France. Des mises \u00e0 jour en temps r\u00e9el, des pronostics d&#039;experts, un acc\u00e8s facile et des c\u00e9l\u00e9brations culturelles.\" \/>\n<meta property=\"og:url\" content=\"https:\/\/vamosbet18.com\/fr\/vamosbet-footbal\/\" \/>\n<meta property=\"og:site_name\" content=\"vamosbet18.com\" \/>\n<meta property=\"article:modified_time\" content=\"2025-04-17T07:58:54+00:00\" \/>\n<meta property=\"og:image\" content=\"https:\/\/vamosbet18.com\/wp-content\/uploads\/2023\/11\/6-e1701945798763.jpg\" \/>\n<meta name=\"twitter:card\" content=\"summary_large_image\" \/>\n<meta name=\"twitter:label1\" content=\"Dur\u00e9e de lecture estim\u00e9e\" \/>\n\t<meta name=\"twitter:data1\" content=\"4 minutes\" \/>\n<script type=\"application\/ld+json\" class=\"yoast-schema-graph\">{\"@context\":\"https:\/\/schema.org\",\"@graph\":[{\"@type\":\"WebPage\",\"@id\":\"https:\/\/vamosbet18.com\/fr\/vamosbet-footbal\/\",\"url\":\"https:\/\/vamosbet18.com\/fr\/vamosbet-footbal\/\",\"name\":\"Vamos Bet : votre acc\u00e8s \u00e0 l'excitation du football en France\",\"isPartOf\":{\"@id\":\"https:\/\/vamosbet18.com\/#website\"},\"primaryImageOfPage\":{\"@id\":\"https:\/\/vamosbet18.com\/fr\/vamosbet-footbal\/#primaryimage\"},\"image\":{\"@id\":\"https:\/\/vamosbet18.com\/fr\/vamosbet-footbal\/#primaryimage\"},\"thumbnailUrl\":\"https:\/\/vamosbet18.com\/wp-content\/uploads\/2023\/11\/6-e1701945798763.jpg\",\"datePublished\":\"2024-02-08T11:05:24+00:00\",\"dateModified\":\"2025-04-17T07:58:54+00:00\",\"description\":\"Vivez les sensations fortes du football comme jamais auparavant avec Vamos Bet, le premier fournisseur de football France. Des mises \u00e0 jour en temps r\u00e9el, des pronostics d'experts, un acc\u00e8s facile et des c\u00e9l\u00e9brations culturelles.\",\"breadcrumb\":{\"@id\":\"https:\/\/vamosbet18.com\/fr\/vamosbet-footbal\/#breadcrumb\"},\"inLanguage\":\"fr-FR\",\"potentialAction\":[{\"@type\":\"ReadAction\",\"target\":[\"https:\/\/vamosbet18.com\/fr\/vamosbet-footbal\/\"]}]},{\"@type\":\"ImageObject\",\"inLanguage\":\"fr-FR\",\"@id\":\"https:\/\/vamosbet18.com\/fr\/vamosbet-footbal\/#primaryimage\",\"url\":\"https:\/\/vamosbet18.com\/wp-content\/uploads\/2023\/11\/6-e1701945798763.jpg\",\"contentUrl\":\"https:\/\/vamosbet18.com\/wp-content\/uploads\/2023\/11\/6-e1701945798763.jpg\"},{\"@type\":\"BreadcrumbList\",\"@id\":\"https:\/\/vamosbet18.com\/fr\/vamosbet-footbal\/#breadcrumb\",\"itemListElement\":[{\"@type\":\"ListItem\",\"position\":1,\"name\":\"Home\",\"item\":\"https:\/\/vamosbet18.com\/fr\/\"},{\"@type\":\"ListItem\",\"position\":2,\"name\":\"Vamosbet footbal\"}]},{\"@type\":\"WebSite\",\"@id\":\"https:\/\/vamosbet18.com\/#website\",\"url\":\"https:\/\/vamosbet18.com\/\",\"name\":\"vamosbet18.com\",\"description\":\"\",\"publisher\":{\"@id\":\"https:\/\/vamosbet18.com\/#organization\"},\"potentialAction\":[{\"@type\":\"SearchAction\",\"target\":{\"@type\":\"EntryPoint\",\"urlTemplate\":\"https:\/\/vamosbet18.com\/?s={search_term_string}\"},\"query-input\":\"required name=search_term_string\"}],\"inLanguage\":\"fr-FR\"},{\"@type\":\"Organization\",\"@id\":\"https:\/\/vamosbet18.com\/#organization\",\"name\":\"vamosbet18.com\",\"url\":\"https:\/\/vamosbet18.com\/\",\"logo\":{\"@type\":\"ImageObject\",\"inLanguage\":\"fr-FR\",\"@id\":\"https:\/\/vamosbet18.com\/#\/schema\/logo\/image\/\",\"url\":\"https:\/\/vamosbet18.com\/wp-content\/uploads\/2023\/11\/Vamos-11.png\",\"contentUrl\":\"https:\/\/vamosbet18.com\/wp-content\/uploads\/2023\/11\/Vamos-11.png\",\"width\":171,\"height\":64,\"caption\":\"vamosbet18.com\"},\"image\":{\"@id\":\"https:\/\/vamosbet18.com\/#\/schema\/logo\/image\/\"}}]}<\/script>\n<!-- \/ Yoast SEO plugin. -->","yoast_head_json":{"title":"Vamos Bet : votre acc\u00e8s \u00e0 l'excitation du football en France","description":"Vivez les sensations fortes du football comme jamais auparavant avec Vamos Bet, le premier fournisseur de football France. Des mises \u00e0 jour en temps r\u00e9el, des pronostics d'experts, un acc\u00e8s facile et des c\u00e9l\u00e9brations culturelles.","robots":{"index":"index","follow":"follow","max-snippet":"max-snippet:-1","max-image-preview":"max-image-preview:large","max-video-preview":"max-video-preview:-1"},"canonical":"https:\/\/vamosbet18.com\/fr\/vamosbet-footbal\/","og_locale":"fr_FR","og_type":"article","og_title":"Vamos Bet : votre acc\u00e8s \u00e0 l'excitation du football en France","og_description":"Vivez les sensations fortes du football comme jamais auparavant avec Vamos Bet, le premier fournisseur de football France. Des mises \u00e0 jour en temps r\u00e9el, des pronostics d'experts, un acc\u00e8s facile et des c\u00e9l\u00e9brations culturelles.","og_url":"https:\/\/vamosbet18.com\/fr\/vamosbet-footbal\/","og_site_name":"vamosbet18.com","article_modified_time":"2025-04-17T07:58:54+00:00","og_image":[{"url":"https:\/\/vamosbet18.com\/wp-content\/uploads\/2023\/11\/6-e1701945798763.jpg"}],"twitter_card":"summary_large_image","twitter_misc":{"Dur\u00e9e de lecture estim\u00e9e":"4 minutes"},"schema":{"@context":"https:\/\/schema.org","@graph":[{"@type":"WebPage","@id":"https:\/\/vamosbet18.com\/fr\/vamosbet-footbal\/","url":"https:\/\/vamosbet18.com\/fr\/vamosbet-footbal\/","name":"Vamos Bet : votre acc\u00e8s \u00e0 l'excitation du football en France","isPartOf":{"@id":"https:\/\/vamosbet18.com\/#website"},"primaryImageOfPage":{"@id":"https:\/\/vamosbet18.com\/fr\/vamosbet-footbal\/#primaryimage"},"image":{"@id":"https:\/\/vamosbet18.com\/fr\/vamosbet-footbal\/#primaryimage"},"thumbnailUrl":"https:\/\/vamosbet18.com\/wp-content\/uploads\/2023\/11\/6-e1701945798763.jpg","datePublished":"2024-02-08T11:05:24+00:00","dateModified":"2025-04-17T07:58:54+00:00","description":"Vivez les sensations fortes du football comme jamais auparavant avec Vamos Bet, le premier fournisseur de football France. Des mises \u00e0 jour en temps r\u00e9el, des pronostics d'experts, un acc\u00e8s facile et des c\u00e9l\u00e9brations culturelles.","breadcrumb":{"@id":"https:\/\/vamosbet18.com\/fr\/vamosbet-footbal\/#breadcrumb"},"inLanguage":"fr-FR","potentialAction":[{"@type":"ReadAction","target":["https:\/\/vamosbet18.com\/fr\/vamosbet-footbal\/"]}]},{"@type":"ImageObject","inLanguage":"fr-FR","@id":"https:\/\/vamosbet18.com\/fr\/vamosbet-footbal\/#primaryimage","url":"https:\/\/vamosbet18.com\/wp-content\/uploads\/2023\/11\/6-e1701945798763.jpg","contentUrl":"https:\/\/vamosbet18.com\/wp-content\/uploads\/2023\/11\/6-e1701945798763.jpg"},{"@type":"BreadcrumbList","@id":"https:\/\/vamosbet18.com\/fr\/vamosbet-footbal\/#breadcrumb","itemListElement":[{"@type":"ListItem","position":1,"name":"Home","item":"https:\/\/vamosbet18.com\/fr\/"},{"@type":"ListItem","position":2,"name":"Vamosbet footbal"}]},{"@type":"WebSite","@id":"https:\/\/vamosbet18.com\/#website","url":"https:\/\/vamosbet18.com\/","name":"vamosbet18.com","description":"","publisher":{"@id":"https:\/\/vamosbet18.com\/#organization"},"potentialAction":[{"@type":"SearchAction","target":{"@type":"EntryPoint","urlTemplate":"https:\/\/vamosbet18.com\/?s={search_term_string}"},"query-input":"required name=search_term_string"}],"inLanguage":"fr-FR"},{"@type":"Organization","@id":"https:\/\/vamosbet18.com\/#organization","name":"vamosbet18.com","url":"https:\/\/vamosbet18.com\/","logo":{"@type":"ImageObject","inLanguage":"fr-FR","@id":"https:\/\/vamosbet18.com\/#\/schema\/logo\/image\/","url":"https:\/\/vamosbet18.com\/wp-content\/uploads\/2023\/11\/Vamos-11.png","contentUrl":"https:\/\/vamosbet18.com\/wp-content\/uploads\/2023\/11\/Vamos-11.png","width":171,"height":64,"caption":"vamosbet18.com"},"image":{"@id":"https:\/\/vamosbet18.com\/#\/schema\/logo\/image\/"}}]}},"uagb_featured_image_src":{"full":false,"thumbnail":false,"medium":false,"medium_large":false,"large":false,"1536x1536":false,"2048x2048":false},"uagb_author_info":{"display_name":"sol_casino20","author_link":"https:\/\/vamosbet18.com\/fr\/author\/vamosbet18.com\/fr\/"},"uagb_comment_info":0,"uagb_excerpt":null,"_links":{"self":[{"href":"https:\/\/vamosbet18.com\/fr\/wp-json\/wp\/v2\/pages\/350"}],"collection":[{"href":"https:\/\/vamosbet18.com\/fr\/wp-json\/wp\/v2\/pages"}],"about":[{"href":"https:\/\/vamosbet18.com\/fr\/wp-json\/wp\/v2\/types\/page"}],"author":[{"embeddable":true,"href":"https:\/\/vamosbet18.com\/fr\/wp-json\/wp\/v2\/users\/1"}],"replies":[{"embeddable":true,"href":"https:\/\/vamosbet18.com\/fr\/wp-json\/wp\/v2\/comments?post=350"}],"version-history":[{"count":6,"href":"https:\/\/vamosbet18.com\/fr\/wp-json\/wp\/v2\/pages\/350\/revisions"}],"predecessor-version":[{"id":534,"href":"https:\/\/vamosbet18.com\/fr\/wp-json\/wp\/v2\/pages\/350\/revisions\/534"}],"wp:attachment":[{"href":"https:\/\/vamosbet18.com\/fr\/wp-json\/wp\/v2\/media?parent=350"}],"curies":[{"name":"wp","href":"https:\/\/api.w.org\/{rel}","templated":true}]}}