{"id":352,"date":"2024-02-08T12:04:54","date_gmt":"2024-02-08T12:04:54","guid":{"rendered":"https:\/\/vamosbet18.com\/vamosbet-login\/"},"modified":"2025-04-17T08:58:50","modified_gmt":"2025-04-17T07:58:50","slug":"vamosbet-login","status":"publish","type":"page","link":"https:\/\/vamosbet18.com\/fr\/vamosbet-login\/","title":{"rendered":"Vamosbet Login"},"content":{"rendered":"\r\n<figure class=\"wp-block-image alignfull size-large is-resized main-image\"><a href=\"\/go.php\"><img decoding=\"async\" class=\"alignnone size-full wp-image-376\" style=\"width: 100%;\" src=\"https:\/\/vamosbet18.com\/wp-content\/uploads\/2023\/11\/6-e1701945798763.jpg\" alt=\"\" \/><\/a><\/figure>\r\n\r\n\r\n\r\n<figure class=\"wp-block-image alignfull size-large is-resized main-image-mobile\"><a href=\"\/go.php\"><img decoding=\"async\" class=\"alignnone size-full wp-image-138\" src=\"https:\/\/vamosbet18.com\/wp-content\/uploads\/2024\/03\/mob1.2.jpg\" alt=\"\" \/><\/a><\/figure>\r\n\r\n<section style=\"margin: auto; max-width: 1200px; padding-left: 10px; padding-right: 10px;\">\r\n<section class=\"wp-block-group is-layout-constrained wp-block-group-is-layout-constrained\">\r\n<section class=\"wp-block-group\"><\/section>\r\nDans le paysage en constante \u00e9volution des paris en ligne, Vamosbet France est un symbole de confiance, renfor\u00e7ant sa plateforme avec des protocoles de connexion et des processus de v\u00e9rification rigoureux qui garantissent que seuls les joueurs l\u00e9gitimes prennent part \u00e0 l&rsquo;excitation du pari. L&rsquo;engagement \u00e0 pr\u00e9server la confidentialit\u00e9 des participants n&rsquo;est pas seulement une promesse mais une action, qui se manifeste par un cryptage de pointe et des mesures vigilantes de protection des donn\u00e9es.\r\n<blockquote>Dans un monde o\u00f9 les vuln\u00e9rabilit\u00e9s num\u00e9riques sont aussi courantes que dangereuses, les plateformes comme Vamosbet France qui donnent la priorit\u00e9 \u00e0 la protection des donn\u00e9es des utilisateurs ne sont pas seulement pr\u00e9f\u00e9rables, elles sont essentielles, remarque un expert en cybers\u00e9curit\u00e9, soulignant la gravit\u00e9 d&rsquo;une s\u00e9curit\u00e9 m\u00e9ticuleuse dans les \u00e9cosyst\u00e8mes de paris en ligne.<\/blockquote>\r\nEn approfondissant cette analyse, nous allons explorer les subtilit\u00e9s de l&rsquo;approche de Vamosbet ax\u00e9e sur l&rsquo;utilisateur, en examinant la fa\u00e7on dont ils associent le confort de l&rsquo;utilisateur \u00e0 une s\u00e9curit\u00e9 in\u00e9branlable, et ce qui les distingue dans le domaine dynamique des jeux et des paris sportifs en ligne. <\/section>\r\n\r\n<section class=\"wp-block-group is-layout-constrained wp-block-group-is-layout-constrained\">\r\n<section class=\"wp-block-columns is-layout-flex wp-container-4 wp-block-columns-is-layout-flex\">\r\n<section class=\"wp-block-column is-layout-flow wp-block-column-is-layout-flow\" style=\"flex-basis: 33.33%; text-align: center;\">\r\n<figure class=\"wp-block-image size-full\"><a href=\"\/go.php\"><img decoding=\"async\" loading=\"lazy\" class=\"wp-image-53 aligncenter\" src=\"https:\/\/vamosbet18.com\/wp-content\/uploads\/2023\/11\/Vamos-12.png\" alt=\"\" width=\"290\" height=\"396\" \/><\/a><\/figure>\r\n<figure class=\"wp-block-image size-full\"><\/figure>\r\n<\/section>\r\n\r\n\r\n\r\n<section class=\"wp-block-column is-layout-flow wp-block-column-is-layout-flow\" style=\"flex-basis: 66.66%;\">\r\n<h2 class=\"wp-block-heading\" id=\"vamosbet-login-and-registration-explained\"><strong>Explication de la connexion et de l&rsquo;inscription \u00e0 Vamosbet<\/strong><\/h2>\r\nL&rsquo;aventure Vamosbet commence par une proc\u00e9dure d&rsquo;inscription simple, con\u00e7ue pour \u00eatre rapide et s\u00e9curis\u00e9e, vous catapultant au c\u0153ur de l&rsquo;action avec un minimum d&rsquo;agitation. Voici ce que vous devez savoir pour commencer :\r\n<ul>\r\n<li>Naviguez sur le site Web de Vamosbet et rep\u00e9rez le bouton \u00a0\u00bb S&rsquo;inscrire \u00ab\u00a0, votre porte d&rsquo;entr\u00e9e vers l&rsquo;excitation.<\/li>\r\n<li>Remplissez le formulaire avec pr\u00e9cision, en indiquant votre nom, votre adresse \u00e9lectronique, votre date de naissance et vos coordonn\u00e9es &#8211; l&rsquo;exactitude est ici primordiale.<\/li>\r\n<li>Un lien de v\u00e9rification sera envoy\u00e9 dans votre bo\u00eete de r\u00e9ception ; un simple clic confirmera votre intention de vous inscrire et s\u00e9curisera votre compte.<\/li>\r\n<li>Aujourd&rsquo;hui, sur mobile, le processus est identique \u00e0 celui de l&rsquo;ordinateur, ce qui vous permet de ne jamais \u00eatre \u00e0 plus de quelques clics de la prochaine grosse mise.<\/li>\r\n<\/ul>\r\nUne fois inscrit, pr\u00e9parez-vous \u00e0 vous immerger totalement, en vous engageant sur une plateforme qui c\u00e9l\u00e8bre le plaisir du pari tout en garantissant votre s\u00e9curit\u00e9 \u00e0 chaque instant. <\/section>\r\n<\/section>\r\n\r\n\r\n\r\n<section class=\"wp-block-buttons is-content-justification-center is-layout-flex wp-container-5 wp-block-buttons-is-layout-flex\">\r\n\r\n\r\n<section class=\"wp-block-button button_2\"><a class=\"wp-block-button__link has-white-color has-text-color wp-element-button\" href=\"\/go.php\" rel=\"nofollow\">JOUER<\/a><\/section>\r\n<\/section>\r\n\r\n\r\n\r\n<section class=\"wp-block-group is-layout-constrained wp-block-group-is-layout-constrained\">\r\n<h2 class=\"wp-block-heading\" id=\"security-measures-and-data-protection-at-wamosbet\"><strong>Mesures de s\u00e9curit\u00e9 et protection des donn\u00e9es chez Vamosbet<\/strong><\/h2>\r\n<p>Dans le domaine exaltant des jeux en ligne, o\u00f9 le pouls de chaque pari est rythm\u00e9 par la cyber-vigilance, Vamosbet se dresse comme une forteresse. S&rsquo;engageant \u00e0 prot\u00e9ger les donn\u00e9es des utilisateurs comme on prot\u00e8ge un tr\u00e9sor royal, l&rsquo;entreprise emploie un cadre de sentinelles num\u00e9riques qui repoussent inlassablement tout intrus virtuel.<\/p>\r\n<table class=\"table table-responsive\">\r\n<thead>\r\n<tr>\r\n<th>Security Aspect<\/th>\r\n<th>Vamosbet Implementation<\/th>\r\n<th>Industry Standard<\/th>\r\n<\/tr>\r\n<\/thead>\r\n<tbody>\r\n<tr>\r\n<td>Data Encryption<\/td>\r\n<td>128-bit SSL Encryption<\/td>\r\n<td>128-bit or higher<\/td>\r\n<\/tr>\r\n<tr>\r\n<td>Account Access<\/td>\r\n<td>Two-Factor Authentication<\/td>\r\n<td>Commonly Available<\/td>\r\n<\/tr>\r\n<tr>\r\n<td>Payment Protection<\/td>\r\n<td>End-to-End Encryption<\/td>\r\n<td>Standard Practice<\/td>\r\n<\/tr>\r\n<tr>\r\n<td>Privacy Policy<\/td>\r\n<td>Comprehensive &amp; Transparent<\/td>\r\n<td>Mandatory Provision<\/td>\r\n<\/tr>\r\n<\/tbody>\r\n<\/table>\r\n<p>Ce tableau des mesures de s\u00e9curit\u00e9 offre une vue claire de l&rsquo;alignement de Vamosbet sur les r\u00e9f\u00e9rences conventionnelles du secteur et de son d\u00e9passement occasionnel de ces derni\u00e8res. Vamosbet a tiss\u00e9 une toile de protocoles de s\u00e9curit\u00e9 si serr\u00e9e qu&rsquo;elle garantit la tranquillit\u00e9 d&rsquo;esprit, permettant \u00e0 l&rsquo;utilisateur de se concentrer uniquement sur le plaisir du jeu.<\/p>\r\n\r\n<div class=\"wp-block-columns is-layout-flex wp-container-8 wp-block-columns-is-layout-flex\">\r\n<div class=\"wp-block-column is-layout-flow wp-block-column-is-layout-flow\" style=\"flex-basis: 60%;\">\r\n<h2 id=\"payment-systems-of-wamosbet-an-overview\"><strong>Syst\u00e8mes de paiement de Vamosbet<\/strong><\/h2>\r\n<p>Dans le labyrinthe des options de paiement en ligne, Vamosbet appara\u00eet comme un symbole de fiabilit\u00e9. Ils ont compris que l&rsquo;essence de chaque pari ne r\u00e9side pas seulement dans l&rsquo;anticipation d&rsquo;une victoire, mais aussi dans la confiance plac\u00e9e dans le mouvement des fonds. Avec un \u00e9ventail de moyens de paiement, allant de l&rsquo;omnipr\u00e9sence de Visa et Mastercard \u00e0 l&rsquo;intelligence num\u00e9rique de portefeuilles tels que Skrill et Neteller, la plate-forme s&rsquo;adresse \u00e0 une client\u00e8le diversifi\u00e9e. Au-del\u00e0 du conventionnel, Wamosbet embrasse l&rsquo;avenir gr\u00e2ce aux options de crypto-monnaie, offrant une couche suppl\u00e9mentaire d&rsquo;anonymat et de s\u00e9curit\u00e9.<\/p>\r\n<blockquote>Dans une \u00e8re num\u00e9rique o\u00f9 les cyber-menaces financi\u00e8res menacent, Vamosbet se distingue par son engagement en faveur de l&rsquo;int\u00e9grit\u00e9 transactionnelle\u00a0\u00bb, remarque un analyste financier de renom. \u00ab\u00a0Ses syst\u00e8mes de paiement \u00e0 multiples facettes soulignent son attachement \u00e0 la s\u00e9curit\u00e9 et \u00e0 la commodit\u00e9 de l&rsquo;utilisateur.<\/blockquote>\r\n<p>Ainsi, du premier d\u00e9p\u00f4t \u00e0 la joie du retrait, Wamosbet s&rsquo;assure que chaque transaction est aussi transparente que s\u00e9curis\u00e9e, laissant les clients se livrer \u00e0 l&rsquo;exp\u00e9rience du jeu en toute tranquillit\u00e9 d&rsquo;esprit.<\/p>\r\n<\/div>\r\n\r\n\r\n\r\n<div class=\"wp-block-column is-layout-flow wp-block-column-is-layout-flow\" style=\"flex-basis: 40%;\">\r\n<figure class=\"wp-block-image aligncenter size-full is-resized\"><img decoding=\"async\" loading=\"lazy\" class=\"wp-image-76 aligncenter\" src=\"https:\/\/vamosbet18.com\/wp-content\/uploads\/2023\/11\/Vamos-7.png\" alt=\"\" width=\"251\" height=\"365\" \/><\/figure>\r\n<\/div>\r\n<\/div>\r\n\r\n<section class=\"wp-block-columns\">\r\n<section class=\"wp-block-column\" style=\"flex-basis: 50%;\"><\/section>\r\n\r\n\r\n\r\n<section class=\"wp-block-buttons is-content-justification-center is-layout-flex wp-container-10 wp-block-buttons-is-layout-flex\">\r\n\r\n\r\n<section class=\"wp-block-button button_2\"><a class=\"wp-block-button__link has-white-color has-text-color wp-element-button\" href=\"\/go.php\" rel=\"nofollow\">JOUER<\/a><\/section>\r\n<\/section>\r\n<\/section>\r\n<\/section>\r\n<\/section>\r\n<\/section>","protected":false},"excerpt":{"rendered":"<p>Explication de la connexion et de l&rsquo;inscription \u00e0 Vamosbet L&rsquo;aventure Vamosbet commence par une proc\u00e9dure d&rsquo;inscription simple, con\u00e7ue pour \u00eatre rapide et s\u00e9curis\u00e9e, vous catapultant au c\u0153ur de l&rsquo;action avec un minimum d&rsquo;agitation. Voici ce que vous devez savoir pour commencer : Naviguez sur le site Web de Vamosbet et rep\u00e9rez le bouton \u00a0\u00bb S&rsquo;inscrire [&hellip;]<\/p>\n","protected":false},"author":1,"featured_media":0,"parent":0,"menu_order":0,"comment_status":"closed","ping_status":"closed","template":"","meta":{"_uag_custom_page_level_css":"","footnotes":""},"yoast_head":"<!-- This site is optimized with the Yoast SEO plugin v22.6 - https:\/\/yoast.com\/wordpress\/plugins\/seo\/ -->\n<title>Naviguer sur Vamosbet : guide de connexion et d&#039;inscription facile<\/title>\n<meta name=\"description\" content=\"Embarquez pour un voyage exaltant avec Vamosbet gr\u00e2ce \u00e0 un processus d&#039;inscription simplifi\u00e9 qui garantit un acc\u00e8s rapide \u00e0 toute l&#039;action avec un minimum de tracas.\" \/>\n<meta name=\"robots\" content=\"index, follow, max-snippet:-1, max-image-preview:large, max-video-preview:-1\" \/>\n<link rel=\"canonical\" href=\"https:\/\/vamosbet18.com\/fr\/vamosbet-login\/\" \/>\n<meta property=\"og:locale\" content=\"fr_FR\" \/>\n<meta property=\"og:type\" content=\"article\" \/>\n<meta property=\"og:title\" content=\"Naviguer sur Vamosbet : guide de connexion et d&#039;inscription facile\" \/>\n<meta property=\"og:description\" content=\"Embarquez pour un voyage exaltant avec Vamosbet gr\u00e2ce \u00e0 un processus d&#039;inscription simplifi\u00e9 qui garantit un acc\u00e8s rapide \u00e0 toute l&#039;action avec un minimum de tracas.\" \/>\n<meta property=\"og:url\" content=\"https:\/\/vamosbet18.com\/fr\/vamosbet-login\/\" \/>\n<meta property=\"og:site_name\" content=\"vamosbet18.com\" \/>\n<meta property=\"article:modified_time\" content=\"2025-04-17T07:58:50+00:00\" \/>\n<meta property=\"og:image\" content=\"https:\/\/vamosbet18.com\/wp-content\/uploads\/2023\/11\/6-e1701945798763.jpg\" \/>\n<meta name=\"twitter:card\" content=\"summary_large_image\" \/>\n<meta name=\"twitter:label1\" content=\"Dur\u00e9e de lecture estim\u00e9e\" \/>\n\t<meta name=\"twitter:data1\" content=\"4 minutes\" \/>\n<script type=\"application\/ld+json\" class=\"yoast-schema-graph\">{\"@context\":\"https:\/\/schema.org\",\"@graph\":[{\"@type\":\"WebPage\",\"@id\":\"https:\/\/vamosbet18.com\/fr\/vamosbet-login\/\",\"url\":\"https:\/\/vamosbet18.com\/fr\/vamosbet-login\/\",\"name\":\"Naviguer sur Vamosbet : guide de connexion et d'inscription facile\",\"isPartOf\":{\"@id\":\"https:\/\/vamosbet18.com\/#website\"},\"primaryImageOfPage\":{\"@id\":\"https:\/\/vamosbet18.com\/fr\/vamosbet-login\/#primaryimage\"},\"image\":{\"@id\":\"https:\/\/vamosbet18.com\/fr\/vamosbet-login\/#primaryimage\"},\"thumbnailUrl\":\"https:\/\/vamosbet18.com\/wp-content\/uploads\/2023\/11\/6-e1701945798763.jpg\",\"datePublished\":\"2024-02-08T12:04:54+00:00\",\"dateModified\":\"2025-04-17T07:58:50+00:00\",\"description\":\"Embarquez pour un voyage exaltant avec Vamosbet gr\u00e2ce \u00e0 un processus d'inscription simplifi\u00e9 qui garantit un acc\u00e8s rapide \u00e0 toute l'action avec un minimum de tracas.\",\"breadcrumb\":{\"@id\":\"https:\/\/vamosbet18.com\/fr\/vamosbet-login\/#breadcrumb\"},\"inLanguage\":\"fr-FR\",\"potentialAction\":[{\"@type\":\"ReadAction\",\"target\":[\"https:\/\/vamosbet18.com\/fr\/vamosbet-login\/\"]}]},{\"@type\":\"ImageObject\",\"inLanguage\":\"fr-FR\",\"@id\":\"https:\/\/vamosbet18.com\/fr\/vamosbet-login\/#primaryimage\",\"url\":\"https:\/\/vamosbet18.com\/wp-content\/uploads\/2023\/11\/6-e1701945798763.jpg\",\"contentUrl\":\"https:\/\/vamosbet18.com\/wp-content\/uploads\/2023\/11\/6-e1701945798763.jpg\"},{\"@type\":\"BreadcrumbList\",\"@id\":\"https:\/\/vamosbet18.com\/fr\/vamosbet-login\/#breadcrumb\",\"itemListElement\":[{\"@type\":\"ListItem\",\"position\":1,\"name\":\"Home\",\"item\":\"https:\/\/vamosbet18.com\/fr\/\"},{\"@type\":\"ListItem\",\"position\":2,\"name\":\"Vamosbet Login\"}]},{\"@type\":\"WebSite\",\"@id\":\"https:\/\/vamosbet18.com\/#website\",\"url\":\"https:\/\/vamosbet18.com\/\",\"name\":\"vamosbet18.com\",\"description\":\"\",\"publisher\":{\"@id\":\"https:\/\/vamosbet18.com\/#organization\"},\"potentialAction\":[{\"@type\":\"SearchAction\",\"target\":{\"@type\":\"EntryPoint\",\"urlTemplate\":\"https:\/\/vamosbet18.com\/?s={search_term_string}\"},\"query-input\":\"required name=search_term_string\"}],\"inLanguage\":\"fr-FR\"},{\"@type\":\"Organization\",\"@id\":\"https:\/\/vamosbet18.com\/#organization\",\"name\":\"vamosbet18.com\",\"url\":\"https:\/\/vamosbet18.com\/\",\"logo\":{\"@type\":\"ImageObject\",\"inLanguage\":\"fr-FR\",\"@id\":\"https:\/\/vamosbet18.com\/#\/schema\/logo\/image\/\",\"url\":\"https:\/\/vamosbet18.com\/wp-content\/uploads\/2023\/11\/Vamos-11.png\",\"contentUrl\":\"https:\/\/vamosbet18.com\/wp-content\/uploads\/2023\/11\/Vamos-11.png\",\"width\":171,\"height\":64,\"caption\":\"vamosbet18.com\"},\"image\":{\"@id\":\"https:\/\/vamosbet18.com\/#\/schema\/logo\/image\/\"}}]}<\/script>\n<!-- \/ Yoast SEO plugin. -->","yoast_head_json":{"title":"Naviguer sur Vamosbet : guide de connexion et d'inscription facile","description":"Embarquez pour un voyage exaltant avec Vamosbet gr\u00e2ce \u00e0 un processus d'inscription simplifi\u00e9 qui garantit un acc\u00e8s rapide \u00e0 toute l'action avec un minimum de tracas.","robots":{"index":"index","follow":"follow","max-snippet":"max-snippet:-1","max-image-preview":"max-image-preview:large","max-video-preview":"max-video-preview:-1"},"canonical":"https:\/\/vamosbet18.com\/fr\/vamosbet-login\/","og_locale":"fr_FR","og_type":"article","og_title":"Naviguer sur Vamosbet : guide de connexion et d'inscription facile","og_description":"Embarquez pour un voyage exaltant avec Vamosbet gr\u00e2ce \u00e0 un processus d'inscription simplifi\u00e9 qui garantit un acc\u00e8s rapide \u00e0 toute l'action avec un minimum de tracas.","og_url":"https:\/\/vamosbet18.com\/fr\/vamosbet-login\/","og_site_name":"vamosbet18.com","article_modified_time":"2025-04-17T07:58:50+00:00","og_image":[{"url":"https:\/\/vamosbet18.com\/wp-content\/uploads\/2023\/11\/6-e1701945798763.jpg"}],"twitter_card":"summary_large_image","twitter_misc":{"Dur\u00e9e de lecture estim\u00e9e":"4 minutes"},"schema":{"@context":"https:\/\/schema.org","@graph":[{"@type":"WebPage","@id":"https:\/\/vamosbet18.com\/fr\/vamosbet-login\/","url":"https:\/\/vamosbet18.com\/fr\/vamosbet-login\/","name":"Naviguer sur Vamosbet : guide de connexion et d'inscription facile","isPartOf":{"@id":"https:\/\/vamosbet18.com\/#website"},"primaryImageOfPage":{"@id":"https:\/\/vamosbet18.com\/fr\/vamosbet-login\/#primaryimage"},"image":{"@id":"https:\/\/vamosbet18.com\/fr\/vamosbet-login\/#primaryimage"},"thumbnailUrl":"https:\/\/vamosbet18.com\/wp-content\/uploads\/2023\/11\/6-e1701945798763.jpg","datePublished":"2024-02-08T12:04:54+00:00","dateModified":"2025-04-17T07:58:50+00:00","description":"Embarquez pour un voyage exaltant avec Vamosbet gr\u00e2ce \u00e0 un processus d'inscription simplifi\u00e9 qui garantit un acc\u00e8s rapide \u00e0 toute l'action avec un minimum de tracas.","breadcrumb":{"@id":"https:\/\/vamosbet18.com\/fr\/vamosbet-login\/#breadcrumb"},"inLanguage":"fr-FR","potentialAction":[{"@type":"ReadAction","target":["https:\/\/vamosbet18.com\/fr\/vamosbet-login\/"]}]},{"@type":"ImageObject","inLanguage":"fr-FR","@id":"https:\/\/vamosbet18.com\/fr\/vamosbet-login\/#primaryimage","url":"https:\/\/vamosbet18.com\/wp-content\/uploads\/2023\/11\/6-e1701945798763.jpg","contentUrl":"https:\/\/vamosbet18.com\/wp-content\/uploads\/2023\/11\/6-e1701945798763.jpg"},{"@type":"BreadcrumbList","@id":"https:\/\/vamosbet18.com\/fr\/vamosbet-login\/#breadcrumb","itemListElement":[{"@type":"ListItem","position":1,"name":"Home","item":"https:\/\/vamosbet18.com\/fr\/"},{"@type":"ListItem","position":2,"name":"Vamosbet Login"}]},{"@type":"WebSite","@id":"https:\/\/vamosbet18.com\/#website","url":"https:\/\/vamosbet18.com\/","name":"vamosbet18.com","description":"","publisher":{"@id":"https:\/\/vamosbet18.com\/#organization"},"potentialAction":[{"@type":"SearchAction","target":{"@type":"EntryPoint","urlTemplate":"https:\/\/vamosbet18.com\/?s={search_term_string}"},"query-input":"required name=search_term_string"}],"inLanguage":"fr-FR"},{"@type":"Organization","@id":"https:\/\/vamosbet18.com\/#organization","name":"vamosbet18.com","url":"https:\/\/vamosbet18.com\/","logo":{"@type":"ImageObject","inLanguage":"fr-FR","@id":"https:\/\/vamosbet18.com\/#\/schema\/logo\/image\/","url":"https:\/\/vamosbet18.com\/wp-content\/uploads\/2023\/11\/Vamos-11.png","contentUrl":"https:\/\/vamosbet18.com\/wp-content\/uploads\/2023\/11\/Vamos-11.png","width":171,"height":64,"caption":"vamosbet18.com"},"image":{"@id":"https:\/\/vamosbet18.com\/#\/schema\/logo\/image\/"}}]}},"uagb_featured_image_src":{"full":false,"thumbnail":false,"medium":false,"medium_large":false,"large":false,"1536x1536":false,"2048x2048":false},"uagb_author_info":{"display_name":"sol_casino20","author_link":"https:\/\/vamosbet18.com\/fr\/author\/vamosbet18.com\/fr\/"},"uagb_comment_info":0,"uagb_excerpt":"Explication de la connexion et de l&rsquo;inscription \u00e0 Vamosbet L&rsquo;aventure Vamosbet commence par une proc\u00e9dure d&rsquo;inscription simple, con\u00e7ue pour \u00eatre rapide et s\u00e9curis\u00e9e, vous catapultant au c\u0153ur de l&rsquo;action avec un minimum d&rsquo;agitation. Voici ce que vous devez savoir pour commencer : Naviguez sur le site Web de Vamosbet et rep\u00e9rez le bouton \u00a0\u00bb S&rsquo;inscrire\u2026","_links":{"self":[{"href":"https:\/\/vamosbet18.com\/fr\/wp-json\/wp\/v2\/pages\/352"}],"collection":[{"href":"https:\/\/vamosbet18.com\/fr\/wp-json\/wp\/v2\/pages"}],"about":[{"href":"https:\/\/vamosbet18.com\/fr\/wp-json\/wp\/v2\/types\/page"}],"author":[{"embeddable":true,"href":"https:\/\/vamosbet18.com\/fr\/wp-json\/wp\/v2\/users\/1"}],"replies":[{"embeddable":true,"href":"https:\/\/vamosbet18.com\/fr\/wp-json\/wp\/v2\/comments?post=352"}],"version-history":[{"count":5,"href":"https:\/\/vamosbet18.com\/fr\/wp-json\/wp\/v2\/pages\/352\/revisions"}],"predecessor-version":[{"id":533,"href":"https:\/\/vamosbet18.com\/fr\/wp-json\/wp\/v2\/pages\/352\/revisions\/533"}],"wp:attachment":[{"href":"https:\/\/vamosbet18.com\/fr\/wp-json\/wp\/v2\/media?parent=352"}],"curies":[{"name":"wp","href":"https:\/\/api.w.org\/{rel}","templated":true}]}}